{"id":978,"date":"2020-12-02T22:32:37","date_gmt":"2020-12-02T21:32:37","guid":{"rendered":"https:\/\/multilogkft.hu\/szolgaltatasok\/kozvetett-vamkepviselet\/"},"modified":"2021-05-30T20:12:23","modified_gmt":"2021-05-30T18:12:23","slug":"indirect-customs-representation","status":"publish","type":"page","link":"https:\/\/multilog.hu\/en\/our-services\/indirect-customs-representation\/","title":{"rendered":"Indirect customs representation"},"content":{"rendered":"<p>As an indirect customs representative, we act in our own name, as a customs agency, on behalf of our clients. In this case, the obligation to pay the customs burden is borne by the indirect customs representative - in this case Multilog Kft.<\/p>\n\n<p>In the customs decision on release for free circulation, National Tax and Customs Administration of Hungary (NAV) communicates VAT only for information purposes, so it does not have to be paid, it only needs to be indicated in our company's periodically current tax return. In all cases, we prepare a declaration (Declaration on the establishment and declaration of import VAT as payable tax) for our customers so that they can hand it over to their own books. We take care of the payment of the duty payable and settle it with our client. A copy of the customs debt payment certificate confirming the fact of payment, which can be downloaded from the e-bank, will be sent electronically to the person designated by our client (accounting, finance).<\/p>\n\n<p>Since the import VAT is normally paid at the time of customs clearance and can then be reclaimed, so our service helps the importer's liquidity by not having to pay 27% VAT on the goods as an end-user at all, to be paid to the general government from the amount paid.<\/p>\n\n<p><u>Basic conditions for using the service:<\/u><\/p>\n\n<ul class=\"wp-block-list\"><li>The service can only be used by an importer who is entitled to a full deduction. This means that it is subject to normal VAT, the middle digit of your tax number (XXXXXXXX-2-XX) is 2<\/li><li>The import transaction, commercial documents, imported goods and complete documentation must comply with the applicable legislation of the EU Customs Code.<\/li><\/ul>\n\n<p><u>Service process:<\/u><\/p>\n\n<ol class=\"wp-block-list\"><li>Our customs agency screens the importing company, and we subject the entire foreign trade transaction to  risk analysis. To do this, you can request data and company documents.<\/li><li>In case of a positive assessment, we conclude the framework contract<\/li><li>The importer gives an indirect customs representation mandate to our customs agency<\/li><li>The importer assigns his right of deduction to our customs agency in a declaration<\/li><li>Our customs agency carries out customs clearance on behalf of the agency as an indirect customs representative<\/li><li>If the importer has not previously done so based on a pre-calculation, the amount of duty imposed based on the customs decision will be transferred by the importer to our customs agency, which will then pay it to National Tax and Customs Administration of Hungary (NAV).<\/li><li>The accountant of our customs agency indicates the amount of import VAT in the VAT return for the month in question<\/li><li>Our customs agency will issue and send a declaration certifying to the importer that it will arrange for the establishment and declaration of VAT as a tax payable in accordance with the legal obligations referred to.<\/li><\/ol>\n\n<p><u>Necessary documents:<\/u><\/p>\n\n<ul class=\"list-disc wp-block-list\"><li>Copy of the signature address entitled to sign<\/li><li>Customs orders<\/li><li>Agency framework agreement<\/li><li>Declaration of assignment of right to deduct<\/li><\/ul>","protected":false},"excerpt":{"rendered":"<p>As an indirect customs representative, we act in our own name, as a customs agency, on behalf of our clients. In this case, the obligation to pay the customs burden is borne by the indirect customs representative - in this case Multilog Kft. In the customs decision on release for free circulation, National Tax and [&hellip;]<\/p>\n","protected":false},"author":1,"featured_media":1865,"parent":975,"menu_order":32,"comment_status":"closed","ping_status":"closed","template":"","meta":{"footnotes":"","_links_to":"","_links_to_target":""},"tags":[113],"class_list":["post-978","page","type-page","status-publish","has-post-thumbnail","hentry","tag-our-services"],"yoast_head":"<title>Indirect customs representation - Multilog Kft. | V\u00e1m\u00fcgyn\u00f6ks\u00e9g - Import-Export \u00fcgyint\u00e9z\u00e9s<\/title>\n<meta name=\"description\" content=\"Multilog Kft. | V\u00e1m\u00fcgyn\u00f6ks\u00e9g - Import-Export \u00fcgyint\u00e9z\u00e9s\" \/>\n<meta name=\"robots\" content=\"index, follow, max-snippet:-1, max-image-preview:large, max-video-preview:-1\" \/>\n<link rel=\"canonical\" href=\"https:\/\/multilog.hu\/en\/our-services\/indirect-customs-representation\/?lang=en\" \/>\n<meta property=\"og:locale\" content=\"en_GB\" \/>\n<meta property=\"og:type\" content=\"article\" \/>\n<meta property=\"og:title\" content=\"Indirect customs representation - Multilog Kft. | V\u00e1m\u00fcgyn\u00f6ks\u00e9g - Import-Export \u00fcgyint\u00e9z\u00e9s\" \/>\n<meta property=\"og:description\" content=\"Multilog Kft. | V\u00e1m\u00fcgyn\u00f6ks\u00e9g - Import-Export \u00fcgyint\u00e9z\u00e9s\" \/>\n<meta property=\"og:url\" content=\"https:\/\/multilog.hu\/en\/our-services\/indirect-customs-representation\/?lang=en\" \/>\n<meta property=\"og:site_name\" content=\"Multilog Kft. | V\u00e1m\u00fcgyn\u00f6ks\u00e9g - Import-Export \u00fcgyint\u00e9z\u00e9s\" \/>\n<meta property=\"article:modified_time\" content=\"2021-05-30T18:12:23+00:00\" \/>\n<meta property=\"og:image\" content=\"https:\/\/multilog.hu\/wp-content\/uploads\/2020\/12\/336-scaled-e1607977768342.jpg\" \/>\n\t<meta property=\"og:image:width\" content=\"500\" \/>\n\t<meta property=\"og:image:height\" content=\"500\" \/>\n\t<meta property=\"og:image:type\" content=\"image\/jpeg\" \/>\n<meta name=\"twitter:card\" content=\"summary_large_image\" \/>\n<meta name=\"twitter:label1\" content=\"Estimated reading time\" \/>\n\t<meta name=\"twitter:data1\" content=\"2 minutes\" \/>\n<script type=\"application\/ld+json\" class=\"yoast-schema-graph\">{\"@context\":\"https:\\\/\\\/schema.org\",\"@graph\":[{\"@type\":\"WebPage\",\"@id\":\"https:\\\/\\\/multilog.hu\\\/our-services\\\/indirect-customs-representation\\\/?lang=en\",\"url\":\"https:\\\/\\\/multilog.hu\\\/our-services\\\/indirect-customs-representation\\\/?lang=en\",\"name\":\"Indirect customs representation - Multilog Kft. | V\u00e1m\u00fcgyn\u00f6ks\u00e9g - Import-Export \u00fcgyint\u00e9z\u00e9s\",\"isPartOf\":{\"@id\":\"https:\\\/\\\/multilog.hu\\\/#website\"},\"primaryImageOfPage\":{\"@id\":\"https:\\\/\\\/multilog.hu\\\/our-services\\\/indirect-customs-representation\\\/?lang=en#primaryimage\"},\"image\":{\"@id\":\"https:\\\/\\\/multilog.hu\\\/our-services\\\/indirect-customs-representation\\\/?lang=en#primaryimage\"},\"thumbnailUrl\":\"https:\\\/\\\/multilog.hu\\\/wp-content\\\/uploads\\\/2026\\\/04\\\/iroda.jpg\",\"datePublished\":\"2020-12-02T21:32:37+00:00\",\"dateModified\":\"2021-05-30T18:12:23+00:00\",\"description\":\"Multilog Kft. | V\u00e1m\u00fcgyn\u00f6ks\u00e9g - Import-Export \u00fcgyint\u00e9z\u00e9s\",\"breadcrumb\":{\"@id\":\"https:\\\/\\\/multilog.hu\\\/our-services\\\/indirect-customs-representation\\\/?lang=en#breadcrumb\"},\"inLanguage\":\"en-GB\",\"potentialAction\":[{\"@type\":\"ReadAction\",\"target\":[\"https:\\\/\\\/multilog.hu\\\/our-services\\\/indirect-customs-representation\\\/?lang=en\"]}]},{\"@type\":\"ImageObject\",\"inLanguage\":\"en-GB\",\"@id\":\"https:\\\/\\\/multilog.hu\\\/our-services\\\/indirect-customs-representation\\\/?lang=en#primaryimage\",\"url\":\"https:\\\/\\\/multilog.hu\\\/wp-content\\\/uploads\\\/2026\\\/04\\\/iroda.jpg\",\"contentUrl\":\"https:\\\/\\\/multilog.hu\\\/wp-content\\\/uploads\\\/2026\\\/04\\\/iroda.jpg\",\"width\":636,\"height\":633},{\"@type\":\"BreadcrumbList\",\"@id\":\"https:\\\/\\\/multilog.hu\\\/our-services\\\/indirect-customs-representation\\\/?lang=en#breadcrumb\",\"itemListElement\":[{\"@type\":\"ListItem\",\"position\":1,\"name\":\"F\u0151oldal\",\"item\":\"https:\\\/\\\/multilog.hu\\\/fooldal-2\\\/\"},{\"@type\":\"ListItem\",\"position\":2,\"name\":\"Our services\",\"item\":\"https:\\\/\\\/multilog.hu\\\/our-services\\\/?lang=en\"},{\"@type\":\"ListItem\",\"position\":3,\"name\":\"Indirect customs representation\"}]},{\"@type\":\"WebSite\",\"@id\":\"https:\\\/\\\/multilog.hu\\\/#website\",\"url\":\"https:\\\/\\\/multilog.hu\\\/\",\"name\":\"Multilog Kft. | V\u00e1m\u00fcgyn\u00f6ks\u00e9g - Import-Export \u00fcgyint\u00e9z\u00e9s\",\"description\":\"A Multilog Kft. 20 \u00e9ves tapasztalattal \u00e9s \u00fajszer\u0171 digit\u00e1lis megold\u00e1sokkal  teszi hat\u00e9konny\u00e1 \u00e9s g\u00f6rd\u00fcl\u00e9kenny\u00e9 a v\u00e1m\u00fcgyint\u00e9z\u00e9st.  K\u00e9rj\u00fck n\u00e9zze meg szolg\u00e1ltat\u00e1sainkat \u00e9s keressen minket bizalommal!\",\"publisher\":{\"@id\":\"https:\\\/\\\/multilog.hu\\\/#organization\"},\"potentialAction\":[{\"@type\":\"SearchAction\",\"target\":{\"@type\":\"EntryPoint\",\"urlTemplate\":\"https:\\\/\\\/multilog.hu\\\/?s={search_term_string}\"},\"query-input\":{\"@type\":\"PropertyValueSpecification\",\"valueRequired\":true,\"valueName\":\"search_term_string\"}}],\"inLanguage\":\"en-GB\"},{\"@type\":\"Organization\",\"@id\":\"https:\\\/\\\/multilog.hu\\\/#organization\",\"name\":\"Multilog Kft.\",\"url\":\"https:\\\/\\\/multilog.hu\\\/\",\"logo\":{\"@type\":\"ImageObject\",\"inLanguage\":\"en-GB\",\"@id\":\"https:\\\/\\\/multilog.hu\\\/#\\\/schema\\\/logo\\\/image\\\/\",\"url\":\"https:\\\/\\\/multilog.hu\\\/wp-content\\\/uploads\\\/2020\\\/12\\\/main_logo.png\",\"contentUrl\":\"https:\\\/\\\/multilog.hu\\\/wp-content\\\/uploads\\\/2020\\\/12\\\/main_logo.png\",\"width\":1652,\"height\":757,\"caption\":\"Multilog Kft.\"},\"image\":{\"@id\":\"https:\\\/\\\/multilog.hu\\\/#\\\/schema\\\/logo\\\/image\\\/\"}}]}<\/script>","yoast_head_json":{"title":"Indirect customs representation - Multilog Kft. | V\u00e1m\u00fcgyn\u00f6ks\u00e9g - Import-Export \u00fcgyint\u00e9z\u00e9s","description":"Multilog Kft. | V\u00e1m\u00fcgyn\u00f6ks\u00e9g - Import-Export \u00fcgyint\u00e9z\u00e9s","robots":{"index":"index","follow":"follow","max-snippet":"max-snippet:-1","max-image-preview":"max-image-preview:large","max-video-preview":"max-video-preview:-1"},"canonical":"https:\/\/multilog.hu\/en\/our-services\/indirect-customs-representation\/?lang=en","og_locale":"en_GB","og_type":"article","og_title":"Indirect customs representation - Multilog Kft. | V\u00e1m\u00fcgyn\u00f6ks\u00e9g - Import-Export \u00fcgyint\u00e9z\u00e9s","og_description":"Multilog Kft. | V\u00e1m\u00fcgyn\u00f6ks\u00e9g - Import-Export \u00fcgyint\u00e9z\u00e9s","og_url":"https:\/\/multilog.hu\/en\/our-services\/indirect-customs-representation\/?lang=en","og_site_name":"Multilog Kft. | V\u00e1m\u00fcgyn\u00f6ks\u00e9g - Import-Export \u00fcgyint\u00e9z\u00e9s","article_modified_time":"2021-05-30T18:12:23+00:00","og_image":[{"width":500,"height":500,"url":"https:\/\/multilog.hu\/wp-content\/uploads\/2020\/12\/336-scaled-e1607977768342.jpg","type":"image\/jpeg"}],"twitter_card":"summary_large_image","twitter_misc":{"Estimated reading time":"2 minutes"},"schema":{"@context":"https:\/\/schema.org","@graph":[{"@type":"WebPage","@id":"https:\/\/multilog.hu\/our-services\/indirect-customs-representation\/?lang=en","url":"https:\/\/multilog.hu\/our-services\/indirect-customs-representation\/?lang=en","name":"Indirect customs representation - Multilog Kft. | V\u00e1m\u00fcgyn\u00f6ks\u00e9g - Import-Export \u00fcgyint\u00e9z\u00e9s","isPartOf":{"@id":"https:\/\/multilog.hu\/#website"},"primaryImageOfPage":{"@id":"https:\/\/multilog.hu\/our-services\/indirect-customs-representation\/?lang=en#primaryimage"},"image":{"@id":"https:\/\/multilog.hu\/our-services\/indirect-customs-representation\/?lang=en#primaryimage"},"thumbnailUrl":"https:\/\/multilog.hu\/wp-content\/uploads\/2026\/04\/iroda.jpg","datePublished":"2020-12-02T21:32:37+00:00","dateModified":"2021-05-30T18:12:23+00:00","description":"Multilog Kft. | V\u00e1m\u00fcgyn\u00f6ks\u00e9g - Import-Export \u00fcgyint\u00e9z\u00e9s","breadcrumb":{"@id":"https:\/\/multilog.hu\/our-services\/indirect-customs-representation\/?lang=en#breadcrumb"},"inLanguage":"en-GB","potentialAction":[{"@type":"ReadAction","target":["https:\/\/multilog.hu\/our-services\/indirect-customs-representation\/?lang=en"]}]},{"@type":"ImageObject","inLanguage":"en-GB","@id":"https:\/\/multilog.hu\/our-services\/indirect-customs-representation\/?lang=en#primaryimage","url":"https:\/\/multilog.hu\/wp-content\/uploads\/2026\/04\/iroda.jpg","contentUrl":"https:\/\/multilog.hu\/wp-content\/uploads\/2026\/04\/iroda.jpg","width":636,"height":633},{"@type":"BreadcrumbList","@id":"https:\/\/multilog.hu\/our-services\/indirect-customs-representation\/?lang=en#breadcrumb","itemListElement":[{"@type":"ListItem","position":1,"name":"F\u0151oldal","item":"https:\/\/multilog.hu\/fooldal-2\/"},{"@type":"ListItem","position":2,"name":"Our services","item":"https:\/\/multilog.hu\/our-services\/?lang=en"},{"@type":"ListItem","position":3,"name":"Indirect customs representation"}]},{"@type":"WebSite","@id":"https:\/\/multilog.hu\/#website","url":"https:\/\/multilog.hu\/","name":"Multilog Kft. | V\u00e1m\u00fcgyn\u00f6ks\u00e9g - Import-Export \u00fcgyint\u00e9z\u00e9s","description":"A Multilog Kft. 20 \u00e9ves tapasztalattal \u00e9s \u00fajszer\u0171 digit\u00e1lis megold\u00e1sokkal  teszi hat\u00e9konny\u00e1 \u00e9s g\u00f6rd\u00fcl\u00e9kenny\u00e9 a v\u00e1m\u00fcgyint\u00e9z\u00e9st.  K\u00e9rj\u00fck n\u00e9zze meg szolg\u00e1ltat\u00e1sainkat \u00e9s keressen minket bizalommal!","publisher":{"@id":"https:\/\/multilog.hu\/#organization"},"potentialAction":[{"@type":"SearchAction","target":{"@type":"EntryPoint","urlTemplate":"https:\/\/multilog.hu\/?s={search_term_string}"},"query-input":{"@type":"PropertyValueSpecification","valueRequired":true,"valueName":"search_term_string"}}],"inLanguage":"en-GB"},{"@type":"Organization","@id":"https:\/\/multilog.hu\/#organization","name":"Multilog Kft.","url":"https:\/\/multilog.hu\/","logo":{"@type":"ImageObject","inLanguage":"en-GB","@id":"https:\/\/multilog.hu\/#\/schema\/logo\/image\/","url":"https:\/\/multilog.hu\/wp-content\/uploads\/2020\/12\/main_logo.png","contentUrl":"https:\/\/multilog.hu\/wp-content\/uploads\/2020\/12\/main_logo.png","width":1652,"height":757,"caption":"Multilog Kft."},"image":{"@id":"https:\/\/multilog.hu\/#\/schema\/logo\/image\/"}}]}},"_links":{"self":[{"href":"https:\/\/multilog.hu\/en\/wp-json\/wp\/v2\/pages\/978","targetHints":{"allow":["GET"]}}],"collection":[{"href":"https:\/\/multilog.hu\/en\/wp-json\/wp\/v2\/pages"}],"about":[{"href":"https:\/\/multilog.hu\/en\/wp-json\/wp\/v2\/types\/page"}],"author":[{"embeddable":true,"href":"https:\/\/multilog.hu\/en\/wp-json\/wp\/v2\/users\/1"}],"replies":[{"embeddable":true,"href":"https:\/\/multilog.hu\/en\/wp-json\/wp\/v2\/comments?post=978"}],"version-history":[{"count":2,"href":"https:\/\/multilog.hu\/en\/wp-json\/wp\/v2\/pages\/978\/revisions"}],"predecessor-version":[{"id":1112,"href":"https:\/\/multilog.hu\/en\/wp-json\/wp\/v2\/pages\/978\/revisions\/1112"}],"up":[{"embeddable":true,"href":"https:\/\/multilog.hu\/en\/wp-json\/wp\/v2\/pages\/975"}],"wp:featuredmedia":[{"embeddable":true,"href":"https:\/\/multilog.hu\/en\/wp-json\/wp\/v2\/media\/1865"}],"wp:attachment":[{"href":"https:\/\/multilog.hu\/en\/wp-json\/wp\/v2\/media?parent=978"}],"wp:term":[{"taxonomy":"post_tag","embeddable":true,"href":"https:\/\/multilog.hu\/en\/wp-json\/wp\/v2\/tags?post=978"}],"curies":[{"name":"wp","href":"https:\/\/api.w.org\/{rel}","templated":true}]}}