{"id":976,"date":"2020-12-02T22:32:12","date_gmt":"2020-12-02T21:32:12","guid":{"rendered":"https:\/\/multilogkft.hu\/szolgaltatasok\/szabad-forgalomba-bocsajtas\/"},"modified":"2021-06-14T08:36:47","modified_gmt":"2021-06-14T06:36:47","slug":"release-for-free-circulation","status":"publish","type":"page","link":"https:\/\/multilog.hu\/en\/our-services\/release-for-free-circulation\/","title":{"rendered":"Release for free circulation"},"content":{"rendered":"<p>Release for free circulation is a customs elimination procedure. Typically, for goods arriving in the EU from a third country, it starts with the submission of an electronic customs declaration and ends with the imposition and payment of duties and other public charges based on the decision of the National Tax and Customs Administration of Hungary (NAV).<\/p>\n<p>From the point of view of customs representation, we distinguish the following:<\/p>\n<ul>\n<li>in the case of a direct customs representative, we act in the name and on behalf of the principal.<\/li>\n<li>as an indirect customs representative, we act in our own name, as a customs agency, on behalf of our principals.<\/li>\n<\/ul>","protected":false},"excerpt":{"rendered":"<p>Release for free circulation is a customs elimination procedure. Typically, for goods arriving in the EU from a third country, it starts with the submission of an electronic customs declaration and ends with the imposition and payment of duties and other public charges based on the decision of the National Tax and Customs Administration of [&hellip;]<\/p>\n","protected":false},"author":1,"featured_media":977,"parent":975,"menu_order":31,"comment_status":"closed","ping_status":"closed","template":"","meta":{"footnotes":"","_links_to":"","_links_to_target":""},"tags":[113],"class_list":["post-976","page","type-page","status-publish","has-post-thumbnail","hentry","tag-our-services"],"yoast_head":"<title>Release for free circulation - Multilog Kft. | V\u00e1m\u00fcgyn\u00f6ks\u00e9g - Import-Export \u00fcgyint\u00e9z\u00e9s<\/title>\n<meta name=\"description\" content=\"Multilog Kft. | V\u00e1m\u00fcgyn\u00f6ks\u00e9g - Import-Export \u00fcgyint\u00e9z\u00e9s\" \/>\n<meta name=\"robots\" content=\"index, follow, max-snippet:-1, max-image-preview:large, max-video-preview:-1\" \/>\n<link rel=\"canonical\" href=\"https:\/\/multilog.hu\/en\/our-services\/release-for-free-circulation\/?lang=en\" \/>\n<meta property=\"og:locale\" content=\"en_GB\" \/>\n<meta property=\"og:type\" content=\"article\" \/>\n<meta property=\"og:title\" content=\"Release for free circulation - Multilog Kft. | V\u00e1m\u00fcgyn\u00f6ks\u00e9g - Import-Export \u00fcgyint\u00e9z\u00e9s\" \/>\n<meta property=\"og:description\" content=\"Multilog Kft. | V\u00e1m\u00fcgyn\u00f6ks\u00e9g - Import-Export \u00fcgyint\u00e9z\u00e9s\" \/>\n<meta property=\"og:url\" content=\"https:\/\/multilog.hu\/en\/our-services\/release-for-free-circulation\/?lang=en\" \/>\n<meta property=\"og:site_name\" content=\"Multilog Kft. | V\u00e1m\u00fcgyn\u00f6ks\u00e9g - Import-Export \u00fcgyint\u00e9z\u00e9s\" \/>\n<meta property=\"article:modified_time\" content=\"2021-06-14T06:36:47+00:00\" \/>\n<meta property=\"og:image\" content=\"https:\/\/multilog.hu\/wp-content\/uploads\/2020\/12\/1281-scaled-e1607977784321.jpg\" \/>\n\t<meta property=\"og:image:width\" content=\"500\" \/>\n\t<meta property=\"og:image:height\" content=\"500\" \/>\n\t<meta property=\"og:image:type\" content=\"image\/jpeg\" \/>\n<meta name=\"twitter:card\" content=\"summary_large_image\" \/>\n<meta name=\"twitter:label1\" content=\"Estimated reading time\" \/>\n\t<meta name=\"twitter:data1\" content=\"1 minute\" \/>\n<script type=\"application\/ld+json\" class=\"yoast-schema-graph\">{\"@context\":\"https:\\\/\\\/schema.org\",\"@graph\":[{\"@type\":\"WebPage\",\"@id\":\"https:\\\/\\\/multilog.hu\\\/our-services\\\/release-for-free-circulation\\\/?lang=en\",\"url\":\"https:\\\/\\\/multilog.hu\\\/our-services\\\/release-for-free-circulation\\\/?lang=en\",\"name\":\"Release for free circulation - Multilog Kft. | V\u00e1m\u00fcgyn\u00f6ks\u00e9g - Import-Export \u00fcgyint\u00e9z\u00e9s\",\"isPartOf\":{\"@id\":\"https:\\\/\\\/multilog.hu\\\/#website\"},\"primaryImageOfPage\":{\"@id\":\"https:\\\/\\\/multilog.hu\\\/our-services\\\/release-for-free-circulation\\\/?lang=en#primaryimage\"},\"image\":{\"@id\":\"https:\\\/\\\/multilog.hu\\\/our-services\\\/release-for-free-circulation\\\/?lang=en#primaryimage\"},\"thumbnailUrl\":\"https:\\\/\\\/multilog.hu\\\/wp-content\\\/uploads\\\/2020\\\/12\\\/1281-scaled-e1607977784321.jpg\",\"datePublished\":\"2020-12-02T21:32:12+00:00\",\"dateModified\":\"2021-06-14T06:36:47+00:00\",\"description\":\"Multilog Kft. | V\u00e1m\u00fcgyn\u00f6ks\u00e9g - Import-Export \u00fcgyint\u00e9z\u00e9s\",\"breadcrumb\":{\"@id\":\"https:\\\/\\\/multilog.hu\\\/our-services\\\/release-for-free-circulation\\\/?lang=en#breadcrumb\"},\"inLanguage\":\"en-GB\",\"potentialAction\":[{\"@type\":\"ReadAction\",\"target\":[\"https:\\\/\\\/multilog.hu\\\/our-services\\\/release-for-free-circulation\\\/?lang=en\"]}]},{\"@type\":\"ImageObject\",\"inLanguage\":\"en-GB\",\"@id\":\"https:\\\/\\\/multilog.hu\\\/our-services\\\/release-for-free-circulation\\\/?lang=en#primaryimage\",\"url\":\"https:\\\/\\\/multilog.hu\\\/wp-content\\\/uploads\\\/2020\\\/12\\\/1281-scaled-e1607977784321.jpg\",\"contentUrl\":\"https:\\\/\\\/multilog.hu\\\/wp-content\\\/uploads\\\/2020\\\/12\\\/1281-scaled-e1607977784321.jpg\",\"width\":500,\"height\":500,\"caption\":\"Industrial Container yard for Logistic Import Export business\"},{\"@type\":\"BreadcrumbList\",\"@id\":\"https:\\\/\\\/multilog.hu\\\/our-services\\\/release-for-free-circulation\\\/?lang=en#breadcrumb\",\"itemListElement\":[{\"@type\":\"ListItem\",\"position\":1,\"name\":\"F\u0151oldal\",\"item\":\"https:\\\/\\\/multilog.hu\\\/fooldal-2\\\/\"},{\"@type\":\"ListItem\",\"position\":2,\"name\":\"Our services\",\"item\":\"https:\\\/\\\/multilog.hu\\\/our-services\\\/?lang=en\"},{\"@type\":\"ListItem\",\"position\":3,\"name\":\"Release for free circulation\"}]},{\"@type\":\"WebSite\",\"@id\":\"https:\\\/\\\/multilog.hu\\\/#website\",\"url\":\"https:\\\/\\\/multilog.hu\\\/\",\"name\":\"Multilog Kft. | V\u00e1m\u00fcgyn\u00f6ks\u00e9g - Import-Export \u00fcgyint\u00e9z\u00e9s\",\"description\":\"A Multilog Kft. 20 \u00e9ves tapasztalattal \u00e9s \u00fajszer\u0171 digit\u00e1lis megold\u00e1sokkal  teszi hat\u00e9konny\u00e1 \u00e9s g\u00f6rd\u00fcl\u00e9kenny\u00e9 a v\u00e1m\u00fcgyint\u00e9z\u00e9st.  K\u00e9rj\u00fck n\u00e9zze meg szolg\u00e1ltat\u00e1sainkat \u00e9s keressen minket bizalommal!\",\"publisher\":{\"@id\":\"https:\\\/\\\/multilog.hu\\\/#organization\"},\"potentialAction\":[{\"@type\":\"SearchAction\",\"target\":{\"@type\":\"EntryPoint\",\"urlTemplate\":\"https:\\\/\\\/multilog.hu\\\/?s={search_term_string}\"},\"query-input\":{\"@type\":\"PropertyValueSpecification\",\"valueRequired\":true,\"valueName\":\"search_term_string\"}}],\"inLanguage\":\"en-GB\"},{\"@type\":\"Organization\",\"@id\":\"https:\\\/\\\/multilog.hu\\\/#organization\",\"name\":\"Multilog Kft.\",\"url\":\"https:\\\/\\\/multilog.hu\\\/\",\"logo\":{\"@type\":\"ImageObject\",\"inLanguage\":\"en-GB\",\"@id\":\"https:\\\/\\\/multilog.hu\\\/#\\\/schema\\\/logo\\\/image\\\/\",\"url\":\"https:\\\/\\\/multilog.hu\\\/wp-content\\\/uploads\\\/2020\\\/12\\\/main_logo.png\",\"contentUrl\":\"https:\\\/\\\/multilog.hu\\\/wp-content\\\/uploads\\\/2020\\\/12\\\/main_logo.png\",\"width\":1652,\"height\":757,\"caption\":\"Multilog Kft.\"},\"image\":{\"@id\":\"https:\\\/\\\/multilog.hu\\\/#\\\/schema\\\/logo\\\/image\\\/\"}}]}<\/script>","yoast_head_json":{"title":"Release for free circulation - Multilog Kft. | V\u00e1m\u00fcgyn\u00f6ks\u00e9g - Import-Export \u00fcgyint\u00e9z\u00e9s","description":"Multilog Kft. | V\u00e1m\u00fcgyn\u00f6ks\u00e9g - Import-Export \u00fcgyint\u00e9z\u00e9s","robots":{"index":"index","follow":"follow","max-snippet":"max-snippet:-1","max-image-preview":"max-image-preview:large","max-video-preview":"max-video-preview:-1"},"canonical":"https:\/\/multilog.hu\/en\/our-services\/release-for-free-circulation\/?lang=en","og_locale":"en_GB","og_type":"article","og_title":"Release for free circulation - Multilog Kft. | V\u00e1m\u00fcgyn\u00f6ks\u00e9g - Import-Export \u00fcgyint\u00e9z\u00e9s","og_description":"Multilog Kft. | V\u00e1m\u00fcgyn\u00f6ks\u00e9g - Import-Export \u00fcgyint\u00e9z\u00e9s","og_url":"https:\/\/multilog.hu\/en\/our-services\/release-for-free-circulation\/?lang=en","og_site_name":"Multilog Kft. | V\u00e1m\u00fcgyn\u00f6ks\u00e9g - Import-Export \u00fcgyint\u00e9z\u00e9s","article_modified_time":"2021-06-14T06:36:47+00:00","og_image":[{"width":500,"height":500,"url":"https:\/\/multilog.hu\/wp-content\/uploads\/2020\/12\/1281-scaled-e1607977784321.jpg","type":"image\/jpeg"}],"twitter_card":"summary_large_image","twitter_misc":{"Estimated reading time":"1 minute"},"schema":{"@context":"https:\/\/schema.org","@graph":[{"@type":"WebPage","@id":"https:\/\/multilog.hu\/our-services\/release-for-free-circulation\/?lang=en","url":"https:\/\/multilog.hu\/our-services\/release-for-free-circulation\/?lang=en","name":"Release for free circulation - Multilog Kft. | V\u00e1m\u00fcgyn\u00f6ks\u00e9g - Import-Export \u00fcgyint\u00e9z\u00e9s","isPartOf":{"@id":"https:\/\/multilog.hu\/#website"},"primaryImageOfPage":{"@id":"https:\/\/multilog.hu\/our-services\/release-for-free-circulation\/?lang=en#primaryimage"},"image":{"@id":"https:\/\/multilog.hu\/our-services\/release-for-free-circulation\/?lang=en#primaryimage"},"thumbnailUrl":"https:\/\/multilog.hu\/wp-content\/uploads\/2020\/12\/1281-scaled-e1607977784321.jpg","datePublished":"2020-12-02T21:32:12+00:00","dateModified":"2021-06-14T06:36:47+00:00","description":"Multilog Kft. | V\u00e1m\u00fcgyn\u00f6ks\u00e9g - Import-Export \u00fcgyint\u00e9z\u00e9s","breadcrumb":{"@id":"https:\/\/multilog.hu\/our-services\/release-for-free-circulation\/?lang=en#breadcrumb"},"inLanguage":"en-GB","potentialAction":[{"@type":"ReadAction","target":["https:\/\/multilog.hu\/our-services\/release-for-free-circulation\/?lang=en"]}]},{"@type":"ImageObject","inLanguage":"en-GB","@id":"https:\/\/multilog.hu\/our-services\/release-for-free-circulation\/?lang=en#primaryimage","url":"https:\/\/multilog.hu\/wp-content\/uploads\/2020\/12\/1281-scaled-e1607977784321.jpg","contentUrl":"https:\/\/multilog.hu\/wp-content\/uploads\/2020\/12\/1281-scaled-e1607977784321.jpg","width":500,"height":500,"caption":"Industrial Container yard for Logistic Import Export business"},{"@type":"BreadcrumbList","@id":"https:\/\/multilog.hu\/our-services\/release-for-free-circulation\/?lang=en#breadcrumb","itemListElement":[{"@type":"ListItem","position":1,"name":"F\u0151oldal","item":"https:\/\/multilog.hu\/fooldal-2\/"},{"@type":"ListItem","position":2,"name":"Our services","item":"https:\/\/multilog.hu\/our-services\/?lang=en"},{"@type":"ListItem","position":3,"name":"Release for free circulation"}]},{"@type":"WebSite","@id":"https:\/\/multilog.hu\/#website","url":"https:\/\/multilog.hu\/","name":"Multilog Kft. | V\u00e1m\u00fcgyn\u00f6ks\u00e9g - Import-Export \u00fcgyint\u00e9z\u00e9s","description":"A Multilog Kft. 20 \u00e9ves tapasztalattal \u00e9s \u00fajszer\u0171 digit\u00e1lis megold\u00e1sokkal  teszi hat\u00e9konny\u00e1 \u00e9s g\u00f6rd\u00fcl\u00e9kenny\u00e9 a v\u00e1m\u00fcgyint\u00e9z\u00e9st.  K\u00e9rj\u00fck n\u00e9zze meg szolg\u00e1ltat\u00e1sainkat \u00e9s keressen minket bizalommal!","publisher":{"@id":"https:\/\/multilog.hu\/#organization"},"potentialAction":[{"@type":"SearchAction","target":{"@type":"EntryPoint","urlTemplate":"https:\/\/multilog.hu\/?s={search_term_string}"},"query-input":{"@type":"PropertyValueSpecification","valueRequired":true,"valueName":"search_term_string"}}],"inLanguage":"en-GB"},{"@type":"Organization","@id":"https:\/\/multilog.hu\/#organization","name":"Multilog Kft.","url":"https:\/\/multilog.hu\/","logo":{"@type":"ImageObject","inLanguage":"en-GB","@id":"https:\/\/multilog.hu\/#\/schema\/logo\/image\/","url":"https:\/\/multilog.hu\/wp-content\/uploads\/2020\/12\/main_logo.png","contentUrl":"https:\/\/multilog.hu\/wp-content\/uploads\/2020\/12\/main_logo.png","width":1652,"height":757,"caption":"Multilog Kft."},"image":{"@id":"https:\/\/multilog.hu\/#\/schema\/logo\/image\/"}}]}},"_links":{"self":[{"href":"https:\/\/multilog.hu\/en\/wp-json\/wp\/v2\/pages\/976","targetHints":{"allow":["GET"]}}],"collection":[{"href":"https:\/\/multilog.hu\/en\/wp-json\/wp\/v2\/pages"}],"about":[{"href":"https:\/\/multilog.hu\/en\/wp-json\/wp\/v2\/types\/page"}],"author":[{"embeddable":true,"href":"https:\/\/multilog.hu\/en\/wp-json\/wp\/v2\/users\/1"}],"replies":[{"embeddable":true,"href":"https:\/\/multilog.hu\/en\/wp-json\/wp\/v2\/comments?post=976"}],"version-history":[{"count":1,"href":"https:\/\/multilog.hu\/en\/wp-json\/wp\/v2\/pages\/976\/revisions"}],"predecessor-version":[{"id":1107,"href":"https:\/\/multilog.hu\/en\/wp-json\/wp\/v2\/pages\/976\/revisions\/1107"}],"up":[{"embeddable":true,"href":"https:\/\/multilog.hu\/en\/wp-json\/wp\/v2\/pages\/975"}],"wp:featuredmedia":[{"embeddable":true,"href":"https:\/\/multilog.hu\/en\/wp-json\/wp\/v2\/media\/977"}],"wp:attachment":[{"href":"https:\/\/multilog.hu\/en\/wp-json\/wp\/v2\/media?parent=976"}],"wp:term":[{"taxonomy":"post_tag","embeddable":true,"href":"https:\/\/multilog.hu\/en\/wp-json\/wp\/v2\/tags?post=976"}],"curies":[{"name":"wp","href":"https:\/\/api.w.org\/{rel}","templated":true}]}}