{"id":57,"date":"2020-12-02T22:32:37","date_gmt":"2020-12-02T21:32:37","guid":{"rendered":"https:\/\/multilogkft.hu.webnpro.hu\/?page_id=57"},"modified":"2026-04-17T13:42:07","modified_gmt":"2026-04-17T11:42:07","slug":"vamkezeles","status":"publish","type":"page","link":"https:\/\/multilog.hu\/en\/szolgaltatasok\/vamkezeles\/","title":{"rendered":"V\u00e1mkezel\u00e9s"},"content":{"rendered":"<p>A nemzetk\u00f6zi \u00e1ruforgalomban a gyorsas\u00e1g \u00e9s pontoss\u00e1g elengedhetetlen. Ennek felt\u00e9tele a hat\u00e9kony v\u00e1mkezel\u00e9s, amely amellett, hogy adminisztr\u00e1ci\u00f3s feladat, \u00fcgyfeleink \u00fczleti folyamatainak meghat\u00e1roz\u00f3 eleme is egyben: befoly\u00e1solja sz\u00e1ll\u00edt\u00e1si hat\u00e1ridej\u00fcket, k\u00f6lts\u00e9geiket, versenyk\u00e9pess\u00e9g\u00fcket. A Multilog V\u00e1m\u00fcgyn\u00f6ks\u00e9g 25 \u00e9ve biztos\u00edt professzion\u00e1lis v\u00e1mkezel\u00e9st partnerei sz\u00e1m\u00e1ra, \u00edgy az \u00e1ruk minden esetben akad\u00e1lymentesen \u00e9s a jogszab\u00e1lyoknak megfelel\u0151en \u00e9rkezhetnek Magyarorsz\u00e1gra, vagy l\u00e9phetnek ki a nemzetk\u00f6zi \u00e1ruforgalomba. C\u00e9g\u00fcnk teljes k\u00f6r\u0171 v\u00e1m\u00fcgyint\u00e9z\u00e9si szolg\u00e1ltat\u00e1sokat ny\u00fajt mind import-, mind exportfolyamatok sor\u00e1n. Szakembereink gondoskodnak a v\u00e1m\u00e1ru-nyilatkozatok elk\u00e9sz\u00edt\u00e9s\u00e9r\u0151l, a v\u00e1mfel\u00fcgyelet alatt \u00e1ll\u00f3 sz\u00e1ll\u00edt\u00e1sok lebonyol\u00edt\u00e1s\u00e1r\u00f3l, valamint a kapcsol\u00f3d\u00f3 okm\u00e1nykezel\u00e9s minden r\u00e9szlet\u00e9r\u0151l, \u00edgy elker\u00fclhet\u0151k a hib\u00e1kb\u00f3l vagy hi\u00e1nyoss\u00e1gokb\u00f3l ered\u0151 k\u00e9sedelmek, b\u00edrs\u00e1gok. Egyik legf\u0151bb versenyel\u0151ny\u00fcnk, hogy folyamatosan figyelemmel k\u00eds\u00e9rj\u00fck az Eur\u00f3pai Uni\u00f3 \u00e9s a hazai v\u00e1mjogszab\u00e1lyok v\u00e1ltoz\u00e1sait, \u00edgy garant\u00e1lni tudjuk, hogy elj\u00e1r\u00e1saink mindig naprak\u00e9szek \u00e9s jogszer\u0171ek, legyen sz\u00f3 \u00e1rubesz\u00e1ll\u00edt\u00e1sr\u00f3l, \u00f6sszetett logisztikai folyamatokr\u00f3l, rakt\u00e1roz\u00e1sr\u00f3l, teljes v\u00e1mkezel\u00e9si folyamatr\u00f3l.<\/p>\n\n\n\n<p><strong>V\u00e1mkezel\u00e9s<\/strong><\/p>\n\n\n\n<ul class=\"wp-block-list\">\n<li>Import<\/li>\n<\/ul>\n\n\n\n<ul class=\"wp-block-list ml-8\">\n<li>teljesk\u00f6r\u0171 behozatali elj\u00e1r\u00e1sok (AIS elj\u00e1r\u00e1s)<\/li>\n\n\n\n<li>k\u00f6zrem\u0171k\u00f6d\u00e9s a v\u00e1melj\u00e1r\u00e1sok sor\u00e1n<\/li>\n\n\n\n<li>k\u00f6zvetett k\u00e9pviselet<\/li>\n\n\n\n<li>halasztott v\u00e1mfizet\u00e9s lehet\u0151s\u00e9ge a v\u00e1mtartoz\u00e1s megfizet\u00e9s\u00e9re, \u00e1tmeneti meg\u0151rz\u00e9sre, \u00a0\u00a0 ideiglenes behozatalra<\/li>\n\n\n\n<li>k\u00f6z\u00fati sz\u00e1ll\u00edt\u00e1s kezel\u00e9se enged\u00e9lyezett c\u00edmzett enged\u00e9llyel rendelkez\u0151 v\u00e1m\u00fcgyn\u00f6ks\u00e9ghez<\/li>\n<\/ul>\n\n\n\n<ul class=\"wp-block-list\">\n<li>Export<\/li>\n<\/ul>\n\n\n\n<ul class=\"wp-block-list ml-8\">\n<li>teljesk\u00f6r\u0171 kiviteli elj\u00e1r\u00e1s (AES)<\/li>\n\n\n\n<li>k\u00f6zrem\u0171k\u00f6d\u00e9s a v\u00e1melj\u00e1r\u00e1s sor\u00e1n<\/li>\n\n\n\n<li>EUR 1<\/li>\n\n\n\n<li>ATR<\/li>\n<\/ul>","protected":false},"excerpt":{"rendered":"<p>A nemzetk\u00f6zi \u00e1ruforgalomban a gyorsas\u00e1g \u00e9s pontoss\u00e1g elengedhetetlen. Ennek felt\u00e9tele a hat\u00e9kony v\u00e1mkezel\u00e9s, amely amellett, hogy adminisztr\u00e1ci\u00f3s feladat, \u00fcgyfeleink \u00fczleti folyamatainak meghat\u00e1roz\u00f3 eleme is egyben: befoly\u00e1solja sz\u00e1ll\u00edt\u00e1si hat\u00e1ridej\u00fcket, k\u00f6lts\u00e9geiket, versenyk\u00e9pess\u00e9g\u00fcket. A Multilog V\u00e1m\u00fcgyn\u00f6ks\u00e9g 25 \u00e9ve biztos\u00edt professzion\u00e1lis v\u00e1mkezel\u00e9st partnerei sz\u00e1m\u00e1ra, \u00edgy az \u00e1ruk minden esetben akad\u00e1lymentesen \u00e9s a jogszab\u00e1lyoknak megfelel\u0151en \u00e9rkezhetnek Magyarorsz\u00e1gra, vagy l\u00e9phetnek ki [&hellip;]<\/p>\n","protected":false},"author":1,"featured_media":1864,"parent":14,"menu_order":32,"comment_status":"closed","ping_status":"closed","template":"","meta":{"footnotes":"","_links_to":"","_links_to_target":""},"tags":[159,4],"class_list":["post-57","page","type-page","status-publish","has-post-thumbnail","hentry","tag-fooldal","tag-szolgaltatasok"],"yoast_head":"<title>V\u00e1mkezel\u00e9s - Multilog Kft. | V\u00e1m\u00fcgyn\u00f6ks\u00e9g - Import-Export \u00fcgyint\u00e9z\u00e9s<\/title>\n<meta name=\"description\" content=\"Multilog Kft. | V\u00e1m\u00fcgyn\u00f6ks\u00e9g - Import-Export \u00fcgyint\u00e9z\u00e9s\" \/>\n<meta name=\"robots\" content=\"index, follow, max-snippet:-1, max-image-preview:large, max-video-preview:-1\" \/>\n<link rel=\"canonical\" href=\"https:\/\/multilog.hu\/en\/szolgaltatasok\/vamkezeles\/\" \/>\n<meta property=\"og:locale\" content=\"en_GB\" \/>\n<meta property=\"og:type\" content=\"article\" \/>\n<meta property=\"og:title\" content=\"V\u00e1mkezel\u00e9s - Multilog Kft. | V\u00e1m\u00fcgyn\u00f6ks\u00e9g - Import-Export \u00fcgyint\u00e9z\u00e9s\" \/>\n<meta property=\"og:description\" content=\"Multilog Kft. | V\u00e1m\u00fcgyn\u00f6ks\u00e9g - Import-Export \u00fcgyint\u00e9z\u00e9s\" \/>\n<meta property=\"og:url\" content=\"https:\/\/multilog.hu\/en\/szolgaltatasok\/vamkezeles\/\" \/>\n<meta property=\"og:site_name\" content=\"Multilog Kft. | V\u00e1m\u00fcgyn\u00f6ks\u00e9g - Import-Export \u00fcgyint\u00e9z\u00e9s\" \/>\n<meta property=\"article:modified_time\" content=\"2026-04-17T11:42:07+00:00\" \/>\n<meta property=\"og:image\" content=\"https:\/\/multilog.hu\/wp-content\/uploads\/2026\/04\/iroda.jpg\" \/>\n\t<meta property=\"og:image:width\" content=\"636\" \/>\n\t<meta property=\"og:image:height\" content=\"633\" \/>\n\t<meta property=\"og:image:type\" content=\"image\/jpeg\" \/>\n<meta name=\"twitter:card\" content=\"summary_large_image\" \/>\n<meta name=\"twitter:label1\" content=\"Estimated reading time\" \/>\n\t<meta name=\"twitter:data1\" content=\"2 minutes\" \/>\n<script type=\"application\/ld+json\" class=\"yoast-schema-graph\">{\"@context\":\"https:\\\/\\\/schema.org\",\"@graph\":[{\"@type\":\"WebPage\",\"@id\":\"https:\\\/\\\/multilog.hu\\\/szolgaltatasok\\\/vamkezeles\\\/\",\"url\":\"https:\\\/\\\/multilog.hu\\\/szolgaltatasok\\\/vamkezeles\\\/\",\"name\":\"V\u00e1mkezel\u00e9s - Multilog Kft. | V\u00e1m\u00fcgyn\u00f6ks\u00e9g - Import-Export \u00fcgyint\u00e9z\u00e9s\",\"isPartOf\":{\"@id\":\"https:\\\/\\\/multilog.hu\\\/#website\"},\"primaryImageOfPage\":{\"@id\":\"https:\\\/\\\/multilog.hu\\\/szolgaltatasok\\\/vamkezeles\\\/#primaryimage\"},\"image\":{\"@id\":\"https:\\\/\\\/multilog.hu\\\/szolgaltatasok\\\/vamkezeles\\\/#primaryimage\"},\"thumbnailUrl\":\"https:\\\/\\\/multilog.hu\\\/wp-content\\\/uploads\\\/2026\\\/04\\\/iroda.jpg\",\"datePublished\":\"2020-12-02T21:32:37+00:00\",\"dateModified\":\"2026-04-17T11:42:07+00:00\",\"description\":\"Multilog Kft. | V\u00e1m\u00fcgyn\u00f6ks\u00e9g - Import-Export \u00fcgyint\u00e9z\u00e9s\",\"breadcrumb\":{\"@id\":\"https:\\\/\\\/multilog.hu\\\/szolgaltatasok\\\/vamkezeles\\\/#breadcrumb\"},\"inLanguage\":\"en-GB\",\"potentialAction\":[{\"@type\":\"ReadAction\",\"target\":[\"https:\\\/\\\/multilog.hu\\\/szolgaltatasok\\\/vamkezeles\\\/\"]}]},{\"@type\":\"ImageObject\",\"inLanguage\":\"en-GB\",\"@id\":\"https:\\\/\\\/multilog.hu\\\/szolgaltatasok\\\/vamkezeles\\\/#primaryimage\",\"url\":\"https:\\\/\\\/multilog.hu\\\/wp-content\\\/uploads\\\/2026\\\/04\\\/iroda.jpg\",\"contentUrl\":\"https:\\\/\\\/multilog.hu\\\/wp-content\\\/uploads\\\/2026\\\/04\\\/iroda.jpg\",\"width\":636,\"height\":633},{\"@type\":\"BreadcrumbList\",\"@id\":\"https:\\\/\\\/multilog.hu\\\/szolgaltatasok\\\/vamkezeles\\\/#breadcrumb\",\"itemListElement\":[{\"@type\":\"ListItem\",\"position\":1,\"name\":\"F\u0151oldal\",\"item\":\"https:\\\/\\\/multilog.hu\\\/fooldal-2\\\/\"},{\"@type\":\"ListItem\",\"position\":2,\"name\":\"Szolg\u00e1ltat\u00e1sok\",\"item\":\"https:\\\/\\\/multilog.hu\\\/szolgaltatasok\\\/\"},{\"@type\":\"ListItem\",\"position\":3,\"name\":\"V\u00e1mkezel\u00e9s\"}]},{\"@type\":\"WebSite\",\"@id\":\"https:\\\/\\\/multilog.hu\\\/#website\",\"url\":\"https:\\\/\\\/multilog.hu\\\/\",\"name\":\"Multilog Kft. | V\u00e1m\u00fcgyn\u00f6ks\u00e9g - Import-Export \u00fcgyint\u00e9z\u00e9s\",\"description\":\"A Multilog Kft. 20 \u00e9ves tapasztalattal \u00e9s \u00fajszer\u0171 digit\u00e1lis megold\u00e1sokkal  teszi hat\u00e9konny\u00e1 \u00e9s g\u00f6rd\u00fcl\u00e9kenny\u00e9 a v\u00e1m\u00fcgyint\u00e9z\u00e9st.  K\u00e9rj\u00fck n\u00e9zze meg szolg\u00e1ltat\u00e1sainkat \u00e9s keressen minket bizalommal!\",\"publisher\":{\"@id\":\"https:\\\/\\\/multilog.hu\\\/#organization\"},\"potentialAction\":[{\"@type\":\"SearchAction\",\"target\":{\"@type\":\"EntryPoint\",\"urlTemplate\":\"https:\\\/\\\/multilog.hu\\\/?s={search_term_string}\"},\"query-input\":{\"@type\":\"PropertyValueSpecification\",\"valueRequired\":true,\"valueName\":\"search_term_string\"}}],\"inLanguage\":\"en-GB\"},{\"@type\":\"Organization\",\"@id\":\"https:\\\/\\\/multilog.hu\\\/#organization\",\"name\":\"Multilog Kft.\",\"url\":\"https:\\\/\\\/multilog.hu\\\/\",\"logo\":{\"@type\":\"ImageObject\",\"inLanguage\":\"en-GB\",\"@id\":\"https:\\\/\\\/multilog.hu\\\/#\\\/schema\\\/logo\\\/image\\\/\",\"url\":\"https:\\\/\\\/multilog.hu\\\/wp-content\\\/uploads\\\/2020\\\/12\\\/main_logo.png\",\"contentUrl\":\"https:\\\/\\\/multilog.hu\\\/wp-content\\\/uploads\\\/2020\\\/12\\\/main_logo.png\",\"width\":1652,\"height\":757,\"caption\":\"Multilog Kft.\"},\"image\":{\"@id\":\"https:\\\/\\\/multilog.hu\\\/#\\\/schema\\\/logo\\\/image\\\/\"}}]}<\/script>","yoast_head_json":{"title":"V\u00e1mkezel\u00e9s - Multilog Kft. | V\u00e1m\u00fcgyn\u00f6ks\u00e9g - Import-Export \u00fcgyint\u00e9z\u00e9s","description":"Multilog Kft. | V\u00e1m\u00fcgyn\u00f6ks\u00e9g - Import-Export \u00fcgyint\u00e9z\u00e9s","robots":{"index":"index","follow":"follow","max-snippet":"max-snippet:-1","max-image-preview":"max-image-preview:large","max-video-preview":"max-video-preview:-1"},"canonical":"https:\/\/multilog.hu\/en\/szolgaltatasok\/vamkezeles\/","og_locale":"en_GB","og_type":"article","og_title":"V\u00e1mkezel\u00e9s - Multilog Kft. | V\u00e1m\u00fcgyn\u00f6ks\u00e9g - Import-Export \u00fcgyint\u00e9z\u00e9s","og_description":"Multilog Kft. | V\u00e1m\u00fcgyn\u00f6ks\u00e9g - Import-Export \u00fcgyint\u00e9z\u00e9s","og_url":"https:\/\/multilog.hu\/en\/szolgaltatasok\/vamkezeles\/","og_site_name":"Multilog Kft. | V\u00e1m\u00fcgyn\u00f6ks\u00e9g - Import-Export \u00fcgyint\u00e9z\u00e9s","article_modified_time":"2026-04-17T11:42:07+00:00","og_image":[{"width":636,"height":633,"url":"https:\/\/multilog.hu\/wp-content\/uploads\/2026\/04\/iroda.jpg","type":"image\/jpeg"}],"twitter_card":"summary_large_image","twitter_misc":{"Estimated reading time":"2 minutes"},"schema":{"@context":"https:\/\/schema.org","@graph":[{"@type":"WebPage","@id":"https:\/\/multilog.hu\/szolgaltatasok\/vamkezeles\/","url":"https:\/\/multilog.hu\/szolgaltatasok\/vamkezeles\/","name":"V\u00e1mkezel\u00e9s - Multilog Kft. | V\u00e1m\u00fcgyn\u00f6ks\u00e9g - Import-Export \u00fcgyint\u00e9z\u00e9s","isPartOf":{"@id":"https:\/\/multilog.hu\/#website"},"primaryImageOfPage":{"@id":"https:\/\/multilog.hu\/szolgaltatasok\/vamkezeles\/#primaryimage"},"image":{"@id":"https:\/\/multilog.hu\/szolgaltatasok\/vamkezeles\/#primaryimage"},"thumbnailUrl":"https:\/\/multilog.hu\/wp-content\/uploads\/2026\/04\/iroda.jpg","datePublished":"2020-12-02T21:32:37+00:00","dateModified":"2026-04-17T11:42:07+00:00","description":"Multilog Kft. | V\u00e1m\u00fcgyn\u00f6ks\u00e9g - Import-Export \u00fcgyint\u00e9z\u00e9s","breadcrumb":{"@id":"https:\/\/multilog.hu\/szolgaltatasok\/vamkezeles\/#breadcrumb"},"inLanguage":"en-GB","potentialAction":[{"@type":"ReadAction","target":["https:\/\/multilog.hu\/szolgaltatasok\/vamkezeles\/"]}]},{"@type":"ImageObject","inLanguage":"en-GB","@id":"https:\/\/multilog.hu\/szolgaltatasok\/vamkezeles\/#primaryimage","url":"https:\/\/multilog.hu\/wp-content\/uploads\/2026\/04\/iroda.jpg","contentUrl":"https:\/\/multilog.hu\/wp-content\/uploads\/2026\/04\/iroda.jpg","width":636,"height":633},{"@type":"BreadcrumbList","@id":"https:\/\/multilog.hu\/szolgaltatasok\/vamkezeles\/#breadcrumb","itemListElement":[{"@type":"ListItem","position":1,"name":"F\u0151oldal","item":"https:\/\/multilog.hu\/fooldal-2\/"},{"@type":"ListItem","position":2,"name":"Szolg\u00e1ltat\u00e1sok","item":"https:\/\/multilog.hu\/szolgaltatasok\/"},{"@type":"ListItem","position":3,"name":"V\u00e1mkezel\u00e9s"}]},{"@type":"WebSite","@id":"https:\/\/multilog.hu\/#website","url":"https:\/\/multilog.hu\/","name":"Multilog Kft. | V\u00e1m\u00fcgyn\u00f6ks\u00e9g - Import-Export \u00fcgyint\u00e9z\u00e9s","description":"A Multilog Kft. 20 \u00e9ves tapasztalattal \u00e9s \u00fajszer\u0171 digit\u00e1lis megold\u00e1sokkal  teszi hat\u00e9konny\u00e1 \u00e9s g\u00f6rd\u00fcl\u00e9kenny\u00e9 a v\u00e1m\u00fcgyint\u00e9z\u00e9st.  K\u00e9rj\u00fck n\u00e9zze meg szolg\u00e1ltat\u00e1sainkat \u00e9s keressen minket bizalommal!","publisher":{"@id":"https:\/\/multilog.hu\/#organization"},"potentialAction":[{"@type":"SearchAction","target":{"@type":"EntryPoint","urlTemplate":"https:\/\/multilog.hu\/?s={search_term_string}"},"query-input":{"@type":"PropertyValueSpecification","valueRequired":true,"valueName":"search_term_string"}}],"inLanguage":"en-GB"},{"@type":"Organization","@id":"https:\/\/multilog.hu\/#organization","name":"Multilog Kft.","url":"https:\/\/multilog.hu\/","logo":{"@type":"ImageObject","inLanguage":"en-GB","@id":"https:\/\/multilog.hu\/#\/schema\/logo\/image\/","url":"https:\/\/multilog.hu\/wp-content\/uploads\/2020\/12\/main_logo.png","contentUrl":"https:\/\/multilog.hu\/wp-content\/uploads\/2020\/12\/main_logo.png","width":1652,"height":757,"caption":"Multilog Kft."},"image":{"@id":"https:\/\/multilog.hu\/#\/schema\/logo\/image\/"}}]}},"_links":{"self":[{"href":"https:\/\/multilog.hu\/en\/wp-json\/wp\/v2\/pages\/57","targetHints":{"allow":["GET"]}}],"collection":[{"href":"https:\/\/multilog.hu\/en\/wp-json\/wp\/v2\/pages"}],"about":[{"href":"https:\/\/multilog.hu\/en\/wp-json\/wp\/v2\/types\/page"}],"author":[{"embeddable":true,"href":"https:\/\/multilog.hu\/en\/wp-json\/wp\/v2\/users\/1"}],"replies":[{"embeddable":true,"href":"https:\/\/multilog.hu\/en\/wp-json\/wp\/v2\/comments?post=57"}],"version-history":[{"count":19,"href":"https:\/\/multilog.hu\/en\/wp-json\/wp\/v2\/pages\/57\/revisions"}],"predecessor-version":[{"id":1697,"href":"https:\/\/multilog.hu\/en\/wp-json\/wp\/v2\/pages\/57\/revisions\/1697"}],"up":[{"embeddable":true,"href":"https:\/\/multilog.hu\/en\/wp-json\/wp\/v2\/pages\/14"}],"wp:featuredmedia":[{"embeddable":true,"href":"https:\/\/multilog.hu\/en\/wp-json\/wp\/v2\/media\/1864"}],"wp:attachment":[{"href":"https:\/\/multilog.hu\/en\/wp-json\/wp\/v2\/media?parent=57"}],"wp:term":[{"taxonomy":"post_tag","embeddable":true,"href":"https:\/\/multilog.hu\/en\/wp-json\/wp\/v2\/tags?post=57"}],"curies":[{"name":"wp","href":"https:\/\/api.w.org\/{rel}","templated":true}]}}