{"id":1708,"date":"2026-04-08T09:25:12","date_gmt":"2026-04-08T07:25:12","guid":{"rendered":"https:\/\/multilog.hu\/?page_id=1708"},"modified":"2026-04-08T09:25:15","modified_gmt":"2026-04-08T07:25:15","slug":"egyeb","status":"publish","type":"page","link":"https:\/\/multilog.hu\/en\/szolgaltatasok\/egyeb\/","title":{"rendered":"Egy\u00e9b"},"content":{"rendered":"<p>A Multilog teljesk\u00f6r\u0171 v\u00e1m- \u00e9s regisztr\u00e1ci\u00f3s ad\u00f3 \u00fcgyint\u00e9z\u00e9si szolg\u00e1ltat\u00e1st ny\u00fajt mindazon v\u00e1llalkoz\u00e1sok sz\u00e1m\u00e1ra, amelyek g\u00f6rd\u00fcl\u00e9kenyen \u00e9s jogszab\u00e1lyoknak megfelel\u0151en k\u00edv\u00e1nj\u00e1k lebonyol\u00edtani import-, export- vagy uni\u00f3n bel\u00fcli kereskedelmi folyamataikat. Szak\u00e9rt\u0151 csapatunk t\u00e1mogat\u00e1st biztos\u00edt a regisztr\u00e1ci\u00f3s ad\u00f3hoz kapcsol\u00f3d\u00f3 adminisztr\u00e1ci\u00f3 minden szakasz\u00e1ban, a T2L \u00e9s T2FL dokumentumok szakszer\u0171 kit\u00f6lt\u00e9s\u00e9t\u0151l kezdve eg\u00e9szen az ut\u00f3lagos \u00fcgyint\u00e9z\u00e9sig. Ig\u00e9ny eset\u00e9n el\u0151zetes kalkul\u00e1ci\u00f3t k\u00e9sz\u00edt\u00fcnk, gondoskodunk a sz\u00fcks\u00e9ges sz\u00e1rmaz\u00e1si igazol\u00e1sok kezel\u00e9s\u00e9r\u0151l, illetve ig\u00e9ny eset\u00e9n int\u00e9zz\u00fck a felmer\u00fcl\u0151 korrekci\u00f3kat vagy hi\u00e1nyp\u00f3tl\u00e1sokat.<\/p>\n\n\n\n<p>V\u00e1m\u00fcgyi szolg\u00e1ltat\u00e1saink keret\u00e9ben r\u00e9szletes v\u00e1mtan\u00e1csad\u00e1st ny\u00fajtunk, hogy \u00fcgyfeleink naprak\u00e9szek legyenek a folyamatosan v\u00e1ltoz\u00f3 jogszab\u00e1lyi k\u00f6rnyezetben. K\u00e9pviseletet l\u00e1tunk el a v\u00e1mhat\u00f3s\u00e1g el\u0151tt, legyen sz\u00f3 \u00e1ltal\u00e1nos elj\u00e1r\u00e1sokr\u00f3l vagy ut\u00f3lagos vizsg\u00e1latokr\u00f3l, tov\u00e1bb\u00e1 k\u00f6zrem\u0171k\u00f6d\u00fcnk az ellen\u0151rz\u00e9sek sor\u00e1n is. Emellett kezelj\u00fck a v\u00e1mfoly\u00f3sz\u00e1ml\u00e1val kapcsolatos \u00fcgyint\u00e9z\u00e9st \u00e9s egyeztet\u00e9st, biztos\u00edtva a pontos \u00e9s \u00e1tl\u00e1that\u00f3 p\u00e9nz\u00fcgyi adminisztr\u00e1ci\u00f3t.<\/p>\n\n\n\n<p>A hat\u00e1rid\u0151k \u00e9s adatszolg\u00e1ltat\u00e1si k\u00f6telezetts\u00e9gek szigor\u00fa betart\u00e1s\u00e1val gondoskodunk arr\u00f3l, hogy v\u00e1llalkoz\u00e1sa megfeleljen az uni\u00f3s statisztikai el\u0151\u00edr\u00e1soknak, \u00e9s elker\u00fclhet\u0151k legyenek a b\u00fcntet\u00e9sek. C\u00e9lunk, hogy \u00fcgyfeleink sz\u00e1m\u00e1ra a v\u00e1m- \u00e9s ad\u00f3\u00fcgyi folyamatok egyszer\u0171v\u00e9, \u00e1tl\u00e1that\u00f3v\u00e1 \u00e9s kock\u00e1zatmentess\u00e9 v\u00e1ljanak. Szak\u00e9rtelm\u00fcnkkel \u00e9s rugalmass\u00e1gunkkal biztos\u00edtjuk a gyors \u00e9s megb\u00edzhat\u00f3 \u00fcgyint\u00e9z\u00e9st, hogy \u00d6n zavartalanul koncentr\u00e1lhasson v\u00e1llalkoz\u00e1sa fejl\u0151d\u00e9s\u00e9re.<\/p>\n\n\n\n<p>Sz\u00e1mos egy\u00e9b, v\u00e1melj\u00e1r\u00e1shoz kapcsol\u00f3d\u00f3 szolg\u00e1ltat\u00e1s sz\u00ednes\u00edti palett\u00e1nkat, melyeket szak\u00e9rt\u0151 koll\u00e9g\u00e1ink \u00e1llnak rendelkez\u00e9sre<\/p>\n\n\n\n<ul class=\"wp-block-list\">\n<li>Regisztr\u00e1ci\u00f3s ad\u00f3 \u00fcgyint\u00e9z\u00e9s<\/li>\n\n\n\n<li>T2L, T2FL kit\u00f6lt\u00e9s, \u00e9rv\u00e9nyes\u00edt\u00e9s PoUS renszderben<\/li>\n\n\n\n<li>ut\u00f3lagos \u00fcgyint\u00e9z\u00e9s<\/li>\n\n\n\n<li>el\u0151zetes kalkul\u00e1ci\u00f3<\/li>\n\n\n\n<li>sz\u00e1rmaz\u00e1si bizony\u00edtv\u00e1ny (Certificate of origin) hiteles\u00edt\u00e9se<\/li>\n\n\n\n<li>v\u00e1mtan\u00e1csad\u00e1s<\/li>\n<\/ul>\n\n\n\n<p>k\u00fclkereskedelmi tan\u00e1csad\u00e1s<\/p>","protected":false},"excerpt":{"rendered":"<p>A Multilog teljesk\u00f6r\u0171 v\u00e1m- \u00e9s regisztr\u00e1ci\u00f3s ad\u00f3 \u00fcgyint\u00e9z\u00e9si szolg\u00e1ltat\u00e1st ny\u00fajt mindazon v\u00e1llalkoz\u00e1sok sz\u00e1m\u00e1ra, amelyek g\u00f6rd\u00fcl\u00e9kenyen \u00e9s jogszab\u00e1lyoknak megfelel\u0151en k\u00edv\u00e1nj\u00e1k lebonyol\u00edtani import-, export- vagy uni\u00f3n bel\u00fcli kereskedelmi folyamataikat. Szak\u00e9rt\u0151 csapatunk t\u00e1mogat\u00e1st biztos\u00edt a regisztr\u00e1ci\u00f3s ad\u00f3hoz kapcsol\u00f3d\u00f3 adminisztr\u00e1ci\u00f3 minden szakasz\u00e1ban, a T2L \u00e9s T2FL dokumentumok szakszer\u0171 kit\u00f6lt\u00e9s\u00e9t\u0151l kezdve eg\u00e9szen az ut\u00f3lagos \u00fcgyint\u00e9z\u00e9sig. Ig\u00e9ny eset\u00e9n el\u0151zetes kalkul\u00e1ci\u00f3t k\u00e9sz\u00edt\u00fcnk, [&hellip;]<\/p>\n","protected":false},"author":1,"featured_media":105,"parent":14,"menu_order":32,"comment_status":"closed","ping_status":"closed","template":"","meta":{"footnotes":"","_links_to":"","_links_to_target":""},"tags":[159,4],"class_list":["post-1708","page","type-page","status-publish","has-post-thumbnail","hentry","tag-fooldal","tag-szolgaltatasok"],"yoast_head":"<title>Egy\u00e9b - Multilog Kft. | V\u00e1m\u00fcgyn\u00f6ks\u00e9g - Import-Export \u00fcgyint\u00e9z\u00e9s<\/title>\n<meta name=\"description\" content=\"Multilog Kft. | V\u00e1m\u00fcgyn\u00f6ks\u00e9g - Import-Export \u00fcgyint\u00e9z\u00e9s\" \/>\n<meta name=\"robots\" content=\"index, follow, max-snippet:-1, max-image-preview:large, max-video-preview:-1\" \/>\n<link rel=\"canonical\" href=\"https:\/\/multilog.hu\/en\/szolgaltatasok\/egyeb\/\" \/>\n<meta property=\"og:locale\" content=\"en_GB\" \/>\n<meta property=\"og:type\" content=\"article\" \/>\n<meta property=\"og:title\" content=\"Egy\u00e9b - Multilog Kft. | V\u00e1m\u00fcgyn\u00f6ks\u00e9g - Import-Export \u00fcgyint\u00e9z\u00e9s\" \/>\n<meta property=\"og:description\" content=\"Multilog Kft. | V\u00e1m\u00fcgyn\u00f6ks\u00e9g - Import-Export \u00fcgyint\u00e9z\u00e9s\" \/>\n<meta property=\"og:url\" content=\"https:\/\/multilog.hu\/en\/szolgaltatasok\/egyeb\/\" \/>\n<meta property=\"og:site_name\" content=\"Multilog Kft. | V\u00e1m\u00fcgyn\u00f6ks\u00e9g - Import-Export \u00fcgyint\u00e9z\u00e9s\" \/>\n<meta property=\"article:modified_time\" content=\"2026-04-08T07:25:15+00:00\" \/>\n<meta property=\"og:image\" content=\"https:\/\/multilog.hu\/wp-content\/uploads\/2020\/12\/8-scaled-e1607977799595.jpg\" \/>\n\t<meta property=\"og:image:width\" content=\"500\" \/>\n\t<meta property=\"og:image:height\" content=\"500\" \/>\n\t<meta property=\"og:image:type\" content=\"image\/jpeg\" \/>\n<meta name=\"twitter:card\" content=\"summary_large_image\" \/>\n<meta name=\"twitter:label1\" content=\"Estimated reading time\" \/>\n\t<meta name=\"twitter:data1\" content=\"2 minutes\" \/>\n<script type=\"application\/ld+json\" class=\"yoast-schema-graph\">{\"@context\":\"https:\\\/\\\/schema.org\",\"@graph\":[{\"@type\":\"WebPage\",\"@id\":\"https:\\\/\\\/multilog.hu\\\/szolgaltatasok\\\/egyeb\\\/\",\"url\":\"https:\\\/\\\/multilog.hu\\\/szolgaltatasok\\\/egyeb\\\/\",\"name\":\"Egy\u00e9b - Multilog Kft. | V\u00e1m\u00fcgyn\u00f6ks\u00e9g - Import-Export \u00fcgyint\u00e9z\u00e9s\",\"isPartOf\":{\"@id\":\"https:\\\/\\\/multilog.hu\\\/#website\"},\"primaryImageOfPage\":{\"@id\":\"https:\\\/\\\/multilog.hu\\\/szolgaltatasok\\\/egyeb\\\/#primaryimage\"},\"image\":{\"@id\":\"https:\\\/\\\/multilog.hu\\\/szolgaltatasok\\\/egyeb\\\/#primaryimage\"},\"thumbnailUrl\":\"https:\\\/\\\/multilog.hu\\\/wp-content\\\/uploads\\\/2020\\\/12\\\/8-scaled-e1607977799595.jpg\",\"datePublished\":\"2026-04-08T07:25:12+00:00\",\"dateModified\":\"2026-04-08T07:25:15+00:00\",\"description\":\"Multilog Kft. | V\u00e1m\u00fcgyn\u00f6ks\u00e9g - Import-Export \u00fcgyint\u00e9z\u00e9s\",\"breadcrumb\":{\"@id\":\"https:\\\/\\\/multilog.hu\\\/szolgaltatasok\\\/egyeb\\\/#breadcrumb\"},\"inLanguage\":\"en-GB\",\"potentialAction\":[{\"@type\":\"ReadAction\",\"target\":[\"https:\\\/\\\/multilog.hu\\\/szolgaltatasok\\\/egyeb\\\/\"]}]},{\"@type\":\"ImageObject\",\"inLanguage\":\"en-GB\",\"@id\":\"https:\\\/\\\/multilog.hu\\\/szolgaltatasok\\\/egyeb\\\/#primaryimage\",\"url\":\"https:\\\/\\\/multilog.hu\\\/wp-content\\\/uploads\\\/2020\\\/12\\\/8-scaled-e1607977799595.jpg\",\"contentUrl\":\"https:\\\/\\\/multilog.hu\\\/wp-content\\\/uploads\\\/2020\\\/12\\\/8-scaled-e1607977799595.jpg\",\"width\":500,\"height\":500,\"caption\":\"Plane trucks are flying towards the destination with the brightest. 3d rendering and illustration.\"},{\"@type\":\"BreadcrumbList\",\"@id\":\"https:\\\/\\\/multilog.hu\\\/szolgaltatasok\\\/egyeb\\\/#breadcrumb\",\"itemListElement\":[{\"@type\":\"ListItem\",\"position\":1,\"name\":\"F\u0151oldal\",\"item\":\"https:\\\/\\\/multilog.hu\\\/fooldal-2\\\/\"},{\"@type\":\"ListItem\",\"position\":2,\"name\":\"Szolg\u00e1ltat\u00e1sok\",\"item\":\"https:\\\/\\\/multilog.hu\\\/szolgaltatasok\\\/\"},{\"@type\":\"ListItem\",\"position\":3,\"name\":\"Egy\u00e9b\"}]},{\"@type\":\"WebSite\",\"@id\":\"https:\\\/\\\/multilog.hu\\\/#website\",\"url\":\"https:\\\/\\\/multilog.hu\\\/\",\"name\":\"Multilog Kft. | V\u00e1m\u00fcgyn\u00f6ks\u00e9g - Import-Export \u00fcgyint\u00e9z\u00e9s\",\"description\":\"A Multilog Kft. 20 \u00e9ves tapasztalattal \u00e9s \u00fajszer\u0171 digit\u00e1lis megold\u00e1sokkal  teszi hat\u00e9konny\u00e1 \u00e9s g\u00f6rd\u00fcl\u00e9kenny\u00e9 a v\u00e1m\u00fcgyint\u00e9z\u00e9st.  K\u00e9rj\u00fck n\u00e9zze meg szolg\u00e1ltat\u00e1sainkat \u00e9s keressen minket bizalommal!\",\"publisher\":{\"@id\":\"https:\\\/\\\/multilog.hu\\\/#organization\"},\"potentialAction\":[{\"@type\":\"SearchAction\",\"target\":{\"@type\":\"EntryPoint\",\"urlTemplate\":\"https:\\\/\\\/multilog.hu\\\/?s={search_term_string}\"},\"query-input\":{\"@type\":\"PropertyValueSpecification\",\"valueRequired\":true,\"valueName\":\"search_term_string\"}}],\"inLanguage\":\"en-GB\"},{\"@type\":\"Organization\",\"@id\":\"https:\\\/\\\/multilog.hu\\\/#organization\",\"name\":\"Multilog Kft.\",\"url\":\"https:\\\/\\\/multilog.hu\\\/\",\"logo\":{\"@type\":\"ImageObject\",\"inLanguage\":\"en-GB\",\"@id\":\"https:\\\/\\\/multilog.hu\\\/#\\\/schema\\\/logo\\\/image\\\/\",\"url\":\"https:\\\/\\\/multilog.hu\\\/wp-content\\\/uploads\\\/2020\\\/12\\\/main_logo.png\",\"contentUrl\":\"https:\\\/\\\/multilog.hu\\\/wp-content\\\/uploads\\\/2020\\\/12\\\/main_logo.png\",\"width\":1652,\"height\":757,\"caption\":\"Multilog Kft.\"},\"image\":{\"@id\":\"https:\\\/\\\/multilog.hu\\\/#\\\/schema\\\/logo\\\/image\\\/\"}}]}<\/script>","yoast_head_json":{"title":"Egy\u00e9b - Multilog Kft. | V\u00e1m\u00fcgyn\u00f6ks\u00e9g - Import-Export \u00fcgyint\u00e9z\u00e9s","description":"Multilog Kft. | V\u00e1m\u00fcgyn\u00f6ks\u00e9g - Import-Export \u00fcgyint\u00e9z\u00e9s","robots":{"index":"index","follow":"follow","max-snippet":"max-snippet:-1","max-image-preview":"max-image-preview:large","max-video-preview":"max-video-preview:-1"},"canonical":"https:\/\/multilog.hu\/en\/szolgaltatasok\/egyeb\/","og_locale":"en_GB","og_type":"article","og_title":"Egy\u00e9b - Multilog Kft. | V\u00e1m\u00fcgyn\u00f6ks\u00e9g - Import-Export \u00fcgyint\u00e9z\u00e9s","og_description":"Multilog Kft. | V\u00e1m\u00fcgyn\u00f6ks\u00e9g - Import-Export \u00fcgyint\u00e9z\u00e9s","og_url":"https:\/\/multilog.hu\/en\/szolgaltatasok\/egyeb\/","og_site_name":"Multilog Kft. | V\u00e1m\u00fcgyn\u00f6ks\u00e9g - Import-Export \u00fcgyint\u00e9z\u00e9s","article_modified_time":"2026-04-08T07:25:15+00:00","og_image":[{"width":500,"height":500,"url":"https:\/\/multilog.hu\/wp-content\/uploads\/2020\/12\/8-scaled-e1607977799595.jpg","type":"image\/jpeg"}],"twitter_card":"summary_large_image","twitter_misc":{"Estimated reading time":"2 minutes"},"schema":{"@context":"https:\/\/schema.org","@graph":[{"@type":"WebPage","@id":"https:\/\/multilog.hu\/szolgaltatasok\/egyeb\/","url":"https:\/\/multilog.hu\/szolgaltatasok\/egyeb\/","name":"Egy\u00e9b - Multilog Kft. | V\u00e1m\u00fcgyn\u00f6ks\u00e9g - Import-Export \u00fcgyint\u00e9z\u00e9s","isPartOf":{"@id":"https:\/\/multilog.hu\/#website"},"primaryImageOfPage":{"@id":"https:\/\/multilog.hu\/szolgaltatasok\/egyeb\/#primaryimage"},"image":{"@id":"https:\/\/multilog.hu\/szolgaltatasok\/egyeb\/#primaryimage"},"thumbnailUrl":"https:\/\/multilog.hu\/wp-content\/uploads\/2020\/12\/8-scaled-e1607977799595.jpg","datePublished":"2026-04-08T07:25:12+00:00","dateModified":"2026-04-08T07:25:15+00:00","description":"Multilog Kft. | V\u00e1m\u00fcgyn\u00f6ks\u00e9g - Import-Export \u00fcgyint\u00e9z\u00e9s","breadcrumb":{"@id":"https:\/\/multilog.hu\/szolgaltatasok\/egyeb\/#breadcrumb"},"inLanguage":"en-GB","potentialAction":[{"@type":"ReadAction","target":["https:\/\/multilog.hu\/szolgaltatasok\/egyeb\/"]}]},{"@type":"ImageObject","inLanguage":"en-GB","@id":"https:\/\/multilog.hu\/szolgaltatasok\/egyeb\/#primaryimage","url":"https:\/\/multilog.hu\/wp-content\/uploads\/2020\/12\/8-scaled-e1607977799595.jpg","contentUrl":"https:\/\/multilog.hu\/wp-content\/uploads\/2020\/12\/8-scaled-e1607977799595.jpg","width":500,"height":500,"caption":"Plane trucks are flying towards the destination with the brightest. 3d rendering and illustration."},{"@type":"BreadcrumbList","@id":"https:\/\/multilog.hu\/szolgaltatasok\/egyeb\/#breadcrumb","itemListElement":[{"@type":"ListItem","position":1,"name":"F\u0151oldal","item":"https:\/\/multilog.hu\/fooldal-2\/"},{"@type":"ListItem","position":2,"name":"Szolg\u00e1ltat\u00e1sok","item":"https:\/\/multilog.hu\/szolgaltatasok\/"},{"@type":"ListItem","position":3,"name":"Egy\u00e9b"}]},{"@type":"WebSite","@id":"https:\/\/multilog.hu\/#website","url":"https:\/\/multilog.hu\/","name":"Multilog Kft. | V\u00e1m\u00fcgyn\u00f6ks\u00e9g - Import-Export \u00fcgyint\u00e9z\u00e9s","description":"A Multilog Kft. 20 \u00e9ves tapasztalattal \u00e9s \u00fajszer\u0171 digit\u00e1lis megold\u00e1sokkal  teszi hat\u00e9konny\u00e1 \u00e9s g\u00f6rd\u00fcl\u00e9kenny\u00e9 a v\u00e1m\u00fcgyint\u00e9z\u00e9st.  K\u00e9rj\u00fck n\u00e9zze meg szolg\u00e1ltat\u00e1sainkat \u00e9s keressen minket bizalommal!","publisher":{"@id":"https:\/\/multilog.hu\/#organization"},"potentialAction":[{"@type":"SearchAction","target":{"@type":"EntryPoint","urlTemplate":"https:\/\/multilog.hu\/?s={search_term_string}"},"query-input":{"@type":"PropertyValueSpecification","valueRequired":true,"valueName":"search_term_string"}}],"inLanguage":"en-GB"},{"@type":"Organization","@id":"https:\/\/multilog.hu\/#organization","name":"Multilog Kft.","url":"https:\/\/multilog.hu\/","logo":{"@type":"ImageObject","inLanguage":"en-GB","@id":"https:\/\/multilog.hu\/#\/schema\/logo\/image\/","url":"https:\/\/multilog.hu\/wp-content\/uploads\/2020\/12\/main_logo.png","contentUrl":"https:\/\/multilog.hu\/wp-content\/uploads\/2020\/12\/main_logo.png","width":1652,"height":757,"caption":"Multilog Kft."},"image":{"@id":"https:\/\/multilog.hu\/#\/schema\/logo\/image\/"}}]}},"_links":{"self":[{"href":"https:\/\/multilog.hu\/en\/wp-json\/wp\/v2\/pages\/1708","targetHints":{"allow":["GET"]}}],"collection":[{"href":"https:\/\/multilog.hu\/en\/wp-json\/wp\/v2\/pages"}],"about":[{"href":"https:\/\/multilog.hu\/en\/wp-json\/wp\/v2\/types\/page"}],"author":[{"embeddable":true,"href":"https:\/\/multilog.hu\/en\/wp-json\/wp\/v2\/users\/1"}],"replies":[{"embeddable":true,"href":"https:\/\/multilog.hu\/en\/wp-json\/wp\/v2\/comments?post=1708"}],"version-history":[{"count":1,"href":"https:\/\/multilog.hu\/en\/wp-json\/wp\/v2\/pages\/1708\/revisions"}],"predecessor-version":[{"id":1710,"href":"https:\/\/multilog.hu\/en\/wp-json\/wp\/v2\/pages\/1708\/revisions\/1710"}],"up":[{"embeddable":true,"href":"https:\/\/multilog.hu\/en\/wp-json\/wp\/v2\/pages\/14"}],"wp:featuredmedia":[{"embeddable":true,"href":"https:\/\/multilog.hu\/en\/wp-json\/wp\/v2\/media\/105"}],"wp:attachment":[{"href":"https:\/\/multilog.hu\/en\/wp-json\/wp\/v2\/media?parent=1708"}],"wp:term":[{"taxonomy":"post_tag","embeddable":true,"href":"https:\/\/multilog.hu\/en\/wp-json\/wp\/v2\/tags?post=1708"}],"curies":[{"name":"wp","href":"https:\/\/api.w.org\/{rel}","templated":true}]}}