{"id":1704,"date":"2026-03-26T10:05:09","date_gmt":"2026-03-26T09:05:09","guid":{"rendered":"https:\/\/multilog.hu\/?page_id=1704"},"modified":"2026-04-17T13:48:07","modified_gmt":"2026-04-17T11:48:07","slug":"raktarozas","status":"publish","type":"page","link":"https:\/\/multilog.hu\/en\/szolgaltatasok\/raktarozas\/","title":{"rendered":"Rakt\u00e1roz\u00e1s"},"content":{"rendered":"<p><strong>Biztons\u00e1gos, modern \u00e9s v\u00e1mjogilag rendezett rakt\u00e1roz\u00e1si megold\u00e1sok<\/strong><strong><\/strong><\/p>\n\n\n\n<p>Korszer\u0171, biztons\u00e1gos, v\u00e1mjogilag rendezett, \u00e1m rugalmas rakt\u00e1roz\u00e1si megold\u00e1sokat k\u00edn\u00e1lunk \u00fcgyfeleinknek, legyen sz\u00f3 ideiglenes t\u00e1rol\u00e1sr\u00f3l, v\u00e1mfel\u00fcgyelet alatt \u00e1ll\u00f3 \u00e1ruk rakt\u00e1roz\u00e1s\u00e1r\u00f3l vagy teljes k\u00f6r\u0171 3PL szolg\u00e1ltat\u00e1sr\u00f3l. Integr\u00e1lt, 360 fokos szolg\u00e1ltat\u00e1si portf\u00f3li\u00f3nknak k\u00f6sz\u00f6nhet\u0151en komplex logisztikai h\u00e1tteret biztos\u00edtunk, \u00edgy id\u0151takar\u00e9koss\u00e1 \u00e9s k\u00f6lts\u00e9ghat\u00e9konny\u00e1 t\u00e9ve a sz\u00e1ll\u00edtm\u00e1nyoz\u00e1st, rakt\u00e1roz\u00e1st, k\u00e9szletgazd\u00e1lkod\u00e1st.<\/p>\n\n\n\n<p>Modern infrastrukt\u00far\u00e1nk, fejlett biztons\u00e1gi rendszereink \u00e9s prec\u00edz k\u00e9szletkezel\u00e9si folyamataink garant\u00e1lj\u00e1k, hogy az \u00e1ruk a legnagyobb odafigyel\u00e9ssel, teljes nyomon k\u00f6vethet\u0151s\u00e9ggel \u00e9s a vonatkoz\u00f3 v\u00e1mjogi el\u0151\u00edr\u00e1soknak megfelel\u0151en legyenek let\u00e1rolva. Rakt\u00e1raink kialak\u00edt\u00e1sa lehet\u0151v\u00e9 teszi a k\u00fcl\u00f6nb\u00f6z\u0151 term\u00e9kt\u00edpusok szakszer\u0171 \u00e9s biztons\u00e1gos kezel\u00e9s\u00e9t. Az \u00e1rumozgat\u00e1s, a rakt\u00e1rba v\u00e9tel \u00e9s kiad\u00e1s teljes folyamata szab\u00e1lyozott, digitaliz\u00e1ltan dokument\u00e1lt, ami kiz\u00e1rja a t\u00e9ved\u00e9s lehet\u0151s\u00e9g\u00e9t. Naprak\u00e9sz k\u00e9szletinform\u00e1ci\u00f3ink r\u00e9v\u00e9n \u00fcgyfeleink megfontolt \u00e1rumozgat\u00e1si d\u00f6nt\u00e9seket hozhatnak a mindennapokban.<\/p>\n\n\n\n<p>Sz\u00e9khely\u00fcnk\u00f6n egy 250 m\u00b2-es, _240 raklap t\u00e1rol\u00e1s\u00e1ra alkalmas rakt\u00e1runkban r\u00f6vid \u00e9s hossz\u00fa t\u00e1v\u00fa t\u00e1rol\u00e1si lehet\u0151s\u00e9get k\u00edn\u00e1lunk. Modern rakt\u00e1runk polcos t\u00e1rol\u00e1si m\u00f3dot biztos\u00edt, \u00edgy maxim\u00e1lis rugalmass\u00e1ggal alkalmazkodunk megrendel\u0151ink ig\u00e9nyeihez. \u00c1tmeneti meg\u0151rz\u00e9ses \u00e9s EU \u00e1ruk rakt\u00e1roz\u00e1s\u00e1ra egyar\u00e1nt.<\/p>\n\n\n\n<p>Ezen rendelkez\u00fcnk tov\u00e1bbi 20&nbsp;000m\u00b2 tov\u00e1bbi \u00e1tmeneti meg\u0151rz\u00e9ssel szigetszentmikl\u00f3si rakt\u00e1rb\u00e1zisok ter\u00fclet\u00e9n.<\/p>","protected":false},"excerpt":{"rendered":"<p>Biztons\u00e1gos, modern \u00e9s v\u00e1mjogilag rendezett rakt\u00e1roz\u00e1si megold\u00e1sok Korszer\u0171, biztons\u00e1gos, v\u00e1mjogilag rendezett, \u00e1m rugalmas rakt\u00e1roz\u00e1si megold\u00e1sokat k\u00edn\u00e1lunk \u00fcgyfeleinknek, legyen sz\u00f3 ideiglenes t\u00e1rol\u00e1sr\u00f3l, v\u00e1mfel\u00fcgyelet alatt \u00e1ll\u00f3 \u00e1ruk rakt\u00e1roz\u00e1s\u00e1r\u00f3l vagy teljes k\u00f6r\u0171 3PL szolg\u00e1ltat\u00e1sr\u00f3l. Integr\u00e1lt, 360 fokos szolg\u00e1ltat\u00e1si portf\u00f3li\u00f3nknak k\u00f6sz\u00f6nhet\u0151en komplex logisztikai h\u00e1tteret biztos\u00edtunk, \u00edgy id\u0151takar\u00e9koss\u00e1 \u00e9s k\u00f6lts\u00e9ghat\u00e9konny\u00e1 t\u00e9ve a sz\u00e1ll\u00edtm\u00e1nyoz\u00e1st, rakt\u00e1roz\u00e1st, k\u00e9szletgazd\u00e1lkod\u00e1st. Modern infrastrukt\u00far\u00e1nk, fejlett biztons\u00e1gi rendszereink [&hellip;]<\/p>\n","protected":false},"author":1,"featured_media":1868,"parent":14,"menu_order":32,"comment_status":"closed","ping_status":"closed","template":"","meta":{"footnotes":"","_links_to":"","_links_to_target":""},"tags":[159,4],"class_list":["post-1704","page","type-page","status-publish","has-post-thumbnail","hentry","tag-fooldal","tag-szolgaltatasok"],"yoast_head":"<title>Rakt\u00e1roz\u00e1s - Multilog Kft. | V\u00e1m\u00fcgyn\u00f6ks\u00e9g - Import-Export \u00fcgyint\u00e9z\u00e9s<\/title>\n<meta name=\"description\" content=\"Multilog Kft. | V\u00e1m\u00fcgyn\u00f6ks\u00e9g - Import-Export \u00fcgyint\u00e9z\u00e9s\" \/>\n<meta name=\"robots\" content=\"index, follow, max-snippet:-1, max-image-preview:large, max-video-preview:-1\" \/>\n<link rel=\"canonical\" href=\"https:\/\/multilog.hu\/en\/szolgaltatasok\/raktarozas\/\" \/>\n<meta property=\"og:locale\" content=\"en_GB\" \/>\n<meta property=\"og:type\" content=\"article\" \/>\n<meta property=\"og:title\" content=\"Rakt\u00e1roz\u00e1s - Multilog Kft. | V\u00e1m\u00fcgyn\u00f6ks\u00e9g - Import-Export \u00fcgyint\u00e9z\u00e9s\" \/>\n<meta property=\"og:description\" content=\"Multilog Kft. | V\u00e1m\u00fcgyn\u00f6ks\u00e9g - Import-Export \u00fcgyint\u00e9z\u00e9s\" \/>\n<meta property=\"og:url\" content=\"https:\/\/multilog.hu\/en\/szolgaltatasok\/raktarozas\/\" \/>\n<meta property=\"og:site_name\" content=\"Multilog Kft. | V\u00e1m\u00fcgyn\u00f6ks\u00e9g - Import-Export \u00fcgyint\u00e9z\u00e9s\" \/>\n<meta property=\"article:modified_time\" content=\"2026-04-17T11:48:07+00:00\" \/>\n<meta property=\"og:image\" content=\"https:\/\/multilog.hu\/wp-content\/uploads\/2026\/04\/IMG_1977-1-e1776426472502.jpeg\" \/>\n\t<meta property=\"og:image:width\" content=\"1536\" \/>\n\t<meta property=\"og:image:height\" content=\"1536\" \/>\n\t<meta property=\"og:image:type\" content=\"image\/jpeg\" \/>\n<meta name=\"twitter:card\" content=\"summary_large_image\" \/>\n<meta name=\"twitter:label1\" content=\"Estimated reading time\" \/>\n\t<meta name=\"twitter:data1\" content=\"2 minutes\" \/>\n<script type=\"application\/ld+json\" class=\"yoast-schema-graph\">{\"@context\":\"https:\\\/\\\/schema.org\",\"@graph\":[{\"@type\":\"WebPage\",\"@id\":\"https:\\\/\\\/multilog.hu\\\/szolgaltatasok\\\/raktarozas\\\/\",\"url\":\"https:\\\/\\\/multilog.hu\\\/szolgaltatasok\\\/raktarozas\\\/\",\"name\":\"Rakt\u00e1roz\u00e1s - Multilog Kft. | V\u00e1m\u00fcgyn\u00f6ks\u00e9g - Import-Export \u00fcgyint\u00e9z\u00e9s\",\"isPartOf\":{\"@id\":\"https:\\\/\\\/multilog.hu\\\/#website\"},\"primaryImageOfPage\":{\"@id\":\"https:\\\/\\\/multilog.hu\\\/szolgaltatasok\\\/raktarozas\\\/#primaryimage\"},\"image\":{\"@id\":\"https:\\\/\\\/multilog.hu\\\/szolgaltatasok\\\/raktarozas\\\/#primaryimage\"},\"thumbnailUrl\":\"https:\\\/\\\/multilog.hu\\\/wp-content\\\/uploads\\\/2026\\\/04\\\/IMG_1977-1-e1776426472502.jpeg\",\"datePublished\":\"2026-03-26T09:05:09+00:00\",\"dateModified\":\"2026-04-17T11:48:07+00:00\",\"description\":\"Multilog Kft. | V\u00e1m\u00fcgyn\u00f6ks\u00e9g - Import-Export \u00fcgyint\u00e9z\u00e9s\",\"breadcrumb\":{\"@id\":\"https:\\\/\\\/multilog.hu\\\/szolgaltatasok\\\/raktarozas\\\/#breadcrumb\"},\"inLanguage\":\"en-GB\",\"potentialAction\":[{\"@type\":\"ReadAction\",\"target\":[\"https:\\\/\\\/multilog.hu\\\/szolgaltatasok\\\/raktarozas\\\/\"]}]},{\"@type\":\"ImageObject\",\"inLanguage\":\"en-GB\",\"@id\":\"https:\\\/\\\/multilog.hu\\\/szolgaltatasok\\\/raktarozas\\\/#primaryimage\",\"url\":\"https:\\\/\\\/multilog.hu\\\/wp-content\\\/uploads\\\/2026\\\/04\\\/IMG_1977-1-e1776426472502.jpeg\",\"contentUrl\":\"https:\\\/\\\/multilog.hu\\\/wp-content\\\/uploads\\\/2026\\\/04\\\/IMG_1977-1-e1776426472502.jpeg\",\"width\":1536,\"height\":1536},{\"@type\":\"BreadcrumbList\",\"@id\":\"https:\\\/\\\/multilog.hu\\\/szolgaltatasok\\\/raktarozas\\\/#breadcrumb\",\"itemListElement\":[{\"@type\":\"ListItem\",\"position\":1,\"name\":\"F\u0151oldal\",\"item\":\"https:\\\/\\\/multilog.hu\\\/fooldal-2\\\/\"},{\"@type\":\"ListItem\",\"position\":2,\"name\":\"Szolg\u00e1ltat\u00e1sok\",\"item\":\"https:\\\/\\\/multilog.hu\\\/szolgaltatasok\\\/\"},{\"@type\":\"ListItem\",\"position\":3,\"name\":\"Rakt\u00e1roz\u00e1s\"}]},{\"@type\":\"WebSite\",\"@id\":\"https:\\\/\\\/multilog.hu\\\/#website\",\"url\":\"https:\\\/\\\/multilog.hu\\\/\",\"name\":\"Multilog Kft. | V\u00e1m\u00fcgyn\u00f6ks\u00e9g - Import-Export \u00fcgyint\u00e9z\u00e9s\",\"description\":\"A Multilog Kft. 20 \u00e9ves tapasztalattal \u00e9s \u00fajszer\u0171 digit\u00e1lis megold\u00e1sokkal  teszi hat\u00e9konny\u00e1 \u00e9s g\u00f6rd\u00fcl\u00e9kenny\u00e9 a v\u00e1m\u00fcgyint\u00e9z\u00e9st.  K\u00e9rj\u00fck n\u00e9zze meg szolg\u00e1ltat\u00e1sainkat \u00e9s keressen minket bizalommal!\",\"publisher\":{\"@id\":\"https:\\\/\\\/multilog.hu\\\/#organization\"},\"potentialAction\":[{\"@type\":\"SearchAction\",\"target\":{\"@type\":\"EntryPoint\",\"urlTemplate\":\"https:\\\/\\\/multilog.hu\\\/?s={search_term_string}\"},\"query-input\":{\"@type\":\"PropertyValueSpecification\",\"valueRequired\":true,\"valueName\":\"search_term_string\"}}],\"inLanguage\":\"en-GB\"},{\"@type\":\"Organization\",\"@id\":\"https:\\\/\\\/multilog.hu\\\/#organization\",\"name\":\"Multilog Kft.\",\"url\":\"https:\\\/\\\/multilog.hu\\\/\",\"logo\":{\"@type\":\"ImageObject\",\"inLanguage\":\"en-GB\",\"@id\":\"https:\\\/\\\/multilog.hu\\\/#\\\/schema\\\/logo\\\/image\\\/\",\"url\":\"https:\\\/\\\/multilog.hu\\\/wp-content\\\/uploads\\\/2020\\\/12\\\/main_logo.png\",\"contentUrl\":\"https:\\\/\\\/multilog.hu\\\/wp-content\\\/uploads\\\/2020\\\/12\\\/main_logo.png\",\"width\":1652,\"height\":757,\"caption\":\"Multilog Kft.\"},\"image\":{\"@id\":\"https:\\\/\\\/multilog.hu\\\/#\\\/schema\\\/logo\\\/image\\\/\"}}]}<\/script>","yoast_head_json":{"title":"Rakt\u00e1roz\u00e1s - Multilog Kft. | V\u00e1m\u00fcgyn\u00f6ks\u00e9g - Import-Export \u00fcgyint\u00e9z\u00e9s","description":"Multilog Kft. | V\u00e1m\u00fcgyn\u00f6ks\u00e9g - Import-Export \u00fcgyint\u00e9z\u00e9s","robots":{"index":"index","follow":"follow","max-snippet":"max-snippet:-1","max-image-preview":"max-image-preview:large","max-video-preview":"max-video-preview:-1"},"canonical":"https:\/\/multilog.hu\/en\/szolgaltatasok\/raktarozas\/","og_locale":"en_GB","og_type":"article","og_title":"Rakt\u00e1roz\u00e1s - Multilog Kft. | V\u00e1m\u00fcgyn\u00f6ks\u00e9g - Import-Export \u00fcgyint\u00e9z\u00e9s","og_description":"Multilog Kft. | V\u00e1m\u00fcgyn\u00f6ks\u00e9g - Import-Export \u00fcgyint\u00e9z\u00e9s","og_url":"https:\/\/multilog.hu\/en\/szolgaltatasok\/raktarozas\/","og_site_name":"Multilog Kft. | V\u00e1m\u00fcgyn\u00f6ks\u00e9g - Import-Export \u00fcgyint\u00e9z\u00e9s","article_modified_time":"2026-04-17T11:48:07+00:00","og_image":[{"width":1536,"height":1536,"url":"https:\/\/multilog.hu\/wp-content\/uploads\/2026\/04\/IMG_1977-1-e1776426472502.jpeg","type":"image\/jpeg"}],"twitter_card":"summary_large_image","twitter_misc":{"Estimated reading time":"2 minutes"},"schema":{"@context":"https:\/\/schema.org","@graph":[{"@type":"WebPage","@id":"https:\/\/multilog.hu\/szolgaltatasok\/raktarozas\/","url":"https:\/\/multilog.hu\/szolgaltatasok\/raktarozas\/","name":"Rakt\u00e1roz\u00e1s - Multilog Kft. | V\u00e1m\u00fcgyn\u00f6ks\u00e9g - Import-Export \u00fcgyint\u00e9z\u00e9s","isPartOf":{"@id":"https:\/\/multilog.hu\/#website"},"primaryImageOfPage":{"@id":"https:\/\/multilog.hu\/szolgaltatasok\/raktarozas\/#primaryimage"},"image":{"@id":"https:\/\/multilog.hu\/szolgaltatasok\/raktarozas\/#primaryimage"},"thumbnailUrl":"https:\/\/multilog.hu\/wp-content\/uploads\/2026\/04\/IMG_1977-1-e1776426472502.jpeg","datePublished":"2026-03-26T09:05:09+00:00","dateModified":"2026-04-17T11:48:07+00:00","description":"Multilog Kft. | V\u00e1m\u00fcgyn\u00f6ks\u00e9g - Import-Export \u00fcgyint\u00e9z\u00e9s","breadcrumb":{"@id":"https:\/\/multilog.hu\/szolgaltatasok\/raktarozas\/#breadcrumb"},"inLanguage":"en-GB","potentialAction":[{"@type":"ReadAction","target":["https:\/\/multilog.hu\/szolgaltatasok\/raktarozas\/"]}]},{"@type":"ImageObject","inLanguage":"en-GB","@id":"https:\/\/multilog.hu\/szolgaltatasok\/raktarozas\/#primaryimage","url":"https:\/\/multilog.hu\/wp-content\/uploads\/2026\/04\/IMG_1977-1-e1776426472502.jpeg","contentUrl":"https:\/\/multilog.hu\/wp-content\/uploads\/2026\/04\/IMG_1977-1-e1776426472502.jpeg","width":1536,"height":1536},{"@type":"BreadcrumbList","@id":"https:\/\/multilog.hu\/szolgaltatasok\/raktarozas\/#breadcrumb","itemListElement":[{"@type":"ListItem","position":1,"name":"F\u0151oldal","item":"https:\/\/multilog.hu\/fooldal-2\/"},{"@type":"ListItem","position":2,"name":"Szolg\u00e1ltat\u00e1sok","item":"https:\/\/multilog.hu\/szolgaltatasok\/"},{"@type":"ListItem","position":3,"name":"Rakt\u00e1roz\u00e1s"}]},{"@type":"WebSite","@id":"https:\/\/multilog.hu\/#website","url":"https:\/\/multilog.hu\/","name":"Multilog Kft. | V\u00e1m\u00fcgyn\u00f6ks\u00e9g - Import-Export \u00fcgyint\u00e9z\u00e9s","description":"A Multilog Kft. 20 \u00e9ves tapasztalattal \u00e9s \u00fajszer\u0171 digit\u00e1lis megold\u00e1sokkal  teszi hat\u00e9konny\u00e1 \u00e9s g\u00f6rd\u00fcl\u00e9kenny\u00e9 a v\u00e1m\u00fcgyint\u00e9z\u00e9st.  K\u00e9rj\u00fck n\u00e9zze meg szolg\u00e1ltat\u00e1sainkat \u00e9s keressen minket bizalommal!","publisher":{"@id":"https:\/\/multilog.hu\/#organization"},"potentialAction":[{"@type":"SearchAction","target":{"@type":"EntryPoint","urlTemplate":"https:\/\/multilog.hu\/?s={search_term_string}"},"query-input":{"@type":"PropertyValueSpecification","valueRequired":true,"valueName":"search_term_string"}}],"inLanguage":"en-GB"},{"@type":"Organization","@id":"https:\/\/multilog.hu\/#organization","name":"Multilog Kft.","url":"https:\/\/multilog.hu\/","logo":{"@type":"ImageObject","inLanguage":"en-GB","@id":"https:\/\/multilog.hu\/#\/schema\/logo\/image\/","url":"https:\/\/multilog.hu\/wp-content\/uploads\/2020\/12\/main_logo.png","contentUrl":"https:\/\/multilog.hu\/wp-content\/uploads\/2020\/12\/main_logo.png","width":1652,"height":757,"caption":"Multilog Kft."},"image":{"@id":"https:\/\/multilog.hu\/#\/schema\/logo\/image\/"}}]}},"_links":{"self":[{"href":"https:\/\/multilog.hu\/en\/wp-json\/wp\/v2\/pages\/1704","targetHints":{"allow":["GET"]}}],"collection":[{"href":"https:\/\/multilog.hu\/en\/wp-json\/wp\/v2\/pages"}],"about":[{"href":"https:\/\/multilog.hu\/en\/wp-json\/wp\/v2\/types\/page"}],"author":[{"embeddable":true,"href":"https:\/\/multilog.hu\/en\/wp-json\/wp\/v2\/users\/1"}],"replies":[{"embeddable":true,"href":"https:\/\/multilog.hu\/en\/wp-json\/wp\/v2\/comments?post=1704"}],"version-history":[{"count":1,"href":"https:\/\/multilog.hu\/en\/wp-json\/wp\/v2\/pages\/1704\/revisions"}],"predecessor-version":[{"id":1706,"href":"https:\/\/multilog.hu\/en\/wp-json\/wp\/v2\/pages\/1704\/revisions\/1706"}],"up":[{"embeddable":true,"href":"https:\/\/multilog.hu\/en\/wp-json\/wp\/v2\/pages\/14"}],"wp:featuredmedia":[{"embeddable":true,"href":"https:\/\/multilog.hu\/en\/wp-json\/wp\/v2\/media\/1868"}],"wp:attachment":[{"href":"https:\/\/multilog.hu\/en\/wp-json\/wp\/v2\/media?parent=1704"}],"wp:term":[{"taxonomy":"post_tag","embeddable":true,"href":"https:\/\/multilog.hu\/en\/wp-json\/wp\/v2\/tags?post=1704"}],"curies":[{"name":"wp","href":"https:\/\/api.w.org\/{rel}","templated":true}]}}