{"id":1701,"date":"2026-03-26T10:00:53","date_gmt":"2026-03-26T09:00:53","guid":{"rendered":"https:\/\/multilog.hu\/?page_id=1701"},"modified":"2026-03-26T10:01:43","modified_gmt":"2026-03-26T09:01:43","slug":"vamtanacsadas","status":"publish","type":"page","link":"https:\/\/multilog.hu\/en\/szolgaltatasok\/vamtanacsadas\/","title":{"rendered":"V\u00e1mtan\u00e1csad\u00e1s"},"content":{"rendered":"<p><strong>Szak\u00e9rt\u0151i t\u00e1mogat\u00e1s az \u00e1tl\u00e1that\u00f3 \u00e9s hat\u00e9kony v\u00e1m\u00fcgyint\u00e9z\u00e9si folyamatok\u00e9rt<\/strong><strong><\/strong><\/p>\n\n\n\n<p>A nemzetk\u00f6zi kereskedelemben r\u00e9szt vev\u0151 v\u00e1llalkoz\u00e1sok sz\u00e1m\u00e1ra a v\u00e1melj\u00e1r\u00e1sok gyakran \u00f6sszetett, id\u0151ig\u00e9nyes \u00e9s nehezen \u00e1tl\u00e1that\u00f3, v\u00e1ltoz\u00f3 szab\u00e1lyoz\u00e1si k\u00f6rnyezetet jelentenek. A megfelel\u0151en kialak\u00edtott, szak\u00e9rt\u0151i tud\u00e1son alapul\u00f3 v\u00e1mszab\u00e1lyoz\u00e1si elj\u00e1r\u00e1sok azonban jelent\u0151sen cs\u00f6kkenthetik az \u00fczleti kock\u00e1zatokat, optimaliz\u00e1lhatj\u00e1k a k\u00f6lts\u00e9geket, \u00e9s gyors\u00edthatj\u00e1k az \u00e1rumozg\u00e1sokat. A Multilog v\u00e1mtan\u00e1csad\u00e1si szolg\u00e1ltat\u00e1sa teljesk\u00f6r\u0171, szem\u00e9lyre szabott t\u00e1mogat\u00e1st biztos\u00edt, amely lehet\u0151v\u00e9 teszi a k\u00f6lts\u00e9ghat\u00e9kony, id\u0151takar\u00e9kos, nyomon k\u00f6vethet\u0151 \u00e1rumozgat\u00e1st orsz\u00e1gok, vagy ak\u00e1r kontinensek k\u00f6zt.<\/p>\n\n\n\n<p>Tan\u00e1csad\u00f3inknak k\u00f6sz\u00f6nhet\u0151en \u00e9rthet\u0151v\u00e9 \u00e9s megismerhet\u0151v\u00e9 v\u00e1lnak a sz\u00fcks\u00e9ges adminisztr\u00e1ci\u00f3s l\u00e9p\u00e9sek, v\u00e1melj\u00e1r\u00e1si-\u00e9s enged\u00e9lyt\u00edpusok, kedvezm\u00e9nyek \u00e9s tarifarendszerek. Ig\u00e9ny eset\u00e9n szak\u00e9rt\u0151i seg\u00edts\u00e9get tudunk ny\u00fajtani hat\u00f3s\u00e1gi egyeztet\u00e9sek \u00e9s ellen\u0151rz\u00e9sek sor\u00e1n is. C\u00e9lunk, hogy v\u00e1mtan\u00e1csad\u00e1s keret\u00e9ben \u00fcgyfeleinket a sz\u00fcks\u00e9ges m\u00e9rt\u00e9kig eduk\u00e1ljuk is, \u00edgy g\u00f6rd\u00fcl\u00e9kenny\u00e9 t\u00e9ve az egy\u00fcttm\u0171k\u00f6d\u00e9st; term\u00e9szetesen a professzion\u00e1lis v\u00e1mkezel\u00e9sekhez sz\u00fcks\u00e9ges tud\u00e1st folyamatosan biztos\u00edtva.<\/p>\n\n\n\n<p>A tan\u00e1csad\u00e1s keret\u00e9ben \u00e1tl\u00e1that\u00f3bb lesz a folyamat, a lehet\u0151 legjobb min\u0151s\u00e9g\u0171 szolg\u00e1ltat\u00e1s a megl\u00e9v\u0151 \u00e9s j\u00f6v\u0151beni \u00fcgyfeleink r\u00e9sz\u00e9re<\/p>\n\n\n\n<ul class=\"wp-block-list\">\n<li>halasztott v\u00e1mfizet\u00e9s lehet\u0151s\u00e9ge v\u00e1mtartoz\u00e1s megfizet\u00e9s\u00e9re, \u00e1tmeneti meg\u0151rz\u00e9sre \u00e9s ideiglenes behozatalra<ul><li>ut\u00f3lagos elj\u00e1r\u00e1sok int\u00e9z\u00e9se<\/li><\/ul><ul><li>ut\u00f3lagos ellen\u0151rz\u00e9sben val\u00f3 k\u00f6zrem\u0171k\u00f6d\u00e9s<\/li><\/ul><ul><li>k\u00e9pviselet a v\u00e1mhat\u00f3s\u00e1gi elj\u00e1r\u00e1sokban<\/li><\/ul><ul><li>foly\u00f3sz\u00e1mla \u00fcgyint\u00e9z\u00e9s, egyeztet\u00e9s<\/li><\/ul>\n<ul class=\"wp-block-list\">\n<li>v\u00e1mteher befizet\u00e9si szolg\u00e1ltat\u00e1s<\/li>\n<\/ul>\n<\/li>\n<\/ul>","protected":false},"excerpt":{"rendered":"<p>Szak\u00e9rt\u0151i t\u00e1mogat\u00e1s az \u00e1tl\u00e1that\u00f3 \u00e9s hat\u00e9kony v\u00e1m\u00fcgyint\u00e9z\u00e9si folyamatok\u00e9rt A nemzetk\u00f6zi kereskedelemben r\u00e9szt vev\u0151 v\u00e1llalkoz\u00e1sok sz\u00e1m\u00e1ra a v\u00e1melj\u00e1r\u00e1sok gyakran \u00f6sszetett, id\u0151ig\u00e9nyes \u00e9s nehezen \u00e1tl\u00e1that\u00f3, v\u00e1ltoz\u00f3 szab\u00e1lyoz\u00e1si k\u00f6rnyezetet jelentenek. A megfelel\u0151en kialak\u00edtott, szak\u00e9rt\u0151i tud\u00e1son alapul\u00f3 v\u00e1mszab\u00e1lyoz\u00e1si elj\u00e1r\u00e1sok azonban jelent\u0151sen cs\u00f6kkenthetik az \u00fczleti kock\u00e1zatokat, optimaliz\u00e1lhatj\u00e1k a k\u00f6lts\u00e9geket, \u00e9s gyors\u00edthatj\u00e1k az \u00e1rumozg\u00e1sokat. A Multilog v\u00e1mtan\u00e1csad\u00e1si szolg\u00e1ltat\u00e1sa teljesk\u00f6r\u0171, szem\u00e9lyre szabott [&hellip;]<\/p>\n","protected":false},"author":1,"featured_media":103,"parent":14,"menu_order":32,"comment_status":"closed","ping_status":"closed","template":"","meta":{"footnotes":"","_links_to":"","_links_to_target":""},"tags":[159,4],"class_list":["post-1701","page","type-page","status-publish","has-post-thumbnail","hentry","tag-fooldal","tag-szolgaltatasok"],"yoast_head":"<title>V\u00e1mtan\u00e1csad\u00e1s - Multilog Kft. | V\u00e1m\u00fcgyn\u00f6ks\u00e9g - Import-Export \u00fcgyint\u00e9z\u00e9s<\/title>\n<meta name=\"description\" content=\"Multilog Kft. | V\u00e1m\u00fcgyn\u00f6ks\u00e9g - Import-Export \u00fcgyint\u00e9z\u00e9s\" \/>\n<meta name=\"robots\" content=\"index, follow, max-snippet:-1, max-image-preview:large, max-video-preview:-1\" \/>\n<link rel=\"canonical\" href=\"https:\/\/multilog.hu\/en\/szolgaltatasok\/vamtanacsadas\/\" \/>\n<meta property=\"og:locale\" content=\"en_GB\" \/>\n<meta property=\"og:type\" content=\"article\" \/>\n<meta property=\"og:title\" content=\"V\u00e1mtan\u00e1csad\u00e1s - Multilog Kft. | V\u00e1m\u00fcgyn\u00f6ks\u00e9g - Import-Export \u00fcgyint\u00e9z\u00e9s\" \/>\n<meta property=\"og:description\" content=\"Multilog Kft. | V\u00e1m\u00fcgyn\u00f6ks\u00e9g - Import-Export \u00fcgyint\u00e9z\u00e9s\" \/>\n<meta property=\"og:url\" content=\"https:\/\/multilog.hu\/en\/szolgaltatasok\/vamtanacsadas\/\" \/>\n<meta property=\"og:site_name\" content=\"Multilog Kft. | V\u00e1m\u00fcgyn\u00f6ks\u00e9g - Import-Export \u00fcgyint\u00e9z\u00e9s\" \/>\n<meta property=\"article:modified_time\" content=\"2026-03-26T09:01:43+00:00\" \/>\n<meta property=\"og:image\" content=\"https:\/\/multilog.hu\/wp-content\/uploads\/2020\/12\/336-scaled-e1607977768342.jpg\" \/>\n\t<meta property=\"og:image:width\" content=\"500\" \/>\n\t<meta property=\"og:image:height\" content=\"500\" \/>\n\t<meta property=\"og:image:type\" content=\"image\/jpeg\" \/>\n<meta name=\"twitter:card\" content=\"summary_large_image\" \/>\n<meta name=\"twitter:label1\" content=\"Estimated reading time\" \/>\n\t<meta name=\"twitter:data1\" content=\"2 minutes\" \/>\n<script type=\"application\/ld+json\" class=\"yoast-schema-graph\">{\"@context\":\"https:\\\/\\\/schema.org\",\"@graph\":[{\"@type\":\"WebPage\",\"@id\":\"https:\\\/\\\/multilog.hu\\\/szolgaltatasok\\\/vamtanacsadas\\\/\",\"url\":\"https:\\\/\\\/multilog.hu\\\/szolgaltatasok\\\/vamtanacsadas\\\/\",\"name\":\"V\u00e1mtan\u00e1csad\u00e1s - Multilog Kft. | V\u00e1m\u00fcgyn\u00f6ks\u00e9g - Import-Export \u00fcgyint\u00e9z\u00e9s\",\"isPartOf\":{\"@id\":\"https:\\\/\\\/multilog.hu\\\/#website\"},\"primaryImageOfPage\":{\"@id\":\"https:\\\/\\\/multilog.hu\\\/szolgaltatasok\\\/vamtanacsadas\\\/#primaryimage\"},\"image\":{\"@id\":\"https:\\\/\\\/multilog.hu\\\/szolgaltatasok\\\/vamtanacsadas\\\/#primaryimage\"},\"thumbnailUrl\":\"https:\\\/\\\/multilog.hu\\\/wp-content\\\/uploads\\\/2020\\\/12\\\/336-scaled-e1607977768342.jpg\",\"datePublished\":\"2026-03-26T09:00:53+00:00\",\"dateModified\":\"2026-03-26T09:01:43+00:00\",\"description\":\"Multilog Kft. | V\u00e1m\u00fcgyn\u00f6ks\u00e9g - Import-Export \u00fcgyint\u00e9z\u00e9s\",\"breadcrumb\":{\"@id\":\"https:\\\/\\\/multilog.hu\\\/szolgaltatasok\\\/vamtanacsadas\\\/#breadcrumb\"},\"inLanguage\":\"en-GB\",\"potentialAction\":[{\"@type\":\"ReadAction\",\"target\":[\"https:\\\/\\\/multilog.hu\\\/szolgaltatasok\\\/vamtanacsadas\\\/\"]}]},{\"@type\":\"ImageObject\",\"inLanguage\":\"en-GB\",\"@id\":\"https:\\\/\\\/multilog.hu\\\/szolgaltatasok\\\/vamtanacsadas\\\/#primaryimage\",\"url\":\"https:\\\/\\\/multilog.hu\\\/wp-content\\\/uploads\\\/2020\\\/12\\\/336-scaled-e1607977768342.jpg\",\"contentUrl\":\"https:\\\/\\\/multilog.hu\\\/wp-content\\\/uploads\\\/2020\\\/12\\\/336-scaled-e1607977768342.jpg\",\"width\":500,\"height\":500,\"caption\":\"Businessman show export container on digital 3d world map screen\"},{\"@type\":\"BreadcrumbList\",\"@id\":\"https:\\\/\\\/multilog.hu\\\/szolgaltatasok\\\/vamtanacsadas\\\/#breadcrumb\",\"itemListElement\":[{\"@type\":\"ListItem\",\"position\":1,\"name\":\"F\u0151oldal\",\"item\":\"https:\\\/\\\/multilog.hu\\\/fooldal-2\\\/\"},{\"@type\":\"ListItem\",\"position\":2,\"name\":\"Szolg\u00e1ltat\u00e1sok\",\"item\":\"https:\\\/\\\/multilog.hu\\\/szolgaltatasok\\\/\"},{\"@type\":\"ListItem\",\"position\":3,\"name\":\"V\u00e1mtan\u00e1csad\u00e1s\"}]},{\"@type\":\"WebSite\",\"@id\":\"https:\\\/\\\/multilog.hu\\\/#website\",\"url\":\"https:\\\/\\\/multilog.hu\\\/\",\"name\":\"Multilog Kft. | V\u00e1m\u00fcgyn\u00f6ks\u00e9g - Import-Export \u00fcgyint\u00e9z\u00e9s\",\"description\":\"A Multilog Kft. 20 \u00e9ves tapasztalattal \u00e9s \u00fajszer\u0171 digit\u00e1lis megold\u00e1sokkal  teszi hat\u00e9konny\u00e1 \u00e9s g\u00f6rd\u00fcl\u00e9kenny\u00e9 a v\u00e1m\u00fcgyint\u00e9z\u00e9st.  K\u00e9rj\u00fck n\u00e9zze meg szolg\u00e1ltat\u00e1sainkat \u00e9s keressen minket bizalommal!\",\"publisher\":{\"@id\":\"https:\\\/\\\/multilog.hu\\\/#organization\"},\"potentialAction\":[{\"@type\":\"SearchAction\",\"target\":{\"@type\":\"EntryPoint\",\"urlTemplate\":\"https:\\\/\\\/multilog.hu\\\/?s={search_term_string}\"},\"query-input\":{\"@type\":\"PropertyValueSpecification\",\"valueRequired\":true,\"valueName\":\"search_term_string\"}}],\"inLanguage\":\"en-GB\"},{\"@type\":\"Organization\",\"@id\":\"https:\\\/\\\/multilog.hu\\\/#organization\",\"name\":\"Multilog Kft.\",\"url\":\"https:\\\/\\\/multilog.hu\\\/\",\"logo\":{\"@type\":\"ImageObject\",\"inLanguage\":\"en-GB\",\"@id\":\"https:\\\/\\\/multilog.hu\\\/#\\\/schema\\\/logo\\\/image\\\/\",\"url\":\"https:\\\/\\\/multilog.hu\\\/wp-content\\\/uploads\\\/2020\\\/12\\\/main_logo.png\",\"contentUrl\":\"https:\\\/\\\/multilog.hu\\\/wp-content\\\/uploads\\\/2020\\\/12\\\/main_logo.png\",\"width\":1652,\"height\":757,\"caption\":\"Multilog Kft.\"},\"image\":{\"@id\":\"https:\\\/\\\/multilog.hu\\\/#\\\/schema\\\/logo\\\/image\\\/\"}}]}<\/script>","yoast_head_json":{"title":"V\u00e1mtan\u00e1csad\u00e1s - Multilog Kft. | V\u00e1m\u00fcgyn\u00f6ks\u00e9g - Import-Export \u00fcgyint\u00e9z\u00e9s","description":"Multilog Kft. | V\u00e1m\u00fcgyn\u00f6ks\u00e9g - Import-Export \u00fcgyint\u00e9z\u00e9s","robots":{"index":"index","follow":"follow","max-snippet":"max-snippet:-1","max-image-preview":"max-image-preview:large","max-video-preview":"max-video-preview:-1"},"canonical":"https:\/\/multilog.hu\/en\/szolgaltatasok\/vamtanacsadas\/","og_locale":"en_GB","og_type":"article","og_title":"V\u00e1mtan\u00e1csad\u00e1s - Multilog Kft. | V\u00e1m\u00fcgyn\u00f6ks\u00e9g - Import-Export \u00fcgyint\u00e9z\u00e9s","og_description":"Multilog Kft. | V\u00e1m\u00fcgyn\u00f6ks\u00e9g - Import-Export \u00fcgyint\u00e9z\u00e9s","og_url":"https:\/\/multilog.hu\/en\/szolgaltatasok\/vamtanacsadas\/","og_site_name":"Multilog Kft. | V\u00e1m\u00fcgyn\u00f6ks\u00e9g - Import-Export \u00fcgyint\u00e9z\u00e9s","article_modified_time":"2026-03-26T09:01:43+00:00","og_image":[{"width":500,"height":500,"url":"https:\/\/multilog.hu\/wp-content\/uploads\/2020\/12\/336-scaled-e1607977768342.jpg","type":"image\/jpeg"}],"twitter_card":"summary_large_image","twitter_misc":{"Estimated reading time":"2 minutes"},"schema":{"@context":"https:\/\/schema.org","@graph":[{"@type":"WebPage","@id":"https:\/\/multilog.hu\/szolgaltatasok\/vamtanacsadas\/","url":"https:\/\/multilog.hu\/szolgaltatasok\/vamtanacsadas\/","name":"V\u00e1mtan\u00e1csad\u00e1s - Multilog Kft. | V\u00e1m\u00fcgyn\u00f6ks\u00e9g - Import-Export \u00fcgyint\u00e9z\u00e9s","isPartOf":{"@id":"https:\/\/multilog.hu\/#website"},"primaryImageOfPage":{"@id":"https:\/\/multilog.hu\/szolgaltatasok\/vamtanacsadas\/#primaryimage"},"image":{"@id":"https:\/\/multilog.hu\/szolgaltatasok\/vamtanacsadas\/#primaryimage"},"thumbnailUrl":"https:\/\/multilog.hu\/wp-content\/uploads\/2020\/12\/336-scaled-e1607977768342.jpg","datePublished":"2026-03-26T09:00:53+00:00","dateModified":"2026-03-26T09:01:43+00:00","description":"Multilog Kft. | V\u00e1m\u00fcgyn\u00f6ks\u00e9g - Import-Export \u00fcgyint\u00e9z\u00e9s","breadcrumb":{"@id":"https:\/\/multilog.hu\/szolgaltatasok\/vamtanacsadas\/#breadcrumb"},"inLanguage":"en-GB","potentialAction":[{"@type":"ReadAction","target":["https:\/\/multilog.hu\/szolgaltatasok\/vamtanacsadas\/"]}]},{"@type":"ImageObject","inLanguage":"en-GB","@id":"https:\/\/multilog.hu\/szolgaltatasok\/vamtanacsadas\/#primaryimage","url":"https:\/\/multilog.hu\/wp-content\/uploads\/2020\/12\/336-scaled-e1607977768342.jpg","contentUrl":"https:\/\/multilog.hu\/wp-content\/uploads\/2020\/12\/336-scaled-e1607977768342.jpg","width":500,"height":500,"caption":"Businessman show export container on digital 3d world map screen"},{"@type":"BreadcrumbList","@id":"https:\/\/multilog.hu\/szolgaltatasok\/vamtanacsadas\/#breadcrumb","itemListElement":[{"@type":"ListItem","position":1,"name":"F\u0151oldal","item":"https:\/\/multilog.hu\/fooldal-2\/"},{"@type":"ListItem","position":2,"name":"Szolg\u00e1ltat\u00e1sok","item":"https:\/\/multilog.hu\/szolgaltatasok\/"},{"@type":"ListItem","position":3,"name":"V\u00e1mtan\u00e1csad\u00e1s"}]},{"@type":"WebSite","@id":"https:\/\/multilog.hu\/#website","url":"https:\/\/multilog.hu\/","name":"Multilog Kft. | V\u00e1m\u00fcgyn\u00f6ks\u00e9g - Import-Export \u00fcgyint\u00e9z\u00e9s","description":"A Multilog Kft. 20 \u00e9ves tapasztalattal \u00e9s \u00fajszer\u0171 digit\u00e1lis megold\u00e1sokkal  teszi hat\u00e9konny\u00e1 \u00e9s g\u00f6rd\u00fcl\u00e9kenny\u00e9 a v\u00e1m\u00fcgyint\u00e9z\u00e9st.  K\u00e9rj\u00fck n\u00e9zze meg szolg\u00e1ltat\u00e1sainkat \u00e9s keressen minket bizalommal!","publisher":{"@id":"https:\/\/multilog.hu\/#organization"},"potentialAction":[{"@type":"SearchAction","target":{"@type":"EntryPoint","urlTemplate":"https:\/\/multilog.hu\/?s={search_term_string}"},"query-input":{"@type":"PropertyValueSpecification","valueRequired":true,"valueName":"search_term_string"}}],"inLanguage":"en-GB"},{"@type":"Organization","@id":"https:\/\/multilog.hu\/#organization","name":"Multilog Kft.","url":"https:\/\/multilog.hu\/","logo":{"@type":"ImageObject","inLanguage":"en-GB","@id":"https:\/\/multilog.hu\/#\/schema\/logo\/image\/","url":"https:\/\/multilog.hu\/wp-content\/uploads\/2020\/12\/main_logo.png","contentUrl":"https:\/\/multilog.hu\/wp-content\/uploads\/2020\/12\/main_logo.png","width":1652,"height":757,"caption":"Multilog Kft."},"image":{"@id":"https:\/\/multilog.hu\/#\/schema\/logo\/image\/"}}]}},"_links":{"self":[{"href":"https:\/\/multilog.hu\/en\/wp-json\/wp\/v2\/pages\/1701","targetHints":{"allow":["GET"]}}],"collection":[{"href":"https:\/\/multilog.hu\/en\/wp-json\/wp\/v2\/pages"}],"about":[{"href":"https:\/\/multilog.hu\/en\/wp-json\/wp\/v2\/types\/page"}],"author":[{"embeddable":true,"href":"https:\/\/multilog.hu\/en\/wp-json\/wp\/v2\/users\/1"}],"replies":[{"embeddable":true,"href":"https:\/\/multilog.hu\/en\/wp-json\/wp\/v2\/comments?post=1701"}],"version-history":[{"count":1,"href":"https:\/\/multilog.hu\/en\/wp-json\/wp\/v2\/pages\/1701\/revisions"}],"predecessor-version":[{"id":1703,"href":"https:\/\/multilog.hu\/en\/wp-json\/wp\/v2\/pages\/1701\/revisions\/1703"}],"up":[{"embeddable":true,"href":"https:\/\/multilog.hu\/en\/wp-json\/wp\/v2\/pages\/14"}],"wp:featuredmedia":[{"embeddable":true,"href":"https:\/\/multilog.hu\/en\/wp-json\/wp\/v2\/media\/103"}],"wp:attachment":[{"href":"https:\/\/multilog.hu\/en\/wp-json\/wp\/v2\/media?parent=1701"}],"wp:term":[{"taxonomy":"post_tag","embeddable":true,"href":"https:\/\/multilog.hu\/en\/wp-json\/wp\/v2\/tags?post=1701"}],"curies":[{"name":"wp","href":"https:\/\/api.w.org\/{rel}","templated":true}]}}