{"id":1698,"date":"2026-03-26T09:50:04","date_gmt":"2026-03-26T08:50:04","guid":{"rendered":"https:\/\/multilog.hu\/?page_id=1698"},"modified":"2026-03-26T09:50:10","modified_gmt":"2026-03-26T08:50:10","slug":"arutovabbitas","status":"publish","type":"page","link":"https:\/\/multilog.hu\/en\/szolgaltatasok\/arutovabbitas\/","title":{"rendered":"\u00c1rutov\u00e1bb\u00edt\u00e1s"},"content":{"rendered":"<p><strong>Biztons\u00e1gban a v\u00e1mfel\u00fcgyelet alatt mozg\u00f3 \u00e1ruk<\/strong><strong><\/strong><\/p>\n\n\n\n<p>Az \u00e1rutov\u00e1bb\u00edt\u00e1s, m\u00e1s n\u00e9ven T-elj\u00e1r\u00e1s, a nemzetk\u00f6zi kereskedelem meghat\u00e1roz\u00f3 v\u00e1melj\u00e1r\u00e1sa. Fontos szerepet t\u00f6lt be azokn\u00e1l a sz\u00e1ll\u00edtm\u00e1nyokn\u00e1l, amelyek harmadik orsz\u00e1gon haladnak \u00e1t.<\/p>\n\n\n\n<p>A Multilog V\u00e1m\u00fcgyn\u00f6ks\u00e9g kiemelt figyelemmel \u00e9s szak\u00e9rtelemmel kezeli az \u00e1rutov\u00e1bb\u00edt\u00e1ssal kapcsolatos feladatokat. \u00dcgyfeleink sz\u00e1m\u00e1ra biztos\u00edtjuk, hogy a v\u00e1mfel\u00fcgyelet alatt mozg\u00f3 \u00e1ruk a jogszab\u00e1lyoknak megfelel\u0151en, hat\u00e1rid\u0151re \u00e9s biztons\u00e1gosan \u00e9rkezzenek meg c\u00e9l\u00e1llom\u00e1sukra. A T-elj\u00e1r\u00e1s sor\u00e1n a gyorsas\u00e1g mellett kiemelt szempont a pontoss\u00e1g, a nyomon k\u00f6vethet\u0151s\u00e9g, az ellen\u0151rizhet\u0151s\u00e9g, a jogszer\u0171s\u00e9g \u00e9s a kock\u00e1zatminimaliz\u00e1l\u00e1s.<\/p>\n\n\n\n<p>Szolg\u00e1ltat\u00e1sunk keret\u00e9ben v\u00e1llaljuk a dokumentumok elk\u00e9sz\u00edt\u00e9s\u00e9t \u00e9s kezel\u00e9s\u00e9t, ide\u00e9rtve a T1 vagy T2 \u00e1rutov\u00e1bb\u00edt\u00e1si okm\u00e1nyok ki\u00e1ll\u00edt\u00e1s\u00e1t is. \u00c1rutov\u00e1bb\u00edt\u00e1si szolg\u00e1ltat\u00e1sunk r\u00e9sze tov\u00e1bb\u00e1 az elektronikus rendszerekben t\u00f6rt\u00e9n\u0151 r\u00f6gz\u00edt\u00e9s, a v\u00e1mhat\u00f3s\u00e1gokkal val\u00f3 kapcsolattart\u00e1s \u00e9s a sz\u00e1ll\u00edtm\u00e1ny folyamatos, naprak\u00e9sz nyomon k\u00f6vet\u00e9se. C\u00e9lunk, hogy \u00fcgyfeleink sz\u00e1m\u00e1ra az \u00c1rutov\u00e1bb\u00edt\u00e1s folyamata egyszer\u0171, gyors, k\u00f6lts\u00e9ghat\u00e9kony \u00e9s pontos legyen.<\/p>\n\n\n\n<ul class=\"wp-block-list\">\n<li>NCTS bejelent\u00e9sek, \u00e1rutov\u00e1bb\u00edt\u00e1s lez\u00e1r\u00e1sa<ul><li>T1 \/ T2 ind\u00edt\u00e1s \u00e9s \u00e9rkeztet\u00e9s<\/li><\/ul><ul><li>T2L \u00e9s T2LF okm\u00e1nyok \u00e9rv\u00e9nyes\u00edt\u00e9se PoUS rendszerben<\/li><\/ul><ul><li>TIR \u00e9s ATA kezel\u00e9s<\/li><\/ul>\n<ul class=\"wp-block-list\">\n<li>nemzetk\u00f6zi garanciav\u00e1llal\u00e1s az uni\u00f3s \u00e1rutov\u00e1bb\u00edt\u00e1si \u00e9s a Tranzitegyezm\u00e9ny szerinti \u00e1rutov\u00e1bb\u00edt\u00e1si \u2013 elj\u00e1r\u00e1sban TC31 Kezess\u00e9gi tan\u00fas\u00edtv\u00e1nnyal, vagy TC33 tan\u00fas\u00edtv\u00e1nnyal<\/li>\n<\/ul>\n<\/li>\n<\/ul>","protected":false},"excerpt":{"rendered":"<p>Biztons\u00e1gban a v\u00e1mfel\u00fcgyelet alatt mozg\u00f3 \u00e1ruk Az \u00e1rutov\u00e1bb\u00edt\u00e1s, m\u00e1s n\u00e9ven T-elj\u00e1r\u00e1s, a nemzetk\u00f6zi kereskedelem meghat\u00e1roz\u00f3 v\u00e1melj\u00e1r\u00e1sa. Fontos szerepet t\u00f6lt be azokn\u00e1l a sz\u00e1ll\u00edtm\u00e1nyokn\u00e1l, amelyek harmadik orsz\u00e1gon haladnak \u00e1t. A Multilog V\u00e1m\u00fcgyn\u00f6ks\u00e9g kiemelt figyelemmel \u00e9s szak\u00e9rtelemmel kezeli az \u00e1rutov\u00e1bb\u00edt\u00e1ssal kapcsolatos feladatokat. \u00dcgyfeleink sz\u00e1m\u00e1ra biztos\u00edtjuk, hogy a v\u00e1mfel\u00fcgyelet alatt mozg\u00f3 \u00e1ruk a jogszab\u00e1lyoknak megfelel\u0151en, hat\u00e1rid\u0151re \u00e9s biztons\u00e1gosan [&hellip;]<\/p>\n","protected":false},"author":1,"featured_media":106,"parent":14,"menu_order":32,"comment_status":"closed","ping_status":"closed","template":"","meta":{"footnotes":"","_links_to":"","_links_to_target":""},"tags":[159,4],"class_list":["post-1698","page","type-page","status-publish","has-post-thumbnail","hentry","tag-fooldal","tag-szolgaltatasok"],"yoast_head":"<title>\u00c1rutov\u00e1bb\u00edt\u00e1s - Multilog Kft. | V\u00e1m\u00fcgyn\u00f6ks\u00e9g - Import-Export \u00fcgyint\u00e9z\u00e9s<\/title>\n<meta name=\"description\" content=\"Multilog Kft. | V\u00e1m\u00fcgyn\u00f6ks\u00e9g - Import-Export \u00fcgyint\u00e9z\u00e9s\" \/>\n<meta name=\"robots\" content=\"index, follow, max-snippet:-1, max-image-preview:large, max-video-preview:-1\" \/>\n<link rel=\"canonical\" href=\"https:\/\/multilog.hu\/en\/szolgaltatasok\/arutovabbitas\/\" \/>\n<meta property=\"og:locale\" content=\"en_GB\" \/>\n<meta property=\"og:type\" content=\"article\" \/>\n<meta property=\"og:title\" content=\"\u00c1rutov\u00e1bb\u00edt\u00e1s - Multilog Kft. | V\u00e1m\u00fcgyn\u00f6ks\u00e9g - Import-Export \u00fcgyint\u00e9z\u00e9s\" \/>\n<meta property=\"og:description\" content=\"Multilog Kft. | V\u00e1m\u00fcgyn\u00f6ks\u00e9g - Import-Export \u00fcgyint\u00e9z\u00e9s\" \/>\n<meta property=\"og:url\" content=\"https:\/\/multilog.hu\/en\/szolgaltatasok\/arutovabbitas\/\" \/>\n<meta property=\"og:site_name\" content=\"Multilog Kft. | V\u00e1m\u00fcgyn\u00f6ks\u00e9g - Import-Export \u00fcgyint\u00e9z\u00e9s\" \/>\n<meta property=\"article:modified_time\" content=\"2026-03-26T08:50:10+00:00\" \/>\n<meta property=\"og:image\" content=\"https:\/\/multilog.hu\/wp-content\/uploads\/2020\/12\/214-scaled-e1607977817990.jpg\" \/>\n\t<meta property=\"og:image:width\" content=\"500\" \/>\n\t<meta property=\"og:image:height\" content=\"500\" \/>\n\t<meta property=\"og:image:type\" content=\"image\/jpeg\" \/>\n<meta name=\"twitter:card\" content=\"summary_large_image\" \/>\n<meta name=\"twitter:label1\" content=\"Estimated reading time\" \/>\n\t<meta name=\"twitter:data1\" content=\"2 minutes\" \/>\n<script type=\"application\/ld+json\" class=\"yoast-schema-graph\">{\"@context\":\"https:\\\/\\\/schema.org\",\"@graph\":[{\"@type\":\"WebPage\",\"@id\":\"https:\\\/\\\/multilog.hu\\\/szolgaltatasok\\\/arutovabbitas\\\/\",\"url\":\"https:\\\/\\\/multilog.hu\\\/szolgaltatasok\\\/arutovabbitas\\\/\",\"name\":\"\u00c1rutov\u00e1bb\u00edt\u00e1s - Multilog Kft. | V\u00e1m\u00fcgyn\u00f6ks\u00e9g - Import-Export \u00fcgyint\u00e9z\u00e9s\",\"isPartOf\":{\"@id\":\"https:\\\/\\\/multilog.hu\\\/#website\"},\"primaryImageOfPage\":{\"@id\":\"https:\\\/\\\/multilog.hu\\\/szolgaltatasok\\\/arutovabbitas\\\/#primaryimage\"},\"image\":{\"@id\":\"https:\\\/\\\/multilog.hu\\\/szolgaltatasok\\\/arutovabbitas\\\/#primaryimage\"},\"thumbnailUrl\":\"https:\\\/\\\/multilog.hu\\\/wp-content\\\/uploads\\\/2020\\\/12\\\/214-scaled-e1607977817990.jpg\",\"datePublished\":\"2026-03-26T08:50:04+00:00\",\"dateModified\":\"2026-03-26T08:50:10+00:00\",\"description\":\"Multilog Kft. | V\u00e1m\u00fcgyn\u00f6ks\u00e9g - Import-Export \u00fcgyint\u00e9z\u00e9s\",\"breadcrumb\":{\"@id\":\"https:\\\/\\\/multilog.hu\\\/szolgaltatasok\\\/arutovabbitas\\\/#breadcrumb\"},\"inLanguage\":\"en-GB\",\"potentialAction\":[{\"@type\":\"ReadAction\",\"target\":[\"https:\\\/\\\/multilog.hu\\\/szolgaltatasok\\\/arutovabbitas\\\/\"]}]},{\"@type\":\"ImageObject\",\"inLanguage\":\"en-GB\",\"@id\":\"https:\\\/\\\/multilog.hu\\\/szolgaltatasok\\\/arutovabbitas\\\/#primaryimage\",\"url\":\"https:\\\/\\\/multilog.hu\\\/wp-content\\\/uploads\\\/2020\\\/12\\\/214-scaled-e1607977817990.jpg\",\"contentUrl\":\"https:\\\/\\\/multilog.hu\\\/wp-content\\\/uploads\\\/2020\\\/12\\\/214-scaled-e1607977817990.jpg\",\"width\":500,\"height\":500},{\"@type\":\"BreadcrumbList\",\"@id\":\"https:\\\/\\\/multilog.hu\\\/szolgaltatasok\\\/arutovabbitas\\\/#breadcrumb\",\"itemListElement\":[{\"@type\":\"ListItem\",\"position\":1,\"name\":\"F\u0151oldal\",\"item\":\"https:\\\/\\\/multilog.hu\\\/fooldal-2\\\/\"},{\"@type\":\"ListItem\",\"position\":2,\"name\":\"Szolg\u00e1ltat\u00e1sok\",\"item\":\"https:\\\/\\\/multilog.hu\\\/szolgaltatasok\\\/\"},{\"@type\":\"ListItem\",\"position\":3,\"name\":\"\u00c1rutov\u00e1bb\u00edt\u00e1s\"}]},{\"@type\":\"WebSite\",\"@id\":\"https:\\\/\\\/multilog.hu\\\/#website\",\"url\":\"https:\\\/\\\/multilog.hu\\\/\",\"name\":\"Multilog Kft. | V\u00e1m\u00fcgyn\u00f6ks\u00e9g - Import-Export \u00fcgyint\u00e9z\u00e9s\",\"description\":\"A Multilog Kft. 20 \u00e9ves tapasztalattal \u00e9s \u00fajszer\u0171 digit\u00e1lis megold\u00e1sokkal  teszi hat\u00e9konny\u00e1 \u00e9s g\u00f6rd\u00fcl\u00e9kenny\u00e9 a v\u00e1m\u00fcgyint\u00e9z\u00e9st.  K\u00e9rj\u00fck n\u00e9zze meg szolg\u00e1ltat\u00e1sainkat \u00e9s keressen minket bizalommal!\",\"publisher\":{\"@id\":\"https:\\\/\\\/multilog.hu\\\/#organization\"},\"potentialAction\":[{\"@type\":\"SearchAction\",\"target\":{\"@type\":\"EntryPoint\",\"urlTemplate\":\"https:\\\/\\\/multilog.hu\\\/?s={search_term_string}\"},\"query-input\":{\"@type\":\"PropertyValueSpecification\",\"valueRequired\":true,\"valueName\":\"search_term_string\"}}],\"inLanguage\":\"en-GB\"},{\"@type\":\"Organization\",\"@id\":\"https:\\\/\\\/multilog.hu\\\/#organization\",\"name\":\"Multilog Kft.\",\"url\":\"https:\\\/\\\/multilog.hu\\\/\",\"logo\":{\"@type\":\"ImageObject\",\"inLanguage\":\"en-GB\",\"@id\":\"https:\\\/\\\/multilog.hu\\\/#\\\/schema\\\/logo\\\/image\\\/\",\"url\":\"https:\\\/\\\/multilog.hu\\\/wp-content\\\/uploads\\\/2020\\\/12\\\/main_logo.png\",\"contentUrl\":\"https:\\\/\\\/multilog.hu\\\/wp-content\\\/uploads\\\/2020\\\/12\\\/main_logo.png\",\"width\":1652,\"height\":757,\"caption\":\"Multilog Kft.\"},\"image\":{\"@id\":\"https:\\\/\\\/multilog.hu\\\/#\\\/schema\\\/logo\\\/image\\\/\"}}]}<\/script>","yoast_head_json":{"title":"\u00c1rutov\u00e1bb\u00edt\u00e1s - Multilog Kft. | V\u00e1m\u00fcgyn\u00f6ks\u00e9g - Import-Export \u00fcgyint\u00e9z\u00e9s","description":"Multilog Kft. | V\u00e1m\u00fcgyn\u00f6ks\u00e9g - Import-Export \u00fcgyint\u00e9z\u00e9s","robots":{"index":"index","follow":"follow","max-snippet":"max-snippet:-1","max-image-preview":"max-image-preview:large","max-video-preview":"max-video-preview:-1"},"canonical":"https:\/\/multilog.hu\/en\/szolgaltatasok\/arutovabbitas\/","og_locale":"en_GB","og_type":"article","og_title":"\u00c1rutov\u00e1bb\u00edt\u00e1s - Multilog Kft. | V\u00e1m\u00fcgyn\u00f6ks\u00e9g - Import-Export \u00fcgyint\u00e9z\u00e9s","og_description":"Multilog Kft. | V\u00e1m\u00fcgyn\u00f6ks\u00e9g - Import-Export \u00fcgyint\u00e9z\u00e9s","og_url":"https:\/\/multilog.hu\/en\/szolgaltatasok\/arutovabbitas\/","og_site_name":"Multilog Kft. | V\u00e1m\u00fcgyn\u00f6ks\u00e9g - Import-Export \u00fcgyint\u00e9z\u00e9s","article_modified_time":"2026-03-26T08:50:10+00:00","og_image":[{"width":500,"height":500,"url":"https:\/\/multilog.hu\/wp-content\/uploads\/2020\/12\/214-scaled-e1607977817990.jpg","type":"image\/jpeg"}],"twitter_card":"summary_large_image","twitter_misc":{"Estimated reading time":"2 minutes"},"schema":{"@context":"https:\/\/schema.org","@graph":[{"@type":"WebPage","@id":"https:\/\/multilog.hu\/szolgaltatasok\/arutovabbitas\/","url":"https:\/\/multilog.hu\/szolgaltatasok\/arutovabbitas\/","name":"\u00c1rutov\u00e1bb\u00edt\u00e1s - Multilog Kft. | V\u00e1m\u00fcgyn\u00f6ks\u00e9g - Import-Export \u00fcgyint\u00e9z\u00e9s","isPartOf":{"@id":"https:\/\/multilog.hu\/#website"},"primaryImageOfPage":{"@id":"https:\/\/multilog.hu\/szolgaltatasok\/arutovabbitas\/#primaryimage"},"image":{"@id":"https:\/\/multilog.hu\/szolgaltatasok\/arutovabbitas\/#primaryimage"},"thumbnailUrl":"https:\/\/multilog.hu\/wp-content\/uploads\/2020\/12\/214-scaled-e1607977817990.jpg","datePublished":"2026-03-26T08:50:04+00:00","dateModified":"2026-03-26T08:50:10+00:00","description":"Multilog Kft. | V\u00e1m\u00fcgyn\u00f6ks\u00e9g - Import-Export \u00fcgyint\u00e9z\u00e9s","breadcrumb":{"@id":"https:\/\/multilog.hu\/szolgaltatasok\/arutovabbitas\/#breadcrumb"},"inLanguage":"en-GB","potentialAction":[{"@type":"ReadAction","target":["https:\/\/multilog.hu\/szolgaltatasok\/arutovabbitas\/"]}]},{"@type":"ImageObject","inLanguage":"en-GB","@id":"https:\/\/multilog.hu\/szolgaltatasok\/arutovabbitas\/#primaryimage","url":"https:\/\/multilog.hu\/wp-content\/uploads\/2020\/12\/214-scaled-e1607977817990.jpg","contentUrl":"https:\/\/multilog.hu\/wp-content\/uploads\/2020\/12\/214-scaled-e1607977817990.jpg","width":500,"height":500},{"@type":"BreadcrumbList","@id":"https:\/\/multilog.hu\/szolgaltatasok\/arutovabbitas\/#breadcrumb","itemListElement":[{"@type":"ListItem","position":1,"name":"F\u0151oldal","item":"https:\/\/multilog.hu\/fooldal-2\/"},{"@type":"ListItem","position":2,"name":"Szolg\u00e1ltat\u00e1sok","item":"https:\/\/multilog.hu\/szolgaltatasok\/"},{"@type":"ListItem","position":3,"name":"\u00c1rutov\u00e1bb\u00edt\u00e1s"}]},{"@type":"WebSite","@id":"https:\/\/multilog.hu\/#website","url":"https:\/\/multilog.hu\/","name":"Multilog Kft. | V\u00e1m\u00fcgyn\u00f6ks\u00e9g - Import-Export \u00fcgyint\u00e9z\u00e9s","description":"A Multilog Kft. 20 \u00e9ves tapasztalattal \u00e9s \u00fajszer\u0171 digit\u00e1lis megold\u00e1sokkal  teszi hat\u00e9konny\u00e1 \u00e9s g\u00f6rd\u00fcl\u00e9kenny\u00e9 a v\u00e1m\u00fcgyint\u00e9z\u00e9st.  K\u00e9rj\u00fck n\u00e9zze meg szolg\u00e1ltat\u00e1sainkat \u00e9s keressen minket bizalommal!","publisher":{"@id":"https:\/\/multilog.hu\/#organization"},"potentialAction":[{"@type":"SearchAction","target":{"@type":"EntryPoint","urlTemplate":"https:\/\/multilog.hu\/?s={search_term_string}"},"query-input":{"@type":"PropertyValueSpecification","valueRequired":true,"valueName":"search_term_string"}}],"inLanguage":"en-GB"},{"@type":"Organization","@id":"https:\/\/multilog.hu\/#organization","name":"Multilog Kft.","url":"https:\/\/multilog.hu\/","logo":{"@type":"ImageObject","inLanguage":"en-GB","@id":"https:\/\/multilog.hu\/#\/schema\/logo\/image\/","url":"https:\/\/multilog.hu\/wp-content\/uploads\/2020\/12\/main_logo.png","contentUrl":"https:\/\/multilog.hu\/wp-content\/uploads\/2020\/12\/main_logo.png","width":1652,"height":757,"caption":"Multilog Kft."},"image":{"@id":"https:\/\/multilog.hu\/#\/schema\/logo\/image\/"}}]}},"_links":{"self":[{"href":"https:\/\/multilog.hu\/en\/wp-json\/wp\/v2\/pages\/1698","targetHints":{"allow":["GET"]}}],"collection":[{"href":"https:\/\/multilog.hu\/en\/wp-json\/wp\/v2\/pages"}],"about":[{"href":"https:\/\/multilog.hu\/en\/wp-json\/wp\/v2\/types\/page"}],"author":[{"embeddable":true,"href":"https:\/\/multilog.hu\/en\/wp-json\/wp\/v2\/users\/1"}],"replies":[{"embeddable":true,"href":"https:\/\/multilog.hu\/en\/wp-json\/wp\/v2\/comments?post=1698"}],"version-history":[{"count":1,"href":"https:\/\/multilog.hu\/en\/wp-json\/wp\/v2\/pages\/1698\/revisions"}],"predecessor-version":[{"id":1700,"href":"https:\/\/multilog.hu\/en\/wp-json\/wp\/v2\/pages\/1698\/revisions\/1700"}],"up":[{"embeddable":true,"href":"https:\/\/multilog.hu\/en\/wp-json\/wp\/v2\/pages\/14"}],"wp:featuredmedia":[{"embeddable":true,"href":"https:\/\/multilog.hu\/en\/wp-json\/wp\/v2\/media\/106"}],"wp:attachment":[{"href":"https:\/\/multilog.hu\/en\/wp-json\/wp\/v2\/media?parent=1698"}],"wp:term":[{"taxonomy":"post_tag","embeddable":true,"href":"https:\/\/multilog.hu\/en\/wp-json\/wp\/v2\/tags?post=1698"}],"curies":[{"name":"wp","href":"https:\/\/api.w.org\/{rel}","templated":true}]}}