{"id":1632,"date":"2025-04-22T15:59:20","date_gmt":"2025-04-22T13:59:20","guid":{"rendered":"https:\/\/multilogkft.hu\/?page_id=1632"},"modified":"2025-04-22T16:03:44","modified_gmt":"2025-04-22T14:03:44","slug":"ginop-plusz-3-2-1-21","status":"publish","type":"page","link":"https:\/\/multilog.hu\/en\/ginop-plusz-3-2-1-21\/","title":{"rendered":"GINOP Plusz-3.2.1-21"},"content":{"rendered":"<p class=\"has-text-align-left text-justify\"><strong><em>A munkav\u00e1llal\u00f3k \u00e9s v\u00e1llalatok alkalmazkod\u00f3k\u00e9pess\u00e9g\u00e9nek \u00e9s termel\u00e9kenys\u00e9g\u00e9nek jav\u00edt\u00e1sa a munkaer\u0151 fejleszt\u00e9s\u00e9n kereszt\u00fcl t\u00f6rt\u00e9n\u0151 t\u00e1mogat\u00e1s\u00e1r\u00f3l<\/em><\/strong><\/p>\n\n\n\n<p class=\"has-text-align-left text-justify\">A p\u00e1ly\u00e1zat&nbsp;c\u00e9lja munkahelyi angol nyelvi k\u00e9pz\u00e9s megval\u00f3s\u00edt\u00e1sa a Multilog kereskedelmi \u00e9s Szolg\u00e1ltat\u00f3&nbsp;Kft. munkav\u00e1llal\u00f3i sz\u00e1m\u00e1ra, ezzel n\u00f6velve v\u00e1llalatunk termel\u00e9kenys\u00e9g\u00e9t. A k\u00e9pz\u00e9s c\u00e9g\u00fcnk budapesti&nbsp;telephely\u00e9n, a&nbsp;DOVER Nyelvi Centrum Kft. k\u00f6zrem\u0171k\u00f6d\u00e9s\u00e9vel uni\u00f3s p\u00e1ly\u00e1zati forr\u00e1sb\u00f3l val\u00f3sult meg.<\/p>\n\n\n<!-- wp:paragraph {\"align\":\"left\"}-->\n<p class=\"has-text-align-left text-justify\"><strong>Kedvezm\u00e9nyezett neve:<\/strong>&nbsp;Multilog Kereskedelmi \u00e9s Szolg\u00e1ltat\u00f3 Kft.<br><strong>Fejleszt\u00e9s t\u00e1rgya:&nbsp;<\/strong>A munkav\u00e1llal\u00f3k \u00e9s v\u00e1llalatok alkalmazkod\u00f3k\u00e9pess\u00e9g\u00e9nek \u00e9s termel\u00e9kenys\u00e9g\u00e9nek jav\u00edt\u00e1sa a munkaer\u0151 fejleszt\u00e9s\u00e9n kereszt\u00fcl<br><strong>Iktat\u00f3sz\u00e1m:<\/strong>&nbsp;BP\/0701\/084872-6\/2022<br><strong>T\u00e1mogat\u00e1s \u00f6sszege:<\/strong>&nbsp;1&nbsp;045 800 Ft<br><strong>T\u00e1mogat\u00e1s intenzit\u00e1sa:<\/strong>&nbsp;70 %<br><strong>Befejez\u00e9s id\u0151pontja:<\/strong>&nbsp;2023.05.10<\/p>\n<!-- \/wp:post-content -->\n\n<!-- wp:paragraph {\"align\":\"left\"}-->\n<p class=\"has-text-align-left text-justify\">A projekt keret\u00e9ben megval\u00f3sul\u00f3 k\u00e9pz\u00e9sek:<\/p>\n<!-- \/wp:paragraph -->\n\n<!-- wp:list  {\"align\":\"left\"}-->\n<ul class=\"wp-block-list has-text-align-left text-justify\"><!-- wp:list-item -->\n<li class=\"has-text-align-left text-justify\">Angol nyelvi k\u00e9pz\u00e9s 2 csoportban<\/li>\n<!-- \/wp:list-item --><\/ul>\n<!-- \/wp:list -->","protected":false},"excerpt":{"rendered":"<p>A munkav\u00e1llal\u00f3k \u00e9s v\u00e1llalatok alkalmazkod\u00f3k\u00e9pess\u00e9g\u00e9nek \u00e9s termel\u00e9kenys\u00e9g\u00e9nek jav\u00edt\u00e1sa a munkaer\u0151 fejleszt\u00e9s\u00e9n kereszt\u00fcl t\u00f6rt\u00e9n\u0151 t\u00e1mogat\u00e1s\u00e1r\u00f3l A p\u00e1ly\u00e1zat&nbsp;c\u00e9lja munkahelyi angol nyelvi k\u00e9pz\u00e9s megval\u00f3s\u00edt\u00e1sa a Multilog kereskedelmi \u00e9s Szolg\u00e1ltat\u00f3&nbsp;Kft. munkav\u00e1llal\u00f3i sz\u00e1m\u00e1ra, ezzel n\u00f6velve v\u00e1llalatunk termel\u00e9kenys\u00e9g\u00e9t. A k\u00e9pz\u00e9s c\u00e9g\u00fcnk budapesti&nbsp;telephely\u00e9n, a&nbsp;DOVER Nyelvi Centrum Kft. k\u00f6zrem\u0171k\u00f6d\u00e9s\u00e9vel uni\u00f3s p\u00e1ly\u00e1zati forr\u00e1sb\u00f3l val\u00f3sult meg. Kedvezm\u00e9nyezett neve:&nbsp;Multilog Kereskedelmi \u00e9s Szolg\u00e1ltat\u00f3 Kft.Fejleszt\u00e9s t\u00e1rgya:&nbsp;A munkav\u00e1llal\u00f3k \u00e9s [&hellip;]<\/p>\n","protected":false},"author":1,"featured_media":1633,"parent":0,"menu_order":0,"comment_status":"closed","ping_status":"closed","template":"","meta":{"footnotes":"","_links_to":"","_links_to_target":""},"tags":[],"class_list":["post-1632","page","type-page","status-publish","has-post-thumbnail","hentry"],"yoast_head":"<title>GINOP Plusz-3.2.1-21 - Multilog Kft. | V\u00e1m\u00fcgyn\u00f6ks\u00e9g - Import-Export \u00fcgyint\u00e9z\u00e9s<\/title>\n<meta name=\"description\" content=\"Multilog Kft. | V\u00e1m\u00fcgyn\u00f6ks\u00e9g - Import-Export \u00fcgyint\u00e9z\u00e9s\" \/>\n<meta name=\"robots\" content=\"index, follow, max-snippet:-1, max-image-preview:large, max-video-preview:-1\" \/>\n<link rel=\"canonical\" href=\"https:\/\/multilog.hu\/en\/ginop-plusz-3-2-1-21\/\" \/>\n<meta property=\"og:locale\" content=\"en_GB\" \/>\n<meta property=\"og:type\" content=\"article\" \/>\n<meta property=\"og:title\" content=\"GINOP Plusz-3.2.1-21 - Multilog Kft. | V\u00e1m\u00fcgyn\u00f6ks\u00e9g - Import-Export \u00fcgyint\u00e9z\u00e9s\" \/>\n<meta property=\"og:description\" content=\"Multilog Kft. | V\u00e1m\u00fcgyn\u00f6ks\u00e9g - Import-Export \u00fcgyint\u00e9z\u00e9s\" \/>\n<meta property=\"og:url\" content=\"https:\/\/multilog.hu\/en\/ginop-plusz-3-2-1-21\/\" \/>\n<meta property=\"og:site_name\" content=\"Multilog Kft. | V\u00e1m\u00fcgyn\u00f6ks\u00e9g - Import-Export \u00fcgyint\u00e9z\u00e9s\" \/>\n<meta property=\"article:modified_time\" content=\"2025-04-22T14:03:44+00:00\" \/>\n<meta property=\"og:image\" content=\"https:\/\/multilog.hu\/wp-content\/uploads\/2025\/04\/MFF-kedvezmenyezetti-infoblokk.jpg\" \/>\n\t<meta property=\"og:image:width\" content=\"1441\" \/>\n\t<meta property=\"og:image:height\" content=\"373\" \/>\n\t<meta property=\"og:image:type\" content=\"image\/jpeg\" \/>\n<meta name=\"twitter:card\" content=\"summary_large_image\" \/>\n<meta name=\"twitter:label1\" content=\"Estimated reading time\" \/>\n\t<meta name=\"twitter:data1\" content=\"1 minute\" \/>\n<script type=\"application\/ld+json\" class=\"yoast-schema-graph\">{\"@context\":\"https:\\\/\\\/schema.org\",\"@graph\":[{\"@type\":\"WebPage\",\"@id\":\"https:\\\/\\\/multilog.hu\\\/ginop-plusz-3-2-1-21\\\/\",\"url\":\"https:\\\/\\\/multilog.hu\\\/ginop-plusz-3-2-1-21\\\/\",\"name\":\"GINOP Plusz-3.2.1-21 - Multilog Kft. | V\u00e1m\u00fcgyn\u00f6ks\u00e9g - Import-Export \u00fcgyint\u00e9z\u00e9s\",\"isPartOf\":{\"@id\":\"https:\\\/\\\/multilog.hu\\\/#website\"},\"primaryImageOfPage\":{\"@id\":\"https:\\\/\\\/multilog.hu\\\/ginop-plusz-3-2-1-21\\\/#primaryimage\"},\"image\":{\"@id\":\"https:\\\/\\\/multilog.hu\\\/ginop-plusz-3-2-1-21\\\/#primaryimage\"},\"thumbnailUrl\":\"https:\\\/\\\/multilog.hu\\\/wp-content\\\/uploads\\\/2025\\\/04\\\/MFF-kedvezmenyezetti-infoblokk.jpg\",\"datePublished\":\"2025-04-22T13:59:20+00:00\",\"dateModified\":\"2025-04-22T14:03:44+00:00\",\"description\":\"Multilog Kft. | V\u00e1m\u00fcgyn\u00f6ks\u00e9g - Import-Export \u00fcgyint\u00e9z\u00e9s\",\"breadcrumb\":{\"@id\":\"https:\\\/\\\/multilog.hu\\\/ginop-plusz-3-2-1-21\\\/#breadcrumb\"},\"inLanguage\":\"en-GB\",\"potentialAction\":[{\"@type\":\"ReadAction\",\"target\":[\"https:\\\/\\\/multilog.hu\\\/ginop-plusz-3-2-1-21\\\/\"]}]},{\"@type\":\"ImageObject\",\"inLanguage\":\"en-GB\",\"@id\":\"https:\\\/\\\/multilog.hu\\\/ginop-plusz-3-2-1-21\\\/#primaryimage\",\"url\":\"https:\\\/\\\/multilog.hu\\\/wp-content\\\/uploads\\\/2025\\\/04\\\/MFF-kedvezmenyezetti-infoblokk.jpg\",\"contentUrl\":\"https:\\\/\\\/multilog.hu\\\/wp-content\\\/uploads\\\/2025\\\/04\\\/MFF-kedvezmenyezetti-infoblokk.jpg\",\"width\":1441,\"height\":373},{\"@type\":\"BreadcrumbList\",\"@id\":\"https:\\\/\\\/multilog.hu\\\/ginop-plusz-3-2-1-21\\\/#breadcrumb\",\"itemListElement\":[{\"@type\":\"ListItem\",\"position\":1,\"name\":\"F\u0151oldal\",\"item\":\"https:\\\/\\\/multilog.hu\\\/fooldal-2\\\/\"},{\"@type\":\"ListItem\",\"position\":2,\"name\":\"GINOP Plusz-3.2.1-21\"}]},{\"@type\":\"WebSite\",\"@id\":\"https:\\\/\\\/multilog.hu\\\/#website\",\"url\":\"https:\\\/\\\/multilog.hu\\\/\",\"name\":\"Multilog Kft. | V\u00e1m\u00fcgyn\u00f6ks\u00e9g - Import-Export \u00fcgyint\u00e9z\u00e9s\",\"description\":\"A Multilog Kft. 20 \u00e9ves tapasztalattal \u00e9s \u00fajszer\u0171 digit\u00e1lis megold\u00e1sokkal  teszi hat\u00e9konny\u00e1 \u00e9s g\u00f6rd\u00fcl\u00e9kenny\u00e9 a v\u00e1m\u00fcgyint\u00e9z\u00e9st.  K\u00e9rj\u00fck n\u00e9zze meg szolg\u00e1ltat\u00e1sainkat \u00e9s keressen minket bizalommal!\",\"publisher\":{\"@id\":\"https:\\\/\\\/multilog.hu\\\/#organization\"},\"potentialAction\":[{\"@type\":\"SearchAction\",\"target\":{\"@type\":\"EntryPoint\",\"urlTemplate\":\"https:\\\/\\\/multilog.hu\\\/?s={search_term_string}\"},\"query-input\":{\"@type\":\"PropertyValueSpecification\",\"valueRequired\":true,\"valueName\":\"search_term_string\"}}],\"inLanguage\":\"en-GB\"},{\"@type\":\"Organization\",\"@id\":\"https:\\\/\\\/multilog.hu\\\/#organization\",\"name\":\"Multilog Kft.\",\"url\":\"https:\\\/\\\/multilog.hu\\\/\",\"logo\":{\"@type\":\"ImageObject\",\"inLanguage\":\"en-GB\",\"@id\":\"https:\\\/\\\/multilog.hu\\\/#\\\/schema\\\/logo\\\/image\\\/\",\"url\":\"https:\\\/\\\/multilog.hu\\\/wp-content\\\/uploads\\\/2020\\\/12\\\/main_logo.png\",\"contentUrl\":\"https:\\\/\\\/multilog.hu\\\/wp-content\\\/uploads\\\/2020\\\/12\\\/main_logo.png\",\"width\":1652,\"height\":757,\"caption\":\"Multilog Kft.\"},\"image\":{\"@id\":\"https:\\\/\\\/multilog.hu\\\/#\\\/schema\\\/logo\\\/image\\\/\"}}]}<\/script>","yoast_head_json":{"title":"GINOP Plusz-3.2.1-21 - Multilog Kft. | V\u00e1m\u00fcgyn\u00f6ks\u00e9g - Import-Export \u00fcgyint\u00e9z\u00e9s","description":"Multilog Kft. | V\u00e1m\u00fcgyn\u00f6ks\u00e9g - Import-Export \u00fcgyint\u00e9z\u00e9s","robots":{"index":"index","follow":"follow","max-snippet":"max-snippet:-1","max-image-preview":"max-image-preview:large","max-video-preview":"max-video-preview:-1"},"canonical":"https:\/\/multilog.hu\/en\/ginop-plusz-3-2-1-21\/","og_locale":"en_GB","og_type":"article","og_title":"GINOP Plusz-3.2.1-21 - Multilog Kft. | V\u00e1m\u00fcgyn\u00f6ks\u00e9g - Import-Export \u00fcgyint\u00e9z\u00e9s","og_description":"Multilog Kft. | V\u00e1m\u00fcgyn\u00f6ks\u00e9g - Import-Export \u00fcgyint\u00e9z\u00e9s","og_url":"https:\/\/multilog.hu\/en\/ginop-plusz-3-2-1-21\/","og_site_name":"Multilog Kft. | V\u00e1m\u00fcgyn\u00f6ks\u00e9g - Import-Export \u00fcgyint\u00e9z\u00e9s","article_modified_time":"2025-04-22T14:03:44+00:00","og_image":[{"width":1441,"height":373,"url":"https:\/\/multilog.hu\/wp-content\/uploads\/2025\/04\/MFF-kedvezmenyezetti-infoblokk.jpg","type":"image\/jpeg"}],"twitter_card":"summary_large_image","twitter_misc":{"Estimated reading time":"1 minute"},"schema":{"@context":"https:\/\/schema.org","@graph":[{"@type":"WebPage","@id":"https:\/\/multilog.hu\/ginop-plusz-3-2-1-21\/","url":"https:\/\/multilog.hu\/ginop-plusz-3-2-1-21\/","name":"GINOP Plusz-3.2.1-21 - Multilog Kft. | V\u00e1m\u00fcgyn\u00f6ks\u00e9g - Import-Export \u00fcgyint\u00e9z\u00e9s","isPartOf":{"@id":"https:\/\/multilog.hu\/#website"},"primaryImageOfPage":{"@id":"https:\/\/multilog.hu\/ginop-plusz-3-2-1-21\/#primaryimage"},"image":{"@id":"https:\/\/multilog.hu\/ginop-plusz-3-2-1-21\/#primaryimage"},"thumbnailUrl":"https:\/\/multilog.hu\/wp-content\/uploads\/2025\/04\/MFF-kedvezmenyezetti-infoblokk.jpg","datePublished":"2025-04-22T13:59:20+00:00","dateModified":"2025-04-22T14:03:44+00:00","description":"Multilog Kft. | V\u00e1m\u00fcgyn\u00f6ks\u00e9g - Import-Export \u00fcgyint\u00e9z\u00e9s","breadcrumb":{"@id":"https:\/\/multilog.hu\/ginop-plusz-3-2-1-21\/#breadcrumb"},"inLanguage":"en-GB","potentialAction":[{"@type":"ReadAction","target":["https:\/\/multilog.hu\/ginop-plusz-3-2-1-21\/"]}]},{"@type":"ImageObject","inLanguage":"en-GB","@id":"https:\/\/multilog.hu\/ginop-plusz-3-2-1-21\/#primaryimage","url":"https:\/\/multilog.hu\/wp-content\/uploads\/2025\/04\/MFF-kedvezmenyezetti-infoblokk.jpg","contentUrl":"https:\/\/multilog.hu\/wp-content\/uploads\/2025\/04\/MFF-kedvezmenyezetti-infoblokk.jpg","width":1441,"height":373},{"@type":"BreadcrumbList","@id":"https:\/\/multilog.hu\/ginop-plusz-3-2-1-21\/#breadcrumb","itemListElement":[{"@type":"ListItem","position":1,"name":"F\u0151oldal","item":"https:\/\/multilog.hu\/fooldal-2\/"},{"@type":"ListItem","position":2,"name":"GINOP Plusz-3.2.1-21"}]},{"@type":"WebSite","@id":"https:\/\/multilog.hu\/#website","url":"https:\/\/multilog.hu\/","name":"Multilog Kft. | V\u00e1m\u00fcgyn\u00f6ks\u00e9g - Import-Export \u00fcgyint\u00e9z\u00e9s","description":"A Multilog Kft. 20 \u00e9ves tapasztalattal \u00e9s \u00fajszer\u0171 digit\u00e1lis megold\u00e1sokkal  teszi hat\u00e9konny\u00e1 \u00e9s g\u00f6rd\u00fcl\u00e9kenny\u00e9 a v\u00e1m\u00fcgyint\u00e9z\u00e9st.  K\u00e9rj\u00fck n\u00e9zze meg szolg\u00e1ltat\u00e1sainkat \u00e9s keressen minket bizalommal!","publisher":{"@id":"https:\/\/multilog.hu\/#organization"},"potentialAction":[{"@type":"SearchAction","target":{"@type":"EntryPoint","urlTemplate":"https:\/\/multilog.hu\/?s={search_term_string}"},"query-input":{"@type":"PropertyValueSpecification","valueRequired":true,"valueName":"search_term_string"}}],"inLanguage":"en-GB"},{"@type":"Organization","@id":"https:\/\/multilog.hu\/#organization","name":"Multilog Kft.","url":"https:\/\/multilog.hu\/","logo":{"@type":"ImageObject","inLanguage":"en-GB","@id":"https:\/\/multilog.hu\/#\/schema\/logo\/image\/","url":"https:\/\/multilog.hu\/wp-content\/uploads\/2020\/12\/main_logo.png","contentUrl":"https:\/\/multilog.hu\/wp-content\/uploads\/2020\/12\/main_logo.png","width":1652,"height":757,"caption":"Multilog Kft."},"image":{"@id":"https:\/\/multilog.hu\/#\/schema\/logo\/image\/"}}]}},"_links":{"self":[{"href":"https:\/\/multilog.hu\/en\/wp-json\/wp\/v2\/pages\/1632","targetHints":{"allow":["GET"]}}],"collection":[{"href":"https:\/\/multilog.hu\/en\/wp-json\/wp\/v2\/pages"}],"about":[{"href":"https:\/\/multilog.hu\/en\/wp-json\/wp\/v2\/types\/page"}],"author":[{"embeddable":true,"href":"https:\/\/multilog.hu\/en\/wp-json\/wp\/v2\/users\/1"}],"replies":[{"embeddable":true,"href":"https:\/\/multilog.hu\/en\/wp-json\/wp\/v2\/comments?post=1632"}],"version-history":[{"count":2,"href":"https:\/\/multilog.hu\/en\/wp-json\/wp\/v2\/pages\/1632\/revisions"}],"predecessor-version":[{"id":1638,"href":"https:\/\/multilog.hu\/en\/wp-json\/wp\/v2\/pages\/1632\/revisions\/1638"}],"wp:featuredmedia":[{"embeddable":true,"href":"https:\/\/multilog.hu\/en\/wp-json\/wp\/v2\/media\/1633"}],"wp:attachment":[{"href":"https:\/\/multilog.hu\/en\/wp-json\/wp\/v2\/media?parent=1632"}],"wp:term":[{"taxonomy":"post_tag","embeddable":true,"href":"https:\/\/multilog.hu\/en\/wp-json\/wp\/v2\/tags?post=1632"}],"curies":[{"name":"wp","href":"https:\/\/api.w.org\/{rel}","templated":true}]}}