{"id":16,"date":"2020-12-01T19:50:26","date_gmt":"2020-12-01T18:50:26","guid":{"rendered":"https:\/\/multilogkft.hu.webnpro.hu\/?page_id=16"},"modified":"2026-04-19T09:55:41","modified_gmt":"2026-04-19T07:55:41","slug":"rolunk","status":"publish","type":"page","link":"https:\/\/multilog.hu\/en\/rolunk\/","title":{"rendered":"R\u00f3lunk"},"content":{"rendered":"<p>Sz\u0171cs Zolt\u00e1n vagyok, a Multilog V\u00e1m\u00fcgyn\u00f6ks\u00e9g Kft. \u00fcgyvezet\u0151-tulajdonosa. A csal\u00e1di v\u00e1llalkoz\u00e1sk\u00e9nt indult c\u00e9get 2000-ben alap\u00edtottam azzal a c\u00e9llal, hogy megb\u00edz\u00f3ink sz\u00e1m\u00e1ra \u00fcgyf\u00e9lk\u00f6zpont\u00fa \u00e9s magas szakmai sz\u00ednvonal\u00fa komplex v\u00e1mkezel\u00e9st biztos\u00edtsunk. A Multilog V\u00e1m\u00fcgyn\u00f6ks\u00e9g Kft. az elm\u00falt 25 \u00e9vben organikusan fejl\u0151d\u00f6tt, \u00edgy m\u00e1ra egy 15 f\u0151t foglalkoztat\u00f3 kkv-v\u00e1 v\u00e1lt, mik\u00f6zben sikeresen meg\u0151rizte alap\u00edt\u00e1skori szeml\u00e9let\u00e9t, hitvall\u00e1s\u00e1t: sz\u00e9lesk\u00f6r\u0171 portf\u00f3li\u00f3, gyors reag\u00e1l\u00e1s, szem\u00e9lyes odafigyel\u00e9s, \u00e9s hossz\u00fa t\u00e1v\u00fa strat\u00e9giai gondolkod\u00e1s.<\/p>\n\n\n<div class=\"wp-block-image\">\n<figure class=\"aligncenter size-large\"><img decoding=\"async\" width=\"1024\" height=\"683\" src=\"https:\/\/multilog.hu\/wp-content\/uploads\/2026\/04\/empty-boardroom-glass-wall-meeting-room-with-conference-table-shared-desk-team-workplaces-trading-graphs-monitor-office-interior-commercial-real-estate-concept-1024x683.jpg\" alt=\"\" class=\"wp-image-1872\" srcset=\"https:\/\/multilog.hu\/wp-content\/uploads\/2026\/04\/empty-boardroom-glass-wall-meeting-room-with-conference-table-shared-desk-team-workplaces-trading-graphs-monitor-office-interior-commercial-real-estate-concept-1024x683.jpg 1024w, https:\/\/multilog.hu\/wp-content\/uploads\/2026\/04\/empty-boardroom-glass-wall-meeting-room-with-conference-table-shared-desk-team-workplaces-trading-graphs-monitor-office-interior-commercial-real-estate-concept-300x200.jpg 300w, https:\/\/multilog.hu\/wp-content\/uploads\/2026\/04\/empty-boardroom-glass-wall-meeting-room-with-conference-table-shared-desk-team-workplaces-trading-graphs-monitor-office-interior-commercial-real-estate-concept-768x512.jpg 768w, https:\/\/multilog.hu\/wp-content\/uploads\/2026\/04\/empty-boardroom-glass-wall-meeting-room-with-conference-table-shared-desk-team-workplaces-trading-graphs-monitor-office-interior-commercial-real-estate-concept-1536x1024.jpg 1536w, https:\/\/multilog.hu\/wp-content\/uploads\/2026\/04\/empty-boardroom-glass-wall-meeting-room-with-conference-table-shared-desk-team-workplaces-trading-graphs-monitor-office-interior-commercial-real-estate-concept-2048x1366.jpg 2048w, https:\/\/multilog.hu\/wp-content\/uploads\/2026\/04\/empty-boardroom-glass-wall-meeting-room-with-conference-table-shared-desk-team-workplaces-trading-graphs-monitor-office-interior-commercial-real-estate-concept-scaled.jpg 2560w\" sizes=\"(max-width: 1024px) 100vw, 1024px\" \/><\/figure>\n<\/div>\n\n\n<p>C\u00e9g\u00fcnk a v\u00e1mkezel\u00e9si szektorban m\u0171k\u00f6dik, komplex nemzetk\u00f6zi kereskedelmi portf\u00f3li\u00f3val. Export-import tev\u00e9kenys\u00e9g\u00fcnk sor\u00e1n az \u00e1lland\u00f3 magas szolg\u00e1ltat\u00e1si min\u0151s\u00e9get garant\u00e1lni komoly kih\u00edv\u00e1s, amelyhez stabil szakmai tud\u00e1sra, felk\u00e9sz\u00fclt \u00e9s megb\u00edzhat\u00f3 csapatra, folyamatos tanul\u00e1si \u00e9s fejl\u0151d\u00e9si k\u00e9pess\u00e9gre, valamint az \u00fcgyfelekkel kialak\u00edtott er\u0151s, szem\u00e9lyes kapcsolatokra van sz\u00fcks\u00e9g.<\/p>\n\n\n\n<p>Nem vagyunk multinacion\u00e1lis nagyv\u00e1llalat, \u00e9s nem is akarunk azz\u00e1 v\u00e1lni. Boutique v\u00e1m\u00fcgyn\u00f6ks\u00e9gk\u00e9nt defini\u00e1ljuk magunkat, ahol a rugalmass\u00e1g, a gyorsas\u00e1g \u00e9s a maxim\u00e1lis rendelkez\u00e9sre \u00e1ll\u00e1s val\u00f3di versenyel\u0151ny. \u00dcgyf\u00e9lcentrikus m\u0171k\u00f6d\u00e9s\u00fcnk sor\u00e1n hat\u00e9kony digit\u00e1lis megold\u00e1sokat alkalmazunk, melyeknek k\u00f6sz\u00f6nhet\u0151en v\u00e1ltunk \u00e1r-\u00e9rt\u00e9k ar\u00e1nyban piacmeghat\u00e1roz\u00f3 szerepl\u0151v\u00e9 idehaza. Sz\u00e1munkra minden \u00fcgyf\u00e9l egyform\u00e1n fontos: az is, aki egyszeri \u00fcgylettel fordul hozz\u00e1nk, \u00e9s az is, aki rendszeres megrendel\u0151nk. Az elm\u00falt 25 \u00e9v t\u00f6bb t\u00edzezer sikeres v\u00e1mkezel\u00e9si \u00fcgylete olyan tapasztalatot \u00e9s \u00e1ruismeretet adott sz\u00e1munkra, amelyek minimaliz\u00e1lj\u00e1k \u00fcgyfeleink v\u00e1mkezel\u00e9si kock\u00e1zat\u00e1t.<\/p>\n\n\n\n<p>A Multilog V\u00e1m\u00fcgyn\u00f6ks\u00e9g Kft. minden sz\u00fcks\u00e9ges enged\u00e9llyel, licenccel, tan\u00fas\u00edtv\u00e1nnyal \u00e9s bankgaranci\u00e1val rendelkezik. A megtermelt nyeres\u00e9get folyamatosan visszaforgatjuk fejleszt\u00e9sekbe, legyen sz\u00f3 szakmai tud\u00e1sr\u00f3l, technol\u00f3giai megold\u00e1sokr\u00f3l vagy infrastrukt\u00far\u00e1r\u00f3l. Modern telephely\u00fcnk Budapest k\u00f6zvetlen k\u00f6zel\u00e9ben biztos\u00edtja a hat\u00e9kony m\u0171k\u00f6d\u00e9st \u00e9s a professzion\u00e1lis kiszolg\u00e1l\u00e1st. L\u00e1togasson el telephely\u00fcnkre, ahol sz\u00edvesen fogadjuk m\u00e1r megl\u00e9v\u0151 \u00e9s \u00faj partnereinket egyar\u00e1nt.<\/p>\n\n\n<div class=\"wp-block-image\">\n<figure class=\"aligncenter size-large\"><img decoding=\"async\" width=\"1024\" height=\"683\" src=\"https:\/\/multilog.hu\/wp-content\/uploads\/2026\/04\/young-team-working-together-use-laptop-1024x683.jpg\" alt=\"\" class=\"wp-image-1877\" srcset=\"https:\/\/multilog.hu\/wp-content\/uploads\/2026\/04\/young-team-working-together-use-laptop-1024x683.jpg 1024w, https:\/\/multilog.hu\/wp-content\/uploads\/2026\/04\/young-team-working-together-use-laptop-300x200.jpg 300w, https:\/\/multilog.hu\/wp-content\/uploads\/2026\/04\/young-team-working-together-use-laptop-768x512.jpg 768w, https:\/\/multilog.hu\/wp-content\/uploads\/2026\/04\/young-team-working-together-use-laptop-1536x1024.jpg 1536w, https:\/\/multilog.hu\/wp-content\/uploads\/2026\/04\/young-team-working-together-use-laptop-2048x1365.jpg 2048w, https:\/\/multilog.hu\/wp-content\/uploads\/2026\/04\/young-team-working-together-use-laptop-scaled.jpg 2560w\" sizes=\"(max-width: 1024px) 100vw, 1024px\" \/><\/figure>\n<\/div>\n\n\n<p><strong>ENGED\u00c9LYEINK<\/strong>:<\/p>\n\n\n\n<p>V\u00e1llalatunk m\u0171k\u00f6d\u00e9s\u00e9nek egyik alappill\u00e9re a megb\u00edzhat\u00f3s\u00e1g \u00e9s a jogszab\u00e1lyoknak val\u00f3 marad\u00e9ktalan megfelel\u00e9s, amelyet sz\u00e1mos speci\u00e1lis v\u00e1m- \u00e9s ad\u00f3\u00fcgyi enged\u00e9ly is biztos\u00edt. Ezek az enged\u00e9lyek nemcsak szakmai felk\u00e9sz\u00fclts\u00e9g\u00fcnket igazolj\u00e1k, hanem lehet\u0151v\u00e9 teszik, hogy \u00fcgyfeleink sz\u00e1m\u00e1ra rugalmasabb, gyorsabb \u00e9s biztons\u00e1gosabb szolg\u00e1ltat\u00e1st ny\u00fajtsunk.<\/p>\n\n\n\n<p>Rendelkez\u00fcnk&nbsp;<strong>AEO C tan\u00fas\u00edtv\u00e1nnyal<\/strong>, amely az Eur\u00f3pai Uni\u00f3 egyik legmagasabb szint\u0171 elismer\u00e9se a v\u00e1m\u00fcgyi megfelel\u0151s\u00e9g \u00e9s a megb\u00edzhat\u00f3 m\u0171k\u00f6d\u00e9s ter\u00e9n. Ez az enged\u00e9ly garant\u00e1lja \u00fcgyfeleink sz\u00e1m\u00e1ra az egyszer\u0171s\u00edtett v\u00e1melj\u00e1r\u00e1sokb\u00f3l, valamint a gyorsabb hat\u00e1r\u00e1tl\u00e9p\u00e9sekb\u0151l ered\u0151 el\u0151ny\u00f6ket.<\/p>\n\n\n\n<p>Kiemelten fontos sz\u00e1munkra, hogy a v\u00e1mfizet\u00e9si folyamatokat is g\u00f6rd\u00fcl\u00e9kenny\u00e9 tegy\u00fck, ez\u00e9rt rendelkez\u00fcnk <strong>halasztott v\u00e1mfizet\u00e9si enged\u00e9llyel<\/strong>, amelyek lehet\u0151v\u00e9 teszik, hogy az \u00e1ruk v\u00e1mkezel\u00e9se rugalmasabb \u00e9s p\u00e9nz\u00fcgyileg kedvez\u0151bb felt\u00e9telek mellett t\u00f6rt\u00e9njen.<\/p>\n\n\n\n<p>A&nbsp;<strong>TC31 \u2013 \u00d6sszkezess\u00e9g-v\u00e1llal\u00e1si enged\u00e9ly<\/strong>, amely sz\u00e9lesebb k\u00f6r\u0171 biztos\u00edt\u00e9kot ny\u00fajt \u00e1rutov\u00e1bb\u00edt\u00e1sok sor\u00e1n.<\/p>\n\n\n\n<p>A p\u00e9nz\u00fcgyi \u00e1tl\u00e1that\u00f3s\u00e1g \u00e9s rugalmass\u00e1g jegy\u00e9ben rendelkez\u00fcnk&nbsp;<strong>import \u00c1FA \u00f6nad\u00f3z\u00e1si enged\u00e9llyel<\/strong>, amely lehet\u0151v\u00e9 teszi, hogy az import\u00e1lt term\u00e9kek \u00e1ltal\u00e1nos forgalmi ad\u00f3ja ne azonnal fizetend\u0151 t\u00e9telk\u00e9nt jelentkezzen, hanem bevall\u00e1s \u00fatj\u00e1n ker\u00fclj\u00f6n rendez\u00e9sre. Emellett&nbsp;<strong>\u00c1FA-biztos\u00edt\u00e1s al\u00f3li mentess\u00e9gi enged\u00e9ly<\/strong>\u00fcnk is van, amely tov\u00e1bb egyszer\u0171s\u00edti a p\u00e9nz\u00fcgyi folyamatokat \u00e9s cs\u00f6kkenti \u00fcgyfeleink terheit.<\/p>\n\n\n\n<p>Logisztikai tev\u00e9kenys\u00e9g\u00fcnket t\u00e1mogatj\u00e1k az&nbsp;<strong>enged\u00e9lyezett felad\u00f3i \u00e9s enged\u00e9lyezett c\u00edmzetti enged\u00e9lyek<\/strong>, amelyek lehet\u0151v\u00e9 teszik, hogy az \u00e1rukat k\u00f6zvetlen\u00fcl saj\u00e1t telephely\u00fcnkr\u0151l ind\u00edtsunk vagy oda \u00e9rkeztess\u00fcnk, felesleges \u00e1llom\u00e1sok \u00e9s k\u00e9sedelmek n\u00e9lk\u00fcl. Mindezt kieg\u00e9sz\u00edtik az&nbsp;<strong>\u00e1tmeneti meg\u0151rz\u00e9si l\u00e9tes\u00edtm\u00e9ny enged\u00e9lyek<\/strong>, amelyek biztos\u00edtj\u00e1k, hogy az \u00e1ruk v\u00e1mkezel\u00e9s el\u0151tti t\u00e1rol\u00e1sa is szab\u00e1lyosan, ellen\u0151rz\u00f6tt k\u00f6r\u00fclm\u00e9nyek k\u00f6z\u00f6tt t\u00f6rt\u00e9njen.<\/p>\n\n\n\n<p>Enged\u00e9lyeink:<\/p>\n\n\n\n<ul class=\"wp-block-list\">\n<li>AEO C enged\u00e9ly<\/li>\n\n\n\n<li>halasztott v\u00e1mfizet\u00e9si enged\u00e9ly<\/li>\n\n\n\n<li>import \u00c1FA \u00f6nad\u00f3z\u00e1si enged\u00e9ly<\/li>\n\n\n\n<li>TC33 \u2013 \u00d6sszkezess\u00e9gv\u00e1llal\u00e1si enged\u00e9ly<\/li>\n\n\n\n<li>enged\u00e9lyezett felad\u00f3i \u2013 enged\u00e9lyezett c\u00edmzetti enged\u00e9ly<\/li>\n\n\n\n<li>\u00e1tmeneti meg\u0151rz\u00e9si l\u00e9tes\u00edtm\u00e9ny enged\u00e9lyek<\/li>\n<\/ul>","protected":false},"excerpt":{"rendered":"<p>Sz\u0171cs Zolt\u00e1n vagyok, a Multilog V\u00e1m\u00fcgyn\u00f6ks\u00e9g Kft. \u00fcgyvezet\u0151-tulajdonosa. A csal\u00e1di v\u00e1llalkoz\u00e1sk\u00e9nt indult c\u00e9get 2000-ben alap\u00edtottam azzal a c\u00e9llal, hogy megb\u00edz\u00f3ink sz\u00e1m\u00e1ra \u00fcgyf\u00e9lk\u00f6zpont\u00fa \u00e9s magas szakmai sz\u00ednvonal\u00fa komplex v\u00e1mkezel\u00e9st biztos\u00edtsunk. A Multilog V\u00e1m\u00fcgyn\u00f6ks\u00e9g Kft. az elm\u00falt 25 \u00e9vben organikusan fejl\u0151d\u00f6tt, \u00edgy m\u00e1ra egy 15 f\u0151t foglalkoztat\u00f3 kkv-v\u00e1 v\u00e1lt, mik\u00f6zben sikeresen meg\u0151rizte alap\u00edt\u00e1skori szeml\u00e9let\u00e9t, hitvall\u00e1s\u00e1t: sz\u00e9lesk\u00f6r\u0171 portf\u00f3li\u00f3, [&hellip;]<\/p>\n","protected":false},"author":1,"featured_media":0,"parent":0,"menu_order":29,"comment_status":"closed","ping_status":"closed","template":"","meta":{"footnotes":"","_links_to":"","_links_to_target":""},"tags":[],"class_list":["post-16","page","type-page","status-publish","hentry"],"yoast_head":"<title>R\u00f3lunk - Multilog Kft. | V\u00e1m\u00fcgyn\u00f6ks\u00e9g - Import-Export \u00fcgyint\u00e9z\u00e9s<\/title>\n<meta name=\"description\" content=\"Multilog Kft. | V\u00e1m\u00fcgyn\u00f6ks\u00e9g - Import-Export \u00fcgyint\u00e9z\u00e9s\" \/>\n<meta name=\"robots\" content=\"index, follow, max-snippet:-1, max-image-preview:large, max-video-preview:-1\" \/>\n<link rel=\"canonical\" href=\"https:\/\/multilog.hu\/en\/rolunk\/\" \/>\n<meta property=\"og:locale\" content=\"en_GB\" \/>\n<meta property=\"og:type\" content=\"article\" \/>\n<meta property=\"og:title\" content=\"R\u00f3lunk - Multilog Kft. | V\u00e1m\u00fcgyn\u00f6ks\u00e9g - Import-Export \u00fcgyint\u00e9z\u00e9s\" \/>\n<meta property=\"og:description\" content=\"Multilog Kft. | V\u00e1m\u00fcgyn\u00f6ks\u00e9g - Import-Export \u00fcgyint\u00e9z\u00e9s\" \/>\n<meta property=\"og:url\" content=\"https:\/\/multilog.hu\/en\/rolunk\/\" \/>\n<meta property=\"og:site_name\" content=\"Multilog Kft. | V\u00e1m\u00fcgyn\u00f6ks\u00e9g - Import-Export \u00fcgyint\u00e9z\u00e9s\" \/>\n<meta property=\"article:modified_time\" content=\"2026-04-19T07:55:41+00:00\" \/>\n<meta property=\"og:image\" content=\"https:\/\/multilog.hu\/wp-content\/uploads\/2026\/04\/empty-boardroom-glass-wall-meeting-room-with-conference-table-shared-desk-team-workplaces-trading-graphs-monitor-office-interior-commercial-real-estate-concept-scaled.jpg\" \/>\n\t<meta property=\"og:image:width\" content=\"2560\" \/>\n\t<meta property=\"og:image:height\" content=\"1707\" \/>\n\t<meta property=\"og:image:type\" content=\"image\/jpeg\" \/>\n<meta name=\"twitter:card\" content=\"summary_large_image\" \/>\n<meta name=\"twitter:label1\" content=\"Estimated reading time\" \/>\n\t<meta name=\"twitter:data1\" content=\"3 minutes\" \/>\n<script type=\"application\/ld+json\" class=\"yoast-schema-graph\">{\"@context\":\"https:\\\/\\\/schema.org\",\"@graph\":[{\"@type\":\"WebPage\",\"@id\":\"https:\\\/\\\/multilog.hu\\\/rolunk\\\/\",\"url\":\"https:\\\/\\\/multilog.hu\\\/rolunk\\\/\",\"name\":\"R\u00f3lunk - Multilog Kft. | V\u00e1m\u00fcgyn\u00f6ks\u00e9g - Import-Export \u00fcgyint\u00e9z\u00e9s\",\"isPartOf\":{\"@id\":\"https:\\\/\\\/multilog.hu\\\/#website\"},\"primaryImageOfPage\":{\"@id\":\"https:\\\/\\\/multilog.hu\\\/rolunk\\\/#primaryimage\"},\"image\":{\"@id\":\"https:\\\/\\\/multilog.hu\\\/rolunk\\\/#primaryimage\"},\"thumbnailUrl\":\"https:\\\/\\\/multilog.hu\\\/wp-content\\\/uploads\\\/2026\\\/04\\\/empty-boardroom-glass-wall-meeting-room-with-conference-table-shared-desk-team-workplaces-trading-graphs-monitor-office-interior-commercial-real-estate-concept-1024x683.jpg\",\"datePublished\":\"2020-12-01T18:50:26+00:00\",\"dateModified\":\"2026-04-19T07:55:41+00:00\",\"description\":\"Multilog Kft. | V\u00e1m\u00fcgyn\u00f6ks\u00e9g - Import-Export \u00fcgyint\u00e9z\u00e9s\",\"breadcrumb\":{\"@id\":\"https:\\\/\\\/multilog.hu\\\/rolunk\\\/#breadcrumb\"},\"inLanguage\":\"en-GB\",\"potentialAction\":[{\"@type\":\"ReadAction\",\"target\":[\"https:\\\/\\\/multilog.hu\\\/rolunk\\\/\"]}]},{\"@type\":\"ImageObject\",\"inLanguage\":\"en-GB\",\"@id\":\"https:\\\/\\\/multilog.hu\\\/rolunk\\\/#primaryimage\",\"url\":\"https:\\\/\\\/multilog.hu\\\/wp-content\\\/uploads\\\/2026\\\/04\\\/empty-boardroom-glass-wall-meeting-room-with-conference-table-shared-desk-team-workplaces-trading-graphs-monitor-office-interior-commercial-real-estate-concept-1024x683.jpg\",\"contentUrl\":\"https:\\\/\\\/multilog.hu\\\/wp-content\\\/uploads\\\/2026\\\/04\\\/empty-boardroom-glass-wall-meeting-room-with-conference-table-shared-desk-team-workplaces-trading-graphs-monitor-office-interior-commercial-real-estate-concept-1024x683.jpg\"},{\"@type\":\"BreadcrumbList\",\"@id\":\"https:\\\/\\\/multilog.hu\\\/rolunk\\\/#breadcrumb\",\"itemListElement\":[{\"@type\":\"ListItem\",\"position\":1,\"name\":\"F\u0151oldal\",\"item\":\"https:\\\/\\\/multilog.hu\\\/fooldal-2\\\/\"},{\"@type\":\"ListItem\",\"position\":2,\"name\":\"R\u00f3lunk\"}]},{\"@type\":\"WebSite\",\"@id\":\"https:\\\/\\\/multilog.hu\\\/#website\",\"url\":\"https:\\\/\\\/multilog.hu\\\/\",\"name\":\"Multilog Kft. | V\u00e1m\u00fcgyn\u00f6ks\u00e9g - Import-Export \u00fcgyint\u00e9z\u00e9s\",\"description\":\"A Multilog Kft. 20 \u00e9ves tapasztalattal \u00e9s \u00fajszer\u0171 digit\u00e1lis megold\u00e1sokkal  teszi hat\u00e9konny\u00e1 \u00e9s g\u00f6rd\u00fcl\u00e9kenny\u00e9 a v\u00e1m\u00fcgyint\u00e9z\u00e9st.  K\u00e9rj\u00fck n\u00e9zze meg szolg\u00e1ltat\u00e1sainkat \u00e9s keressen minket bizalommal!\",\"publisher\":{\"@id\":\"https:\\\/\\\/multilog.hu\\\/#organization\"},\"potentialAction\":[{\"@type\":\"SearchAction\",\"target\":{\"@type\":\"EntryPoint\",\"urlTemplate\":\"https:\\\/\\\/multilog.hu\\\/?s={search_term_string}\"},\"query-input\":{\"@type\":\"PropertyValueSpecification\",\"valueRequired\":true,\"valueName\":\"search_term_string\"}}],\"inLanguage\":\"en-GB\"},{\"@type\":\"Organization\",\"@id\":\"https:\\\/\\\/multilog.hu\\\/#organization\",\"name\":\"Multilog Kft.\",\"url\":\"https:\\\/\\\/multilog.hu\\\/\",\"logo\":{\"@type\":\"ImageObject\",\"inLanguage\":\"en-GB\",\"@id\":\"https:\\\/\\\/multilog.hu\\\/#\\\/schema\\\/logo\\\/image\\\/\",\"url\":\"https:\\\/\\\/multilog.hu\\\/wp-content\\\/uploads\\\/2020\\\/12\\\/main_logo.png\",\"contentUrl\":\"https:\\\/\\\/multilog.hu\\\/wp-content\\\/uploads\\\/2020\\\/12\\\/main_logo.png\",\"width\":1652,\"height\":757,\"caption\":\"Multilog Kft.\"},\"image\":{\"@id\":\"https:\\\/\\\/multilog.hu\\\/#\\\/schema\\\/logo\\\/image\\\/\"}}]}<\/script>","yoast_head_json":{"title":"R\u00f3lunk - Multilog Kft. | V\u00e1m\u00fcgyn\u00f6ks\u00e9g - Import-Export \u00fcgyint\u00e9z\u00e9s","description":"Multilog Kft. | V\u00e1m\u00fcgyn\u00f6ks\u00e9g - Import-Export \u00fcgyint\u00e9z\u00e9s","robots":{"index":"index","follow":"follow","max-snippet":"max-snippet:-1","max-image-preview":"max-image-preview:large","max-video-preview":"max-video-preview:-1"},"canonical":"https:\/\/multilog.hu\/en\/rolunk\/","og_locale":"en_GB","og_type":"article","og_title":"R\u00f3lunk - Multilog Kft. | V\u00e1m\u00fcgyn\u00f6ks\u00e9g - Import-Export \u00fcgyint\u00e9z\u00e9s","og_description":"Multilog Kft. | V\u00e1m\u00fcgyn\u00f6ks\u00e9g - Import-Export \u00fcgyint\u00e9z\u00e9s","og_url":"https:\/\/multilog.hu\/en\/rolunk\/","og_site_name":"Multilog Kft. | V\u00e1m\u00fcgyn\u00f6ks\u00e9g - Import-Export \u00fcgyint\u00e9z\u00e9s","article_modified_time":"2026-04-19T07:55:41+00:00","og_image":[{"width":2560,"height":1707,"url":"https:\/\/multilog.hu\/wp-content\/uploads\/2026\/04\/empty-boardroom-glass-wall-meeting-room-with-conference-table-shared-desk-team-workplaces-trading-graphs-monitor-office-interior-commercial-real-estate-concept-scaled.jpg","type":"image\/jpeg"}],"twitter_card":"summary_large_image","twitter_misc":{"Estimated reading time":"3 minutes"},"schema":{"@context":"https:\/\/schema.org","@graph":[{"@type":"WebPage","@id":"https:\/\/multilog.hu\/rolunk\/","url":"https:\/\/multilog.hu\/rolunk\/","name":"R\u00f3lunk - Multilog Kft. | V\u00e1m\u00fcgyn\u00f6ks\u00e9g - Import-Export \u00fcgyint\u00e9z\u00e9s","isPartOf":{"@id":"https:\/\/multilog.hu\/#website"},"primaryImageOfPage":{"@id":"https:\/\/multilog.hu\/rolunk\/#primaryimage"},"image":{"@id":"https:\/\/multilog.hu\/rolunk\/#primaryimage"},"thumbnailUrl":"https:\/\/multilog.hu\/wp-content\/uploads\/2026\/04\/empty-boardroom-glass-wall-meeting-room-with-conference-table-shared-desk-team-workplaces-trading-graphs-monitor-office-interior-commercial-real-estate-concept-1024x683.jpg","datePublished":"2020-12-01T18:50:26+00:00","dateModified":"2026-04-19T07:55:41+00:00","description":"Multilog Kft. | V\u00e1m\u00fcgyn\u00f6ks\u00e9g - Import-Export \u00fcgyint\u00e9z\u00e9s","breadcrumb":{"@id":"https:\/\/multilog.hu\/rolunk\/#breadcrumb"},"inLanguage":"en-GB","potentialAction":[{"@type":"ReadAction","target":["https:\/\/multilog.hu\/rolunk\/"]}]},{"@type":"ImageObject","inLanguage":"en-GB","@id":"https:\/\/multilog.hu\/rolunk\/#primaryimage","url":"https:\/\/multilog.hu\/wp-content\/uploads\/2026\/04\/empty-boardroom-glass-wall-meeting-room-with-conference-table-shared-desk-team-workplaces-trading-graphs-monitor-office-interior-commercial-real-estate-concept-1024x683.jpg","contentUrl":"https:\/\/multilog.hu\/wp-content\/uploads\/2026\/04\/empty-boardroom-glass-wall-meeting-room-with-conference-table-shared-desk-team-workplaces-trading-graphs-monitor-office-interior-commercial-real-estate-concept-1024x683.jpg"},{"@type":"BreadcrumbList","@id":"https:\/\/multilog.hu\/rolunk\/#breadcrumb","itemListElement":[{"@type":"ListItem","position":1,"name":"F\u0151oldal","item":"https:\/\/multilog.hu\/fooldal-2\/"},{"@type":"ListItem","position":2,"name":"R\u00f3lunk"}]},{"@type":"WebSite","@id":"https:\/\/multilog.hu\/#website","url":"https:\/\/multilog.hu\/","name":"Multilog Kft. | V\u00e1m\u00fcgyn\u00f6ks\u00e9g - Import-Export \u00fcgyint\u00e9z\u00e9s","description":"A Multilog Kft. 20 \u00e9ves tapasztalattal \u00e9s \u00fajszer\u0171 digit\u00e1lis megold\u00e1sokkal  teszi hat\u00e9konny\u00e1 \u00e9s g\u00f6rd\u00fcl\u00e9kenny\u00e9 a v\u00e1m\u00fcgyint\u00e9z\u00e9st.  K\u00e9rj\u00fck n\u00e9zze meg szolg\u00e1ltat\u00e1sainkat \u00e9s keressen minket bizalommal!","publisher":{"@id":"https:\/\/multilog.hu\/#organization"},"potentialAction":[{"@type":"SearchAction","target":{"@type":"EntryPoint","urlTemplate":"https:\/\/multilog.hu\/?s={search_term_string}"},"query-input":{"@type":"PropertyValueSpecification","valueRequired":true,"valueName":"search_term_string"}}],"inLanguage":"en-GB"},{"@type":"Organization","@id":"https:\/\/multilog.hu\/#organization","name":"Multilog Kft.","url":"https:\/\/multilog.hu\/","logo":{"@type":"ImageObject","inLanguage":"en-GB","@id":"https:\/\/multilog.hu\/#\/schema\/logo\/image\/","url":"https:\/\/multilog.hu\/wp-content\/uploads\/2020\/12\/main_logo.png","contentUrl":"https:\/\/multilog.hu\/wp-content\/uploads\/2020\/12\/main_logo.png","width":1652,"height":757,"caption":"Multilog Kft."},"image":{"@id":"https:\/\/multilog.hu\/#\/schema\/logo\/image\/"}}]}},"_links":{"self":[{"href":"https:\/\/multilog.hu\/en\/wp-json\/wp\/v2\/pages\/16","targetHints":{"allow":["GET"]}}],"collection":[{"href":"https:\/\/multilog.hu\/en\/wp-json\/wp\/v2\/pages"}],"about":[{"href":"https:\/\/multilog.hu\/en\/wp-json\/wp\/v2\/types\/page"}],"author":[{"embeddable":true,"href":"https:\/\/multilog.hu\/en\/wp-json\/wp\/v2\/users\/1"}],"replies":[{"embeddable":true,"href":"https:\/\/multilog.hu\/en\/wp-json\/wp\/v2\/comments?post=16"}],"version-history":[{"count":2,"href":"https:\/\/multilog.hu\/en\/wp-json\/wp\/v2\/pages\/16\/revisions"}],"predecessor-version":[{"id":1879,"href":"https:\/\/multilog.hu\/en\/wp-json\/wp\/v2\/pages\/16\/revisions\/1879"}],"wp:attachment":[{"href":"https:\/\/multilog.hu\/en\/wp-json\/wp\/v2\/media?parent=16"}],"wp:term":[{"taxonomy":"post_tag","embeddable":true,"href":"https:\/\/multilog.hu\/en\/wp-json\/wp\/v2\/tags?post=16"}],"curies":[{"name":"wp","href":"https:\/\/api.w.org\/{rel}","templated":true}]}}