{"id":1565,"date":"2022-06-15T15:55:32","date_gmt":"2022-06-15T13:55:32","guid":{"rendered":"https:\/\/multilogkft.hu\/?page_id=1565"},"modified":"2022-06-15T16:06:58","modified_gmt":"2022-06-15T14:06:58","slug":"certificate-of-origin","status":"publish","type":"page","link":"https:\/\/multilog.hu\/en\/our-services\/certificate-of-origin\/","title":{"rendered":"Certificate of Origin"},"content":{"rendered":"<p>A sz\u00e1rmaz\u00e1si bizony\u00edtv\u00e1ny (\u00e1ltal\u00e1nos sz\u00e1rmaz\u00e1si bizony\u00edtv\u00e1ny) egy olyan fontos, nemzetk\u00f6zi kereskedelmi okm\u00e1ny, amely az export\u00e1ru sz\u00e1rmaz\u00e1si hely\u00e9t igazolja, azt a helyet, ahol az adott export \u00e1rut teljes eg\u00e9sz\u00e9ben termesztett\u00e9k, teny\u00e9sztett\u00e9k, termelt\u00e9k, vagy az \u00e1ru el\u0151\u00e1ll\u00edt\u00e1s\u00e1hoz sz\u00fcks\u00e9ges alapanyagokat elegend\u0151 m\u00e9rt\u00e9kben feldolgozt\u00e1k, amelyek alapj\u00e1n az \u00e1ru az adott orsz\u00e1gb\u00f3l sz\u00e1rmaz\u00f3nak tekinthet\u0151.<\/p>\n\n\n\n<h3 class=\"wp-block-heading\">Felhaszn\u00e1l\u00e1si lehet\u0151s\u00e9gek:<\/h3>\n\n\n\n<ul class=\"wp-block-list\"><li>harmadik orsz\u00e1gban, a legnagyobb kedvezm\u00e9ny elve alapj\u00e1n t\u00f6rt\u00e9n\u0151 v\u00e1mkezel\u00e9shez,<\/li><li>nem tarif\u00e1lis int\u00e9zked\u00e9sek (p\u00e9ld\u00e1ul antid\u00f6mping int\u00e9zked\u00e9sek, v\u00e9d\u0151 int\u00e9zked\u00e9sek, mennyis\u00e9gi korl\u00e1toz\u00e1sok, k\u00fclkereskedelmi statisztik\u00e1k) eset\u00e9n,<\/li><li>p\u00e1ly\u00e1zatok, exporthitel finansz\u00edroz\u00e1s, exportbiztos\u00edt\u00e1s c\u00e9lj\u00e1ra haszn\u00e1lhat\u00f3 fel.<\/li><\/ul>\n\n\n\n<h3 class=\"wp-block-heading\">Kibocs\u00e1t\u00e1si jogosults\u00e1g:<\/h3>\n\n\n\n<p>Magyarorsz\u00e1gon, export forgalomban, az \u00e1ltal\u00e1nos sz\u00e1rmaz\u00e1si bizony\u00edtv\u00e1ny kibocs\u00e1t\u00e1s\u00e1t a gazdas\u00e1gi kamar\u00e1k v\u00e9gzik (Magyar Kereskedelmi \u00e9s Iparkamara).<\/p>\n\n\n\n<p>Szolg\u00e1ltat\u00e1sunk tartalmazza a sz\u00e1rmaz\u00e1si bizony\u00edtv\u00e1ny beszerz\u00e9s\u00e9t, kit\u00f6lt\u00e9s\u00e9t, \u00e9s a kamara \u00e1ltal t\u00f6rt\u00e9n\u0151 hiteles\u00edt\u00e9s\u00e9t.<\/p>","protected":false},"excerpt":{"rendered":"<p>A sz\u00e1rmaz\u00e1si bizony\u00edtv\u00e1ny (\u00e1ltal\u00e1nos sz\u00e1rmaz\u00e1si bizony\u00edtv\u00e1ny) egy olyan fontos, nemzetk\u00f6zi kereskedelmi okm\u00e1ny, amely az export\u00e1ru sz\u00e1rmaz\u00e1si hely\u00e9t igazolja, azt a helyet, ahol az adott export \u00e1rut teljes eg\u00e9sz\u00e9ben termesztett\u00e9k, teny\u00e9sztett\u00e9k, termelt\u00e9k, vagy az \u00e1ru el\u0151\u00e1ll\u00edt\u00e1s\u00e1hoz sz\u00fcks\u00e9ges alapanyagokat elegend\u0151 m\u00e9rt\u00e9kben feldolgozt\u00e1k, amelyek alapj\u00e1n az \u00e1ru az adott orsz\u00e1gb\u00f3l sz\u00e1rmaz\u00f3nak tekinthet\u0151. Felhaszn\u00e1l\u00e1si lehet\u0151s\u00e9gek: harmadik orsz\u00e1gban, a legnagyobb [&hellip;]<\/p>\n","protected":false},"author":1,"featured_media":1010,"parent":975,"menu_order":48,"comment_status":"closed","ping_status":"closed","template":"","meta":{"footnotes":"","_links_to":"","_links_to_target":""},"tags":[4],"class_list":["post-1565","page","type-page","status-publish","has-post-thumbnail","hentry","tag-szolgaltatasok"],"yoast_head":"<title>Certificate of Origin - Multilog Kft. | V\u00e1m\u00fcgyn\u00f6ks\u00e9g - Import-Export \u00fcgyint\u00e9z\u00e9s<\/title>\n<meta name=\"description\" content=\"Multilog Kft. | V\u00e1m\u00fcgyn\u00f6ks\u00e9g - Import-Export \u00fcgyint\u00e9z\u00e9s\" \/>\n<meta name=\"robots\" content=\"index, follow, max-snippet:-1, max-image-preview:large, max-video-preview:-1\" \/>\n<link rel=\"canonical\" href=\"https:\/\/multilog.hu\/en\/our-services\/certificate-of-origin\/?lang=en\" \/>\n<meta property=\"og:locale\" content=\"en_GB\" \/>\n<meta property=\"og:type\" content=\"article\" \/>\n<meta property=\"og:title\" content=\"Certificate of Origin - Multilog Kft. | V\u00e1m\u00fcgyn\u00f6ks\u00e9g - Import-Export \u00fcgyint\u00e9z\u00e9s\" \/>\n<meta property=\"og:description\" content=\"Multilog Kft. | V\u00e1m\u00fcgyn\u00f6ks\u00e9g - Import-Export \u00fcgyint\u00e9z\u00e9s\" \/>\n<meta property=\"og:url\" content=\"https:\/\/multilog.hu\/en\/our-services\/certificate-of-origin\/?lang=en\" \/>\n<meta property=\"og:site_name\" content=\"Multilog Kft. | V\u00e1m\u00fcgyn\u00f6ks\u00e9g - Import-Export \u00fcgyint\u00e9z\u00e9s\" \/>\n<meta property=\"article:modified_time\" content=\"2022-06-15T14:06:58+00:00\" \/>\n<meta property=\"og:image\" content=\"https:\/\/multilog.hu\/wp-content\/uploads\/2020\/12\/498-scaled-e1607542442636.jpg\" \/>\n\t<meta property=\"og:image:width\" content=\"1708\" \/>\n\t<meta property=\"og:image:height\" content=\"1706\" \/>\n\t<meta property=\"og:image:type\" content=\"image\/jpeg\" \/>\n<meta name=\"twitter:card\" content=\"summary_large_image\" \/>\n<meta name=\"twitter:label1\" content=\"Estimated reading time\" \/>\n\t<meta name=\"twitter:data1\" content=\"1 minute\" \/>\n<script type=\"application\/ld+json\" class=\"yoast-schema-graph\">{\"@context\":\"https:\\\/\\\/schema.org\",\"@graph\":[{\"@type\":\"WebPage\",\"@id\":\"https:\\\/\\\/multilog.hu\\\/our-services\\\/certificate-of-origin\\\/?lang=en\",\"url\":\"https:\\\/\\\/multilog.hu\\\/our-services\\\/certificate-of-origin\\\/?lang=en\",\"name\":\"Certificate of Origin - Multilog Kft. | V\u00e1m\u00fcgyn\u00f6ks\u00e9g - Import-Export \u00fcgyint\u00e9z\u00e9s\",\"isPartOf\":{\"@id\":\"https:\\\/\\\/multilog.hu\\\/#website\"},\"primaryImageOfPage\":{\"@id\":\"https:\\\/\\\/multilog.hu\\\/our-services\\\/certificate-of-origin\\\/?lang=en#primaryimage\"},\"image\":{\"@id\":\"https:\\\/\\\/multilog.hu\\\/our-services\\\/certificate-of-origin\\\/?lang=en#primaryimage\"},\"thumbnailUrl\":\"https:\\\/\\\/multilog.hu\\\/wp-content\\\/uploads\\\/2020\\\/12\\\/498-scaled-e1607542442636.jpg\",\"datePublished\":\"2022-06-15T13:55:32+00:00\",\"dateModified\":\"2022-06-15T14:06:58+00:00\",\"description\":\"Multilog Kft. | V\u00e1m\u00fcgyn\u00f6ks\u00e9g - Import-Export \u00fcgyint\u00e9z\u00e9s\",\"breadcrumb\":{\"@id\":\"https:\\\/\\\/multilog.hu\\\/our-services\\\/certificate-of-origin\\\/?lang=en#breadcrumb\"},\"inLanguage\":\"en-GB\",\"potentialAction\":[{\"@type\":\"ReadAction\",\"target\":[\"https:\\\/\\\/multilog.hu\\\/our-services\\\/certificate-of-origin\\\/?lang=en\"]}]},{\"@type\":\"ImageObject\",\"inLanguage\":\"en-GB\",\"@id\":\"https:\\\/\\\/multilog.hu\\\/our-services\\\/certificate-of-origin\\\/?lang=en#primaryimage\",\"url\":\"https:\\\/\\\/multilog.hu\\\/wp-content\\\/uploads\\\/2020\\\/12\\\/498-scaled-e1607542442636.jpg\",\"contentUrl\":\"https:\\\/\\\/multilog.hu\\\/wp-content\\\/uploads\\\/2020\\\/12\\\/498-scaled-e1607542442636.jpg\",\"width\":1708,\"height\":1706,\"caption\":\"The territory of the container freight yard:a lot of metal containers for storing goods of different colors, stacked in rows on top of each other.Conception of storage of goods by importers, exporters\"},{\"@type\":\"BreadcrumbList\",\"@id\":\"https:\\\/\\\/multilog.hu\\\/our-services\\\/certificate-of-origin\\\/?lang=en#breadcrumb\",\"itemListElement\":[{\"@type\":\"ListItem\",\"position\":1,\"name\":\"F\u0151oldal\",\"item\":\"https:\\\/\\\/multilog.hu\\\/fooldal-2\\\/\"},{\"@type\":\"ListItem\",\"position\":2,\"name\":\"Our services\",\"item\":\"https:\\\/\\\/multilog.hu\\\/our-services\\\/?lang=en\"},{\"@type\":\"ListItem\",\"position\":3,\"name\":\"Certificate of Origin\"}]},{\"@type\":\"WebSite\",\"@id\":\"https:\\\/\\\/multilog.hu\\\/#website\",\"url\":\"https:\\\/\\\/multilog.hu\\\/\",\"name\":\"Multilog Kft. | V\u00e1m\u00fcgyn\u00f6ks\u00e9g - Import-Export \u00fcgyint\u00e9z\u00e9s\",\"description\":\"A Multilog Kft. 20 \u00e9ves tapasztalattal \u00e9s \u00fajszer\u0171 digit\u00e1lis megold\u00e1sokkal  teszi hat\u00e9konny\u00e1 \u00e9s g\u00f6rd\u00fcl\u00e9kenny\u00e9 a v\u00e1m\u00fcgyint\u00e9z\u00e9st.  K\u00e9rj\u00fck n\u00e9zze meg szolg\u00e1ltat\u00e1sainkat \u00e9s keressen minket bizalommal!\",\"publisher\":{\"@id\":\"https:\\\/\\\/multilog.hu\\\/#organization\"},\"potentialAction\":[{\"@type\":\"SearchAction\",\"target\":{\"@type\":\"EntryPoint\",\"urlTemplate\":\"https:\\\/\\\/multilog.hu\\\/?s={search_term_string}\"},\"query-input\":{\"@type\":\"PropertyValueSpecification\",\"valueRequired\":true,\"valueName\":\"search_term_string\"}}],\"inLanguage\":\"en-GB\"},{\"@type\":\"Organization\",\"@id\":\"https:\\\/\\\/multilog.hu\\\/#organization\",\"name\":\"Multilog Kft.\",\"url\":\"https:\\\/\\\/multilog.hu\\\/\",\"logo\":{\"@type\":\"ImageObject\",\"inLanguage\":\"en-GB\",\"@id\":\"https:\\\/\\\/multilog.hu\\\/#\\\/schema\\\/logo\\\/image\\\/\",\"url\":\"https:\\\/\\\/multilog.hu\\\/wp-content\\\/uploads\\\/2020\\\/12\\\/main_logo.png\",\"contentUrl\":\"https:\\\/\\\/multilog.hu\\\/wp-content\\\/uploads\\\/2020\\\/12\\\/main_logo.png\",\"width\":1652,\"height\":757,\"caption\":\"Multilog Kft.\"},\"image\":{\"@id\":\"https:\\\/\\\/multilog.hu\\\/#\\\/schema\\\/logo\\\/image\\\/\"}}]}<\/script>","yoast_head_json":{"title":"Certificate of Origin - Multilog Kft. | V\u00e1m\u00fcgyn\u00f6ks\u00e9g - Import-Export \u00fcgyint\u00e9z\u00e9s","description":"Multilog Kft. | V\u00e1m\u00fcgyn\u00f6ks\u00e9g - Import-Export \u00fcgyint\u00e9z\u00e9s","robots":{"index":"index","follow":"follow","max-snippet":"max-snippet:-1","max-image-preview":"max-image-preview:large","max-video-preview":"max-video-preview:-1"},"canonical":"https:\/\/multilog.hu\/en\/our-services\/certificate-of-origin\/?lang=en","og_locale":"en_GB","og_type":"article","og_title":"Certificate of Origin - Multilog Kft. | V\u00e1m\u00fcgyn\u00f6ks\u00e9g - Import-Export \u00fcgyint\u00e9z\u00e9s","og_description":"Multilog Kft. | V\u00e1m\u00fcgyn\u00f6ks\u00e9g - Import-Export \u00fcgyint\u00e9z\u00e9s","og_url":"https:\/\/multilog.hu\/en\/our-services\/certificate-of-origin\/?lang=en","og_site_name":"Multilog Kft. | V\u00e1m\u00fcgyn\u00f6ks\u00e9g - Import-Export \u00fcgyint\u00e9z\u00e9s","article_modified_time":"2022-06-15T14:06:58+00:00","og_image":[{"width":1708,"height":1706,"url":"https:\/\/multilog.hu\/wp-content\/uploads\/2020\/12\/498-scaled-e1607542442636.jpg","type":"image\/jpeg"}],"twitter_card":"summary_large_image","twitter_misc":{"Estimated reading time":"1 minute"},"schema":{"@context":"https:\/\/schema.org","@graph":[{"@type":"WebPage","@id":"https:\/\/multilog.hu\/our-services\/certificate-of-origin\/?lang=en","url":"https:\/\/multilog.hu\/our-services\/certificate-of-origin\/?lang=en","name":"Certificate of Origin - Multilog Kft. | V\u00e1m\u00fcgyn\u00f6ks\u00e9g - Import-Export \u00fcgyint\u00e9z\u00e9s","isPartOf":{"@id":"https:\/\/multilog.hu\/#website"},"primaryImageOfPage":{"@id":"https:\/\/multilog.hu\/our-services\/certificate-of-origin\/?lang=en#primaryimage"},"image":{"@id":"https:\/\/multilog.hu\/our-services\/certificate-of-origin\/?lang=en#primaryimage"},"thumbnailUrl":"https:\/\/multilog.hu\/wp-content\/uploads\/2020\/12\/498-scaled-e1607542442636.jpg","datePublished":"2022-06-15T13:55:32+00:00","dateModified":"2022-06-15T14:06:58+00:00","description":"Multilog Kft. | V\u00e1m\u00fcgyn\u00f6ks\u00e9g - Import-Export \u00fcgyint\u00e9z\u00e9s","breadcrumb":{"@id":"https:\/\/multilog.hu\/our-services\/certificate-of-origin\/?lang=en#breadcrumb"},"inLanguage":"en-GB","potentialAction":[{"@type":"ReadAction","target":["https:\/\/multilog.hu\/our-services\/certificate-of-origin\/?lang=en"]}]},{"@type":"ImageObject","inLanguage":"en-GB","@id":"https:\/\/multilog.hu\/our-services\/certificate-of-origin\/?lang=en#primaryimage","url":"https:\/\/multilog.hu\/wp-content\/uploads\/2020\/12\/498-scaled-e1607542442636.jpg","contentUrl":"https:\/\/multilog.hu\/wp-content\/uploads\/2020\/12\/498-scaled-e1607542442636.jpg","width":1708,"height":1706,"caption":"The territory of the container freight yard:a lot of metal containers for storing goods of different colors, stacked in rows on top of each other.Conception of storage of goods by importers, exporters"},{"@type":"BreadcrumbList","@id":"https:\/\/multilog.hu\/our-services\/certificate-of-origin\/?lang=en#breadcrumb","itemListElement":[{"@type":"ListItem","position":1,"name":"F\u0151oldal","item":"https:\/\/multilog.hu\/fooldal-2\/"},{"@type":"ListItem","position":2,"name":"Our services","item":"https:\/\/multilog.hu\/our-services\/?lang=en"},{"@type":"ListItem","position":3,"name":"Certificate of Origin"}]},{"@type":"WebSite","@id":"https:\/\/multilog.hu\/#website","url":"https:\/\/multilog.hu\/","name":"Multilog Kft. | V\u00e1m\u00fcgyn\u00f6ks\u00e9g - Import-Export \u00fcgyint\u00e9z\u00e9s","description":"A Multilog Kft. 20 \u00e9ves tapasztalattal \u00e9s \u00fajszer\u0171 digit\u00e1lis megold\u00e1sokkal  teszi hat\u00e9konny\u00e1 \u00e9s g\u00f6rd\u00fcl\u00e9kenny\u00e9 a v\u00e1m\u00fcgyint\u00e9z\u00e9st.  K\u00e9rj\u00fck n\u00e9zze meg szolg\u00e1ltat\u00e1sainkat \u00e9s keressen minket bizalommal!","publisher":{"@id":"https:\/\/multilog.hu\/#organization"},"potentialAction":[{"@type":"SearchAction","target":{"@type":"EntryPoint","urlTemplate":"https:\/\/multilog.hu\/?s={search_term_string}"},"query-input":{"@type":"PropertyValueSpecification","valueRequired":true,"valueName":"search_term_string"}}],"inLanguage":"en-GB"},{"@type":"Organization","@id":"https:\/\/multilog.hu\/#organization","name":"Multilog Kft.","url":"https:\/\/multilog.hu\/","logo":{"@type":"ImageObject","inLanguage":"en-GB","@id":"https:\/\/multilog.hu\/#\/schema\/logo\/image\/","url":"https:\/\/multilog.hu\/wp-content\/uploads\/2020\/12\/main_logo.png","contentUrl":"https:\/\/multilog.hu\/wp-content\/uploads\/2020\/12\/main_logo.png","width":1652,"height":757,"caption":"Multilog Kft."},"image":{"@id":"https:\/\/multilog.hu\/#\/schema\/logo\/image\/"}}]}},"_links":{"self":[{"href":"https:\/\/multilog.hu\/en\/wp-json\/wp\/v2\/pages\/1565","targetHints":{"allow":["GET"]}}],"collection":[{"href":"https:\/\/multilog.hu\/en\/wp-json\/wp\/v2\/pages"}],"about":[{"href":"https:\/\/multilog.hu\/en\/wp-json\/wp\/v2\/types\/page"}],"author":[{"embeddable":true,"href":"https:\/\/multilog.hu\/en\/wp-json\/wp\/v2\/users\/1"}],"replies":[{"embeddable":true,"href":"https:\/\/multilog.hu\/en\/wp-json\/wp\/v2\/comments?post=1565"}],"version-history":[{"count":3,"href":"https:\/\/multilog.hu\/en\/wp-json\/wp\/v2\/pages\/1565\/revisions"}],"predecessor-version":[{"id":1571,"href":"https:\/\/multilog.hu\/en\/wp-json\/wp\/v2\/pages\/1565\/revisions\/1571"}],"up":[{"embeddable":true,"href":"https:\/\/multilog.hu\/en\/wp-json\/wp\/v2\/pages\/975"}],"wp:featuredmedia":[{"embeddable":true,"href":"https:\/\/multilog.hu\/en\/wp-json\/wp\/v2\/media\/1010"}],"wp:attachment":[{"href":"https:\/\/multilog.hu\/en\/wp-json\/wp\/v2\/media?parent=1565"}],"wp:term":[{"taxonomy":"post_tag","embeddable":true,"href":"https:\/\/multilog.hu\/en\/wp-json\/wp\/v2\/tags?post=1565"}],"curies":[{"name":"wp","href":"https:\/\/api.w.org\/{rel}","templated":true}]}}