{"id":1543,"date":"2022-02-27T15:22:20","date_gmt":"2022-02-27T14:22:20","guid":{"rendered":"https:\/\/multilogkft.hu\/?page_id=1543"},"modified":"2022-03-14T18:03:28","modified_gmt":"2022-03-14T17:03:28","slug":"nkfi-alap","status":"publish","type":"page","link":"https:\/\/multilog.hu\/en\/nkfi-alap\/","title":{"rendered":"NKFI Alap"},"content":{"rendered":"<p class=\"text-justify\"><strong>Kedvezm\u00e9nyezett:<\/strong>&nbsp;Multilog Kereskedelmi \u00e9s Szolg\u00e1ltat\u00f3 Korl\u00e1tolt Felel\u0151ss\u00e9g\u0171 T\u00e1rsas\u00e1g<\/p>\n\n\n\n<p class=\"text-justify\"><strong>Projekt c\u00edme:<\/strong>&nbsp;Multilogin<\/p>\n\n\n\n<p class=\"text-justify\"><strong>Projekt azonos\u00edt\u00f3sz\u00e1ma:<\/strong>&nbsp;2020-1.1.1-KKV-START-2020-00059<\/p>\n\n\n\n<p class=\"has-text-align-left text-justify\">Manaps\u00e1g az egyik legnagyobb \u00e9rt\u00e9k a j\u00f3 munkaer\u0151. A megb\u00edzhat\u00f3 \u00e9s hat\u00e9kony munkat\u00e1rs seg\u00edt a halad\u00e1sban \u00e9s a fejl\u0151d\u00e9sben. Ennek a fejl\u0151d\u00e9snek szab g\u00e1tat, ha a munkat\u00e1rs olyan adminisztr\u00e1ci\u00f3s folyamatokat kell hogy v\u00e9gezzen, ami helyettes\u00edthet\u0151 egy erre a feladatra kialak\u00edtott rendszerrel.<\/p>\n\n\n\n<p class=\"text-justify\">A projekt c\u00e9lja egy olyan rendszer l\u00e9trehoz\u00e1sa, mely leveszi az adminisztr\u00e1ci\u00f3s terhet \u00e9s el\u0151seg\u00edti munkat\u00e1rsaink hat\u00e9kony munkav\u00e9gz\u00e9s\u00e9t, hogy tud\u00e1sukat \u00e9s tapasztalatukat a lehet\u0151 legmagasabb szinten tudj\u00e1k alkalmazni. A digitaliz\u00e1ci\u00f3 seg\u00edts\u00e9g\u00e9vel jobb munkamegoszt\u00e1s \u00e9rhet\u0151 el, felgyors\u00edthat\u00f3 a kommunik\u00e1ci\u00f3 \u00e9s cs\u00f6kkenthet\u0151 a pap\u00edrhullad\u00e9k. Ennek k\u00f6vetkezt\u00e9ben koll\u00e9g\u00e1ink munkav\u00e9gz\u00e9se hat\u00e9konyabb\u00e1 tehet\u0151, a kapacit\u00e1s n\u00f6velhet\u0151 \u00e9s a hib\u00e1k sz\u00e1ma cs\u00f6kkenthet\u0151.<\/p>","protected":false},"excerpt":{"rendered":"<p>Kedvezm\u00e9nyezett:&nbsp;Multilog Kereskedelmi \u00e9s Szolg\u00e1ltat\u00f3 Korl\u00e1tolt Felel\u0151ss\u00e9g\u0171 T\u00e1rsas\u00e1g Projekt c\u00edme:&nbsp;Multilogin Projekt azonos\u00edt\u00f3sz\u00e1ma:&nbsp;2020-1.1.1-KKV-START-2020-00059 Manaps\u00e1g az egyik legnagyobb \u00e9rt\u00e9k a j\u00f3 munkaer\u0151. A megb\u00edzhat\u00f3 \u00e9s hat\u00e9kony munkat\u00e1rs seg\u00edt a halad\u00e1sban \u00e9s a fejl\u0151d\u00e9sben. Ennek a fejl\u0151d\u00e9snek szab g\u00e1tat, ha a munkat\u00e1rs olyan adminisztr\u00e1ci\u00f3s folyamatokat kell hogy v\u00e9gezzen, ami helyettes\u00edthet\u0151 egy erre a feladatra kialak\u00edtott rendszerrel. A projekt c\u00e9lja [&hellip;]<\/p>\n","protected":false},"author":1,"featured_media":1544,"parent":0,"menu_order":0,"comment_status":"closed","ping_status":"closed","template":"","meta":{"footnotes":"","_links_to":"","_links_to_target":""},"tags":[],"class_list":["post-1543","page","type-page","status-publish","has-post-thumbnail","hentry"],"yoast_head":"<title>NKFI Alap - Multilog Kft. | V\u00e1m\u00fcgyn\u00f6ks\u00e9g - Import-Export \u00fcgyint\u00e9z\u00e9s<\/title>\n<meta name=\"description\" content=\"Multilog Kft. | V\u00e1m\u00fcgyn\u00f6ks\u00e9g - Import-Export \u00fcgyint\u00e9z\u00e9s\" \/>\n<meta name=\"robots\" content=\"index, follow, max-snippet:-1, max-image-preview:large, max-video-preview:-1\" \/>\n<link rel=\"canonical\" href=\"https:\/\/multilog.hu\/en\/nkfi-alap\/\" \/>\n<meta property=\"og:locale\" content=\"en_GB\" \/>\n<meta property=\"og:type\" content=\"article\" \/>\n<meta property=\"og:title\" content=\"NKFI Alap - Multilog Kft. | V\u00e1m\u00fcgyn\u00f6ks\u00e9g - Import-Export \u00fcgyint\u00e9z\u00e9s\" \/>\n<meta property=\"og:description\" content=\"Multilog Kft. | V\u00e1m\u00fcgyn\u00f6ks\u00e9g - Import-Export \u00fcgyint\u00e9z\u00e9s\" \/>\n<meta property=\"og:url\" content=\"https:\/\/multilog.hu\/en\/nkfi-alap\/\" \/>\n<meta property=\"og:site_name\" content=\"Multilog Kft. | V\u00e1m\u00fcgyn\u00f6ks\u00e9g - Import-Export \u00fcgyint\u00e9z\u00e9s\" \/>\n<meta property=\"article:modified_time\" content=\"2022-03-14T17:03:28+00:00\" \/>\n<meta property=\"og:image\" content=\"https:\/\/multilog.hu\/wp-content\/uploads\/2022\/02\/NKFIA_infoblokk_projekt_fekvo_2019_HU.jpg\" \/>\n\t<meta property=\"og:image:width\" content=\"1110\" \/>\n\t<meta property=\"og:image:height\" content=\"260\" \/>\n\t<meta property=\"og:image:type\" content=\"image\/jpeg\" \/>\n<meta name=\"twitter:card\" content=\"summary_large_image\" \/>\n<meta name=\"twitter:label1\" content=\"Estimated reading time\" \/>\n\t<meta name=\"twitter:data1\" content=\"1 minute\" \/>\n<script type=\"application\/ld+json\" class=\"yoast-schema-graph\">{\"@context\":\"https:\\\/\\\/schema.org\",\"@graph\":[{\"@type\":\"WebPage\",\"@id\":\"https:\\\/\\\/multilog.hu\\\/nkfi-alap\\\/\",\"url\":\"https:\\\/\\\/multilog.hu\\\/nkfi-alap\\\/\",\"name\":\"NKFI Alap - Multilog Kft. | V\u00e1m\u00fcgyn\u00f6ks\u00e9g - Import-Export \u00fcgyint\u00e9z\u00e9s\",\"isPartOf\":{\"@id\":\"https:\\\/\\\/multilog.hu\\\/#website\"},\"primaryImageOfPage\":{\"@id\":\"https:\\\/\\\/multilog.hu\\\/nkfi-alap\\\/#primaryimage\"},\"image\":{\"@id\":\"https:\\\/\\\/multilog.hu\\\/nkfi-alap\\\/#primaryimage\"},\"thumbnailUrl\":\"https:\\\/\\\/multilog.hu\\\/wp-content\\\/uploads\\\/2022\\\/02\\\/NKFIA_infoblokk_projekt_fekvo_2019_HU.jpg\",\"datePublished\":\"2022-02-27T14:22:20+00:00\",\"dateModified\":\"2022-03-14T17:03:28+00:00\",\"description\":\"Multilog Kft. | V\u00e1m\u00fcgyn\u00f6ks\u00e9g - Import-Export \u00fcgyint\u00e9z\u00e9s\",\"breadcrumb\":{\"@id\":\"https:\\\/\\\/multilog.hu\\\/nkfi-alap\\\/#breadcrumb\"},\"inLanguage\":\"en-GB\",\"potentialAction\":[{\"@type\":\"ReadAction\",\"target\":[\"https:\\\/\\\/multilog.hu\\\/nkfi-alap\\\/\"]}]},{\"@type\":\"ImageObject\",\"inLanguage\":\"en-GB\",\"@id\":\"https:\\\/\\\/multilog.hu\\\/nkfi-alap\\\/#primaryimage\",\"url\":\"https:\\\/\\\/multilog.hu\\\/wp-content\\\/uploads\\\/2022\\\/02\\\/NKFIA_infoblokk_projekt_fekvo_2019_HU.jpg\",\"contentUrl\":\"https:\\\/\\\/multilog.hu\\\/wp-content\\\/uploads\\\/2022\\\/02\\\/NKFIA_infoblokk_projekt_fekvo_2019_HU.jpg\",\"width\":1110,\"height\":260,\"caption\":\"NKFI Alapb\u00f3l megval\u00f3sul\u00f3 projekt\"},{\"@type\":\"BreadcrumbList\",\"@id\":\"https:\\\/\\\/multilog.hu\\\/nkfi-alap\\\/#breadcrumb\",\"itemListElement\":[{\"@type\":\"ListItem\",\"position\":1,\"name\":\"F\u0151oldal\",\"item\":\"https:\\\/\\\/multilog.hu\\\/fooldal-2\\\/\"},{\"@type\":\"ListItem\",\"position\":2,\"name\":\"NKFI Alap\"}]},{\"@type\":\"WebSite\",\"@id\":\"https:\\\/\\\/multilog.hu\\\/#website\",\"url\":\"https:\\\/\\\/multilog.hu\\\/\",\"name\":\"Multilog Kft. | V\u00e1m\u00fcgyn\u00f6ks\u00e9g - Import-Export \u00fcgyint\u00e9z\u00e9s\",\"description\":\"A Multilog Kft. 20 \u00e9ves tapasztalattal \u00e9s \u00fajszer\u0171 digit\u00e1lis megold\u00e1sokkal  teszi hat\u00e9konny\u00e1 \u00e9s g\u00f6rd\u00fcl\u00e9kenny\u00e9 a v\u00e1m\u00fcgyint\u00e9z\u00e9st.  K\u00e9rj\u00fck n\u00e9zze meg szolg\u00e1ltat\u00e1sainkat \u00e9s keressen minket bizalommal!\",\"publisher\":{\"@id\":\"https:\\\/\\\/multilog.hu\\\/#organization\"},\"potentialAction\":[{\"@type\":\"SearchAction\",\"target\":{\"@type\":\"EntryPoint\",\"urlTemplate\":\"https:\\\/\\\/multilog.hu\\\/?s={search_term_string}\"},\"query-input\":{\"@type\":\"PropertyValueSpecification\",\"valueRequired\":true,\"valueName\":\"search_term_string\"}}],\"inLanguage\":\"en-GB\"},{\"@type\":\"Organization\",\"@id\":\"https:\\\/\\\/multilog.hu\\\/#organization\",\"name\":\"Multilog Kft.\",\"url\":\"https:\\\/\\\/multilog.hu\\\/\",\"logo\":{\"@type\":\"ImageObject\",\"inLanguage\":\"en-GB\",\"@id\":\"https:\\\/\\\/multilog.hu\\\/#\\\/schema\\\/logo\\\/image\\\/\",\"url\":\"https:\\\/\\\/multilog.hu\\\/wp-content\\\/uploads\\\/2020\\\/12\\\/main_logo.png\",\"contentUrl\":\"https:\\\/\\\/multilog.hu\\\/wp-content\\\/uploads\\\/2020\\\/12\\\/main_logo.png\",\"width\":1652,\"height\":757,\"caption\":\"Multilog Kft.\"},\"image\":{\"@id\":\"https:\\\/\\\/multilog.hu\\\/#\\\/schema\\\/logo\\\/image\\\/\"}}]}<\/script>","yoast_head_json":{"title":"NKFI Alap - Multilog Kft. | V\u00e1m\u00fcgyn\u00f6ks\u00e9g - Import-Export \u00fcgyint\u00e9z\u00e9s","description":"Multilog Kft. | V\u00e1m\u00fcgyn\u00f6ks\u00e9g - Import-Export \u00fcgyint\u00e9z\u00e9s","robots":{"index":"index","follow":"follow","max-snippet":"max-snippet:-1","max-image-preview":"max-image-preview:large","max-video-preview":"max-video-preview:-1"},"canonical":"https:\/\/multilog.hu\/en\/nkfi-alap\/","og_locale":"en_GB","og_type":"article","og_title":"NKFI Alap - Multilog Kft. | V\u00e1m\u00fcgyn\u00f6ks\u00e9g - Import-Export \u00fcgyint\u00e9z\u00e9s","og_description":"Multilog Kft. | V\u00e1m\u00fcgyn\u00f6ks\u00e9g - Import-Export \u00fcgyint\u00e9z\u00e9s","og_url":"https:\/\/multilog.hu\/en\/nkfi-alap\/","og_site_name":"Multilog Kft. | V\u00e1m\u00fcgyn\u00f6ks\u00e9g - Import-Export \u00fcgyint\u00e9z\u00e9s","article_modified_time":"2022-03-14T17:03:28+00:00","og_image":[{"width":1110,"height":260,"url":"https:\/\/multilog.hu\/wp-content\/uploads\/2022\/02\/NKFIA_infoblokk_projekt_fekvo_2019_HU.jpg","type":"image\/jpeg"}],"twitter_card":"summary_large_image","twitter_misc":{"Estimated reading time":"1 minute"},"schema":{"@context":"https:\/\/schema.org","@graph":[{"@type":"WebPage","@id":"https:\/\/multilog.hu\/nkfi-alap\/","url":"https:\/\/multilog.hu\/nkfi-alap\/","name":"NKFI Alap - Multilog Kft. | V\u00e1m\u00fcgyn\u00f6ks\u00e9g - Import-Export \u00fcgyint\u00e9z\u00e9s","isPartOf":{"@id":"https:\/\/multilog.hu\/#website"},"primaryImageOfPage":{"@id":"https:\/\/multilog.hu\/nkfi-alap\/#primaryimage"},"image":{"@id":"https:\/\/multilog.hu\/nkfi-alap\/#primaryimage"},"thumbnailUrl":"https:\/\/multilog.hu\/wp-content\/uploads\/2022\/02\/NKFIA_infoblokk_projekt_fekvo_2019_HU.jpg","datePublished":"2022-02-27T14:22:20+00:00","dateModified":"2022-03-14T17:03:28+00:00","description":"Multilog Kft. | V\u00e1m\u00fcgyn\u00f6ks\u00e9g - Import-Export \u00fcgyint\u00e9z\u00e9s","breadcrumb":{"@id":"https:\/\/multilog.hu\/nkfi-alap\/#breadcrumb"},"inLanguage":"en-GB","potentialAction":[{"@type":"ReadAction","target":["https:\/\/multilog.hu\/nkfi-alap\/"]}]},{"@type":"ImageObject","inLanguage":"en-GB","@id":"https:\/\/multilog.hu\/nkfi-alap\/#primaryimage","url":"https:\/\/multilog.hu\/wp-content\/uploads\/2022\/02\/NKFIA_infoblokk_projekt_fekvo_2019_HU.jpg","contentUrl":"https:\/\/multilog.hu\/wp-content\/uploads\/2022\/02\/NKFIA_infoblokk_projekt_fekvo_2019_HU.jpg","width":1110,"height":260,"caption":"NKFI Alapb\u00f3l megval\u00f3sul\u00f3 projekt"},{"@type":"BreadcrumbList","@id":"https:\/\/multilog.hu\/nkfi-alap\/#breadcrumb","itemListElement":[{"@type":"ListItem","position":1,"name":"F\u0151oldal","item":"https:\/\/multilog.hu\/fooldal-2\/"},{"@type":"ListItem","position":2,"name":"NKFI Alap"}]},{"@type":"WebSite","@id":"https:\/\/multilog.hu\/#website","url":"https:\/\/multilog.hu\/","name":"Multilog Kft. | V\u00e1m\u00fcgyn\u00f6ks\u00e9g - Import-Export \u00fcgyint\u00e9z\u00e9s","description":"A Multilog Kft. 20 \u00e9ves tapasztalattal \u00e9s \u00fajszer\u0171 digit\u00e1lis megold\u00e1sokkal  teszi hat\u00e9konny\u00e1 \u00e9s g\u00f6rd\u00fcl\u00e9kenny\u00e9 a v\u00e1m\u00fcgyint\u00e9z\u00e9st.  K\u00e9rj\u00fck n\u00e9zze meg szolg\u00e1ltat\u00e1sainkat \u00e9s keressen minket bizalommal!","publisher":{"@id":"https:\/\/multilog.hu\/#organization"},"potentialAction":[{"@type":"SearchAction","target":{"@type":"EntryPoint","urlTemplate":"https:\/\/multilog.hu\/?s={search_term_string}"},"query-input":{"@type":"PropertyValueSpecification","valueRequired":true,"valueName":"search_term_string"}}],"inLanguage":"en-GB"},{"@type":"Organization","@id":"https:\/\/multilog.hu\/#organization","name":"Multilog Kft.","url":"https:\/\/multilog.hu\/","logo":{"@type":"ImageObject","inLanguage":"en-GB","@id":"https:\/\/multilog.hu\/#\/schema\/logo\/image\/","url":"https:\/\/multilog.hu\/wp-content\/uploads\/2020\/12\/main_logo.png","contentUrl":"https:\/\/multilog.hu\/wp-content\/uploads\/2020\/12\/main_logo.png","width":1652,"height":757,"caption":"Multilog Kft."},"image":{"@id":"https:\/\/multilog.hu\/#\/schema\/logo\/image\/"}}]}},"_links":{"self":[{"href":"https:\/\/multilog.hu\/en\/wp-json\/wp\/v2\/pages\/1543","targetHints":{"allow":["GET"]}}],"collection":[{"href":"https:\/\/multilog.hu\/en\/wp-json\/wp\/v2\/pages"}],"about":[{"href":"https:\/\/multilog.hu\/en\/wp-json\/wp\/v2\/types\/page"}],"author":[{"embeddable":true,"href":"https:\/\/multilog.hu\/en\/wp-json\/wp\/v2\/users\/1"}],"replies":[{"embeddable":true,"href":"https:\/\/multilog.hu\/en\/wp-json\/wp\/v2\/comments?post=1543"}],"version-history":[{"count":6,"href":"https:\/\/multilog.hu\/en\/wp-json\/wp\/v2\/pages\/1543\/revisions"}],"predecessor-version":[{"id":1598,"href":"https:\/\/multilog.hu\/en\/wp-json\/wp\/v2\/pages\/1543\/revisions\/1598"}],"wp:featuredmedia":[{"embeddable":true,"href":"https:\/\/multilog.hu\/en\/wp-json\/wp\/v2\/media\/1544"}],"wp:attachment":[{"href":"https:\/\/multilog.hu\/en\/wp-json\/wp\/v2\/media?parent=1543"}],"wp:term":[{"taxonomy":"post_tag","embeddable":true,"href":"https:\/\/multilog.hu\/en\/wp-json\/wp\/v2\/tags?post=1543"}],"curies":[{"name":"wp","href":"https:\/\/api.w.org\/{rel}","templated":true}]}}