{"id":1520,"date":"2022-02-05T18:27:28","date_gmt":"2022-02-05T17:27:28","guid":{"rendered":"https:\/\/multilogkft.hu\/?page_id=1520"},"modified":"2022-02-05T18:36:00","modified_gmt":"2022-02-05T17:36:00","slug":"mahart-container-center-kft-2022-terminal-tariff","status":"publish","type":"page","link":"https:\/\/multilog.hu\/en\/terminal-tariff\/mahart-container-center-kft-2022-terminal-tariff\/","title":{"rendered":"MAHART CONTAINER CENTER Kft. - 2022 TERMINAL TARIFF"},"content":{"rendered":"<div \n                class=\"elfsight-widget-pdf-embed elfsight-widget\" \n                data-elfsight-pdf-embed-options=\"%7B%22files%22%3A%5B%7B%22link%22%3A%22https%3A%5C%2F%5C%2Fmultilog.hu%5C%2Fwp-content%5C%2Fuploads%5C%2F2022%5C%2F02%5C%2FMahart-Container-Kft._2022_English.pdf%22%2C%22name%22%3A%22MAHART%20CONTAINER%20CENTER%20Kft.%20-%202022%20TERMINAL%20TARIFF%22%2C%22previewImage%22%3Anull%7D%5D%2C%22widgetTitle%22%3A%22%22%2C%22layout%22%3A%22viewer%22%2C%22showIcon%22%3Atrue%2C%22icon%22%3A%22icon-1%22%2C%22previewImageSize%22%3A30%2C%22showDownloadLink%22%3Atrue%2C%22downloadLinkText%22%3A%22Download%22%2C%22width%22%3A%22100%25%22%2C%22heightFactor%22%3A2%2C%22iconColor%22%3A%22rgb%28222%2C%2043%2C%2051%29%22%2C%22nameColor%22%3A%22rgb%2817%2C%2017%2C%2017%29%22%2C%22downloadColor%22%3A%22rgb%2828%2C%20145%2C%20255%29%22%2C%22backgroundColor%22%3Anull%2C%22fileBackgroundColor%22%3Anull%2C%22widgetTitleColor%22%3A%22rgb%2817%2C%2017%2C%2017%29%22%2C%22nameFontSize%22%3A15%2C%22downloadFontSize%22%3A13%2C%22widgetTitleFontSize%22%3A20%2C%22widgetId%22%3A%229%22%7D\" \n                data-elfsight-pdf-embed-version=\"1.1.1\"\n                data-elfsight-widget-id=\"elfsight-pdf-embed-9\">\n            <\/div>","protected":false},"excerpt":{"rendered":"","protected":false},"author":1,"featured_media":0,"parent":956,"menu_order":0,"comment_status":"closed","ping_status":"closed","template":"","meta":{"footnotes":"","_links_to":"","_links_to_target":""},"tags":[],"class_list":["post-1520","page","type-page","status-publish","hentry"],"yoast_head":"<title>MAHART CONTAINER CENTER Kft. - 2022 TERMINAL TARIFF - Multilog Kft. | V\u00e1m\u00fcgyn\u00f6ks\u00e9g - Import-Export \u00fcgyint\u00e9z\u00e9s<\/title>\n<meta name=\"description\" content=\"Multilog Kft. | V\u00e1m\u00fcgyn\u00f6ks\u00e9g - Import-Export \u00fcgyint\u00e9z\u00e9s\" \/>\n<meta name=\"robots\" content=\"index, follow, max-snippet:-1, max-image-preview:large, max-video-preview:-1\" \/>\n<link rel=\"canonical\" href=\"https:\/\/multilog.hu\/en\/terminal-tariff\/mahart-container-center-kft-2022-terminal-tariff\/?lang=en\" \/>\n<meta property=\"og:locale\" content=\"en_GB\" \/>\n<meta property=\"og:type\" content=\"article\" \/>\n<meta property=\"og:title\" content=\"MAHART CONTAINER CENTER Kft. - 2022 TERMINAL TARIFF - Multilog Kft. | V\u00e1m\u00fcgyn\u00f6ks\u00e9g - Import-Export \u00fcgyint\u00e9z\u00e9s\" \/>\n<meta property=\"og:description\" content=\"Multilog Kft. | V\u00e1m\u00fcgyn\u00f6ks\u00e9g - Import-Export \u00fcgyint\u00e9z\u00e9s\" \/>\n<meta property=\"og:url\" content=\"https:\/\/multilog.hu\/en\/terminal-tariff\/mahart-container-center-kft-2022-terminal-tariff\/?lang=en\" \/>\n<meta property=\"og:site_name\" content=\"Multilog Kft. | V\u00e1m\u00fcgyn\u00f6ks\u00e9g - Import-Export \u00fcgyint\u00e9z\u00e9s\" \/>\n<meta property=\"article:modified_time\" content=\"2022-02-05T17:36:00+00:00\" \/>\n<meta name=\"twitter:card\" content=\"summary_large_image\" \/>\n<meta name=\"twitter:label1\" content=\"Estimated reading time\" \/>\n\t<meta name=\"twitter:data1\" content=\"1 minute\" \/>\n<script type=\"application\/ld+json\" class=\"yoast-schema-graph\">{\"@context\":\"https:\\\/\\\/schema.org\",\"@graph\":[{\"@type\":\"WebPage\",\"@id\":\"https:\\\/\\\/multilog.hu\\\/terminal-tariff\\\/mahart-container-center-kft-2022-terminal-tariff\\\/?lang=en\",\"url\":\"https:\\\/\\\/multilog.hu\\\/terminal-tariff\\\/mahart-container-center-kft-2022-terminal-tariff\\\/?lang=en\",\"name\":\"MAHART CONTAINER CENTER Kft. - 2022 TERMINAL TARIFF - Multilog Kft. | V\u00e1m\u00fcgyn\u00f6ks\u00e9g - Import-Export \u00fcgyint\u00e9z\u00e9s\",\"isPartOf\":{\"@id\":\"https:\\\/\\\/multilog.hu\\\/#website\"},\"datePublished\":\"2022-02-05T17:27:28+00:00\",\"dateModified\":\"2022-02-05T17:36:00+00:00\",\"description\":\"Multilog Kft. | V\u00e1m\u00fcgyn\u00f6ks\u00e9g - Import-Export \u00fcgyint\u00e9z\u00e9s\",\"breadcrumb\":{\"@id\":\"https:\\\/\\\/multilog.hu\\\/terminal-tariff\\\/mahart-container-center-kft-2022-terminal-tariff\\\/?lang=en#breadcrumb\"},\"inLanguage\":\"en-GB\",\"potentialAction\":[{\"@type\":\"ReadAction\",\"target\":[\"https:\\\/\\\/multilog.hu\\\/terminal-tariff\\\/mahart-container-center-kft-2022-terminal-tariff\\\/?lang=en\"]}]},{\"@type\":\"BreadcrumbList\",\"@id\":\"https:\\\/\\\/multilog.hu\\\/terminal-tariff\\\/mahart-container-center-kft-2022-terminal-tariff\\\/?lang=en#breadcrumb\",\"itemListElement\":[{\"@type\":\"ListItem\",\"position\":1,\"name\":\"F\u0151oldal\",\"item\":\"https:\\\/\\\/multilog.hu\\\/fooldal-2\\\/\"},{\"@type\":\"ListItem\",\"position\":2,\"name\":\"Terminal tariff\",\"item\":\"\\\/customswiki-category\\\/terminal-tariff\\\/?lang=en\"},{\"@type\":\"ListItem\",\"position\":3,\"name\":\"MAHART CONTAINER CENTER Kft. &#8211; 2022 TERMINAL TARIFF\"}]},{\"@type\":\"WebSite\",\"@id\":\"https:\\\/\\\/multilog.hu\\\/#website\",\"url\":\"https:\\\/\\\/multilog.hu\\\/\",\"name\":\"Multilog Kft. | V\u00e1m\u00fcgyn\u00f6ks\u00e9g - Import-Export \u00fcgyint\u00e9z\u00e9s\",\"description\":\"A Multilog Kft. 20 \u00e9ves tapasztalattal \u00e9s \u00fajszer\u0171 digit\u00e1lis megold\u00e1sokkal  teszi hat\u00e9konny\u00e1 \u00e9s g\u00f6rd\u00fcl\u00e9kenny\u00e9 a v\u00e1m\u00fcgyint\u00e9z\u00e9st.  K\u00e9rj\u00fck n\u00e9zze meg szolg\u00e1ltat\u00e1sainkat \u00e9s keressen minket bizalommal!\",\"publisher\":{\"@id\":\"https:\\\/\\\/multilog.hu\\\/#organization\"},\"potentialAction\":[{\"@type\":\"SearchAction\",\"target\":{\"@type\":\"EntryPoint\",\"urlTemplate\":\"https:\\\/\\\/multilog.hu\\\/?s={search_term_string}\"},\"query-input\":{\"@type\":\"PropertyValueSpecification\",\"valueRequired\":true,\"valueName\":\"search_term_string\"}}],\"inLanguage\":\"en-GB\"},{\"@type\":\"Organization\",\"@id\":\"https:\\\/\\\/multilog.hu\\\/#organization\",\"name\":\"Multilog Kft.\",\"url\":\"https:\\\/\\\/multilog.hu\\\/\",\"logo\":{\"@type\":\"ImageObject\",\"inLanguage\":\"en-GB\",\"@id\":\"https:\\\/\\\/multilog.hu\\\/#\\\/schema\\\/logo\\\/image\\\/\",\"url\":\"https:\\\/\\\/multilog.hu\\\/wp-content\\\/uploads\\\/2020\\\/12\\\/main_logo.png\",\"contentUrl\":\"https:\\\/\\\/multilog.hu\\\/wp-content\\\/uploads\\\/2020\\\/12\\\/main_logo.png\",\"width\":1652,\"height\":757,\"caption\":\"Multilog Kft.\"},\"image\":{\"@id\":\"https:\\\/\\\/multilog.hu\\\/#\\\/schema\\\/logo\\\/image\\\/\"}}]}<\/script>","yoast_head_json":{"title":"MAHART CONTAINER CENTER Kft. - 2022 TERMINAL TARIFF - Multilog Kft. | V\u00e1m\u00fcgyn\u00f6ks\u00e9g - Import-Export \u00fcgyint\u00e9z\u00e9s","description":"Multilog Kft. | V\u00e1m\u00fcgyn\u00f6ks\u00e9g - Import-Export \u00fcgyint\u00e9z\u00e9s","robots":{"index":"index","follow":"follow","max-snippet":"max-snippet:-1","max-image-preview":"max-image-preview:large","max-video-preview":"max-video-preview:-1"},"canonical":"https:\/\/multilog.hu\/en\/terminal-tariff\/mahart-container-center-kft-2022-terminal-tariff\/?lang=en","og_locale":"en_GB","og_type":"article","og_title":"MAHART CONTAINER CENTER Kft. - 2022 TERMINAL TARIFF - Multilog Kft. | V\u00e1m\u00fcgyn\u00f6ks\u00e9g - Import-Export \u00fcgyint\u00e9z\u00e9s","og_description":"Multilog Kft. | V\u00e1m\u00fcgyn\u00f6ks\u00e9g - Import-Export \u00fcgyint\u00e9z\u00e9s","og_url":"https:\/\/multilog.hu\/en\/terminal-tariff\/mahart-container-center-kft-2022-terminal-tariff\/?lang=en","og_site_name":"Multilog Kft. | V\u00e1m\u00fcgyn\u00f6ks\u00e9g - Import-Export \u00fcgyint\u00e9z\u00e9s","article_modified_time":"2022-02-05T17:36:00+00:00","twitter_card":"summary_large_image","twitter_misc":{"Estimated reading time":"1 minute"},"schema":{"@context":"https:\/\/schema.org","@graph":[{"@type":"WebPage","@id":"https:\/\/multilog.hu\/terminal-tariff\/mahart-container-center-kft-2022-terminal-tariff\/?lang=en","url":"https:\/\/multilog.hu\/terminal-tariff\/mahart-container-center-kft-2022-terminal-tariff\/?lang=en","name":"MAHART CONTAINER CENTER Kft. - 2022 TERMINAL TARIFF - Multilog Kft. | V\u00e1m\u00fcgyn\u00f6ks\u00e9g - Import-Export \u00fcgyint\u00e9z\u00e9s","isPartOf":{"@id":"https:\/\/multilog.hu\/#website"},"datePublished":"2022-02-05T17:27:28+00:00","dateModified":"2022-02-05T17:36:00+00:00","description":"Multilog Kft. | V\u00e1m\u00fcgyn\u00f6ks\u00e9g - Import-Export \u00fcgyint\u00e9z\u00e9s","breadcrumb":{"@id":"https:\/\/multilog.hu\/terminal-tariff\/mahart-container-center-kft-2022-terminal-tariff\/?lang=en#breadcrumb"},"inLanguage":"en-GB","potentialAction":[{"@type":"ReadAction","target":["https:\/\/multilog.hu\/terminal-tariff\/mahart-container-center-kft-2022-terminal-tariff\/?lang=en"]}]},{"@type":"BreadcrumbList","@id":"https:\/\/multilog.hu\/terminal-tariff\/mahart-container-center-kft-2022-terminal-tariff\/?lang=en#breadcrumb","itemListElement":[{"@type":"ListItem","position":1,"name":"F\u0151oldal","item":"https:\/\/multilog.hu\/fooldal-2\/"},{"@type":"ListItem","position":2,"name":"Terminal tariff","item":"\/customswiki-category\/terminal-tariff\/?lang=en"},{"@type":"ListItem","position":3,"name":"MAHART CONTAINER CENTER Kft. &#8211; 2022 TERMINAL TARIFF"}]},{"@type":"WebSite","@id":"https:\/\/multilog.hu\/#website","url":"https:\/\/multilog.hu\/","name":"Multilog Kft. | V\u00e1m\u00fcgyn\u00f6ks\u00e9g - Import-Export \u00fcgyint\u00e9z\u00e9s","description":"A Multilog Kft. 20 \u00e9ves tapasztalattal \u00e9s \u00fajszer\u0171 digit\u00e1lis megold\u00e1sokkal  teszi hat\u00e9konny\u00e1 \u00e9s g\u00f6rd\u00fcl\u00e9kenny\u00e9 a v\u00e1m\u00fcgyint\u00e9z\u00e9st.  K\u00e9rj\u00fck n\u00e9zze meg szolg\u00e1ltat\u00e1sainkat \u00e9s keressen minket bizalommal!","publisher":{"@id":"https:\/\/multilog.hu\/#organization"},"potentialAction":[{"@type":"SearchAction","target":{"@type":"EntryPoint","urlTemplate":"https:\/\/multilog.hu\/?s={search_term_string}"},"query-input":{"@type":"PropertyValueSpecification","valueRequired":true,"valueName":"search_term_string"}}],"inLanguage":"en-GB"},{"@type":"Organization","@id":"https:\/\/multilog.hu\/#organization","name":"Multilog Kft.","url":"https:\/\/multilog.hu\/","logo":{"@type":"ImageObject","inLanguage":"en-GB","@id":"https:\/\/multilog.hu\/#\/schema\/logo\/image\/","url":"https:\/\/multilog.hu\/wp-content\/uploads\/2020\/12\/main_logo.png","contentUrl":"https:\/\/multilog.hu\/wp-content\/uploads\/2020\/12\/main_logo.png","width":1652,"height":757,"caption":"Multilog Kft."},"image":{"@id":"https:\/\/multilog.hu\/#\/schema\/logo\/image\/"}}]}},"_links":{"self":[{"href":"https:\/\/multilog.hu\/en\/wp-json\/wp\/v2\/pages\/1520","targetHints":{"allow":["GET"]}}],"collection":[{"href":"https:\/\/multilog.hu\/en\/wp-json\/wp\/v2\/pages"}],"about":[{"href":"https:\/\/multilog.hu\/en\/wp-json\/wp\/v2\/types\/page"}],"author":[{"embeddable":true,"href":"https:\/\/multilog.hu\/en\/wp-json\/wp\/v2\/users\/1"}],"replies":[{"embeddable":true,"href":"https:\/\/multilog.hu\/en\/wp-json\/wp\/v2\/comments?post=1520"}],"version-history":[{"count":1,"href":"https:\/\/multilog.hu\/en\/wp-json\/wp\/v2\/pages\/1520\/revisions"}],"predecessor-version":[{"id":1528,"href":"https:\/\/multilog.hu\/en\/wp-json\/wp\/v2\/pages\/1520\/revisions\/1528"}],"up":[{"embeddable":true,"href":"https:\/\/multilog.hu\/en\/wp-json\/wp\/v2\/pages\/956"}],"wp:attachment":[{"href":"https:\/\/multilog.hu\/en\/wp-json\/wp\/v2\/media?parent=1520"}],"wp:term":[{"taxonomy":"post_tag","embeddable":true,"href":"https:\/\/multilog.hu\/en\/wp-json\/wp\/v2\/tags?post=1520"}],"curies":[{"name":"wp","href":"https:\/\/api.w.org\/{rel}","templated":true}]}}